{"id":950,"date":"2019-08-08T21:16:03","date_gmt":"2019-08-08T19:16:03","guid":{"rendered":"https:\/\/nonhoff.info\/zeitreich\/?post_type=product&#038;p=950"},"modified":"2026-02-07T16:55:10","modified_gmt":"2026-02-07T15:55:10","slug":"alliterationen","status":"publish","type":"product","link":"https:\/\/www.nonhoff.info\/zeitreich\/https:\/nonhoff.info\/zeitreich\/product\/alliterationen\/","title":{"rendered":"alphabetische Alliterationen-Sammlung von A bis Z"},"content":{"rendered":"<p data-start=\"391\" data-end=\"460\"><strong data-start=\"391\" data-end=\"458\">Alliterationen von A bis Z \u2013 ein Fest f\u00fcr Sprachliebhaber:innen<\/strong><\/p>\n<p data-start=\"468\" data-end=\"776\">Ein besonders sch\u00f6n gestaltetes Buch mit Alliterationen von A bis Z:<br data-start=\"536\" data-end=\"539\" \/>In 26 Kapiteln \u2013 von A bis Z \u2013 findest du S\u00e4tze, in denen alle W\u00f6rter mit demselben Anfangsbuchstaben beginnen. Jedes Kapitel tr\u00e4gt einen Buchstaben des Alphabets und versammelt witzige, absurde und \u00fcberraschend poetische Wortketten.<\/p>\n<p data-start=\"784\" data-end=\"987\"><strong data-start=\"784\" data-end=\"798\">Beispiele:<\/strong><br data-start=\"798\" data-end=\"801\" \/>\u2013 \u201eAcht Ameisen ahnen anfliegende Amseln am Abendhimmel.\u201c<br data-start=\"860\" data-end=\"863\" \/>\u2013 \u201eKunstvolle Kr\u00e4merseelen kreieren komische Kalauer, kaufen kommerzielle K\u00fche und kalkulieren kleine Kreis-Konstanten.\u201c<\/p>\n<p data-start=\"995\" data-end=\"1223\">Dieses Buch ist ein spielerischer Lesegenuss f\u00fcr Jung und Alt \u2013 zum Schmunzeln, Staunen und Vorlesen. Es eignet sich f\u00fcr Sprachliebhaber:innen, Lehrer:innen, Kreative, f\u00fcr den Schreibtisch, die Schultasche oder den Nachttisch.<\/p>\n<p data-start=\"1231\" data-end=\"1463\"><strong data-start=\"1231\" data-end=\"1253\">F\u00fcr dich, wenn du\u2026<\/strong><br data-start=\"1253\" data-end=\"1256\" \/>\u2013 Freude an Sprache, Klang und Wortwitz hast,<br data-start=\"1303\" data-end=\"1306\" \/>\u2013 dir frische Ideen f\u00fcr Unterricht, Lesungen oder Sprachspiele w\u00fcnschst,<br data-start=\"1380\" data-end=\"1383\" \/>\u2013 ein au\u00dfergew\u00f6hnliches Geschenk f\u00fcr Menschen suchst, die Buchstaben lieben.<\/p>\n<p data-start=\"1471\" data-end=\"1679\">\u201eAlliterationen von A bis Z\u201c ist die sinnlichste Satz-Sammlung seit \u201eSieben Stunden\u201c \u2013 ein kleines Meisterst\u00fcck der Sprachlust.<br data-start=\"1598\" data-end=\"1601\" \/>Auf Wunsch erh\u00e4ltst du dein Exemplar signiert oder mit pers\u00f6nlicher Widmung.<\/p>\n<p data-start=\"1681\" data-end=\"1783\">hier im Shop 2025 noch f\u00fcr einen Sonderpreis erh\u00f6ltlich.<\/p>\n<p data-start=\"333\" data-end=\"404\"><strong data-start=\"333\" data-end=\"402\">Punkt \u2013 Fabel &amp; Alliterationen von A bis Z (zwei B\u00fccher in einem)<\/strong><\/p>\n<p data-start=\"406\" data-end=\"578\">Dieses Buch ist eigentlich zwei B\u00fccher auf einmal \u2013 ein Wendebuch:<br data-start=\"472\" data-end=\"475\" \/>Von der einen Seite liest du die Fabel <strong data-start=\"514\" data-end=\"525\">\u201ePunkt\u201c<\/strong>, von der anderen die <strong data-start=\"547\" data-end=\"577\">Alliterationen von A bis Z<\/strong>.<\/p>\n<p style=\"text-align: center;\"><strong>Lass Deiner Freiheit ihren Raum.<\/strong><br \/>\n<strong>Denn ist der Anfang erst gemacht,<\/strong><br \/>\n<strong>dann ist das Ende schon voll Pracht.<\/strong><\/p>\n<p>&nbsp;<\/p>\n<p>&nbsp;<\/p>\n<p>&nbsp;<\/p>\n<div style=\"all: initial !important;\"><\/div>\n<div style=\"all: initial !important;\"><\/div>\n<div style=\"all: initial !important;\"><\/div>\n","protected":false},"excerpt":{"rendered":"<p>Ein liebevoll gestaltetes Buch voller Alliterationen von A bis Z:<br data-start=\"1911\" data-end=\"1914\" \/>26 Kapitel, in denen alle W\u00f6rter mit demselben Anfangsbuchstaben beginnen \u2013 witzig, klangvoll und \u00fcberraschend poetisch.<br data-start=\"2036\" data-end=\"2039\" \/>Ein Fest f\u00fcr Sprachliebhaber:innen und ein originelles Geschenk f\u00fcr Menschen, die W\u00f6rter wirklich m\u00f6gen.<\/p>\n<div style=\"all: initial !important;\"><\/div>\n<div style=\"all: initial !important;\"><\/div>\n<div style=\"all: initial !important;\"><\/div>\n","protected":false},"featured_media":783,"comment_status":"closed","ping_status":"closed","template":"","meta":[],"product_brand":[],"product_cat":[84],"product_tag":[150,118,151,129],"class_list":{"0":"post-950","1":"product","2":"type-product","3":"status-publish","4":"has-post-thumbnail","6":"product_cat-unkategorisiert","7":"product_tag-alliteration","8":"product_tag-buch","9":"product_tag-humor","10":"product_tag-sprache","12":"first","13":"instock","14":"taxable","15":"shipping-taxable","16":"purchasable","17":"product-type-simple"},"_links":{"self":[{"href":"https:\/\/www.nonhoff.info\/zeitreich\/wp-json\/wp\/v2\/product\/950","targetHints":{"allow":["GET"]}}],"collection":[{"href":"https:\/\/www.nonhoff.info\/zeitreich\/wp-json\/wp\/v2\/product"}],"about":[{"href":"https:\/\/www.nonhoff.info\/zeitreich\/wp-json\/wp\/v2\/types\/product"}],"replies":[{"embeddable":true,"href":"https:\/\/www.nonhoff.info\/zeitreich\/wp-json\/wp\/v2\/comments?post=950"}],"wp:featuredmedia":[{"embeddable":true,"href":"https:\/\/www.nonhoff.info\/zeitreich\/wp-json\/wp\/v2\/media\/783"}],"wp:attachment":[{"href":"https:\/\/www.nonhoff.info\/zeitreich\/wp-json\/wp\/v2\/media?parent=950"}],"wp:term":[{"taxonomy":"product_brand","embeddable":true,"href":"https:\/\/www.nonhoff.info\/zeitreich\/wp-json\/wp\/v2\/product_brand?post=950"},{"taxonomy":"product_cat","embeddable":true,"href":"https:\/\/www.nonhoff.info\/zeitreich\/wp-json\/wp\/v2\/product_cat?post=950"},{"taxonomy":"product_tag","embeddable":true,"href":"https:\/\/www.nonhoff.info\/zeitreich\/wp-json\/wp\/v2\/product_tag?post=950"}],"curies":[{"name":"wp","href":"https:\/\/api.w.org\/{rel}","templated":true}]}}