{"id":806,"date":"2018-07-22T22:55:21","date_gmt":"2018-07-22T20:55:21","guid":{"rendered":"https:\/\/nonhoff.info\/zeitreich\/?post_type=product&#038;p=806"},"modified":"2023-04-16T10:26:42","modified_gmt":"2023-04-16T08:26:42","slug":"alliterationen-2","status":"publish","type":"product","link":"https:\/\/www.nonhoff.info\/zeitreich\/https:\/nonhoff.info\/zeitreich\/product\/alliterationen-2\/","title":{"rendered":"Die sch\u00f6nste Alliterationen-Sammlung von A bis Z seit langem &#8211; als Ebook"},"content":{"rendered":"<p>In diesem Buch fangen alle W\u00f6rter eines Satzes mit demselben Anfangsbuchstaben an. Und dieses Buch hat 26 Kapitel, eines f\u00fcr jeden Buchstaben des Alphabetes.<\/p>\n<blockquote><p><strong>Acht Ameisen ahnen anfliegende Amseln am Abendhimmel<\/strong>.<\/p>\n<p><strong>Kunstvolle Kr\u00e4merseelen konnten komische Kalauer kreieren Komma (,) kommerzielle K\u00fche kaufen krass kalkulierte kleine Kreis-Konstanten.<\/strong><\/p><\/blockquote>\n<p>Ein kurzweiliges Buch f\u00fcr Jung und Alt.<\/p>\n<h1>Die aktuelle Alliterationen-Sammelausgabe<\/h1>\n<p>Eine der umfangreichsten Sammlung von Alliterationen kommt zusammen mit der Geschichte vom Punkt, der genau durch dieses Buch wandert.<\/p>\n<p>Herzlich willkommen auf der Webseite f\u00fcr das Buch &#8220;Zahnlose Zeilen von Alpfa Beet und Zeet&#8221;. Hier finden Sie die unterhaltsamste Alliterationensammlung, die Sie je gesehen haben!<\/p>\n<p>Unser Buch enth\u00e4lt eine F\u00fclle von Alliterationen, die nicht nur f\u00fcr Liebhaber der Sprache, sondern f\u00fcr alle, die gerne schmunzeln und sich unterhalten lassen, geeignet sind. Von Alpfa Beet bis Zeet haben wir alle m\u00f6glichen W\u00f6rter verwendet, um die lustigsten und kreativsten S\u00e4tze zu kreieren.<\/p>\n<p>Durchsuchen Sie unser Buch und lassen Sie sich von der Sch\u00f6nheit und der Kraft der Alliteration verzaubern. Wir haben uns bem\u00fcht, die Texte so lesbar wie m\u00f6glich zu gestalten und dabei auch darauf geachtet, dass sie f\u00fcr Suchmaschinen optimiert sind. Dadurch wird unsere Webseite f\u00fcr all jene sichtbar, die nach den besten Alliterationen im Internet suchen.<\/p>\n<p>Das Buch &#8220;Zahnlose Zeilen von Alpfa Beet und Zeet&#8221; ist ein Muss f\u00fcr alle, die Sprache lieben und gerne lachen. Bestellen Sie jetzt und lassen Sie sich von unseren Alliterationen in den Bann ziehen!<\/p>\n<h5>sinnlichste Satz-Sammlung seit Sieben Stunden.<\/h5>\n<h5>F\u00fcr jeden Leser eine lustvolle Lieblingsalliteration<\/h5>\n<p>Es hat 26 Kapitel und in jedem Kapitel stehen kurze am\u00fcsante S\u00e4tze. So b<em>ibbert Brigittes Busen bedrohlich, bemerkt Bernd<\/em> oder im Kapitel K erf\u00e4hrt der Leser, dass k<em>ein Kraut Kasachstans Kathrins Keuchhusten kurieren konnte.<\/em><\/p>\n<p>&nbsp;<\/p>\n<p>Ein besonders sch\u00f6n gestaltetes Buch mit Alliterationen von A bis Z. In jedem Kapitel finden Sie S\u00e4tze, dessen W\u00f6rter mit demselben Anfangsbuchstaben beginnen. Die Kapitel, in dem mehr als 52 Seiten umfassenden Buch, sind mit den Buchstaben des Alphabets betitelt.<\/p>\n<p>Dieses Buch ist ein Fest f\u00fcr Sprachliebhaber! Jeder Satz beginnt mit demselben Anfangsbuchstaben und f\u00fchrt zu witzigen Wortkreationen und am\u00fcsanten Alliterationen. Mit 26 Kapiteln, eines f\u00fcr jeden Buchstaben des Alphabetes, ist dieses Buch ein Lesegenuss f\u00fcr Jung und Alt.<\/p>\n<p>Beispiele:<\/p>\n<ul>\n<li>Acht Ameisen ahnen anfliegende Amseln am Abendhimmel.<\/li>\n<li>Kunstvolle Kr\u00e4merseelen kreieren komische Kalauer, kaufen kommerzielle K\u00fche und kalkulieren kleine Kreis-Konstanten.<\/li>\n<li>Von bibbernden Br\u00fcsten bis hin zu kuriosen Krankheiten &#8211; dieses Buch bringt Sie zum Schmunzeln und Staunen!<\/li>\n<\/ul>\n<p>Erleben Sie die sinnlichste Satz-Sammlung seit Sieben Stunden und entdecken Sie in jedem Kapitel eine neue Lieblingsalliteration. Sichern Sie sich jetzt die Alliterationen-Aktionsausgabe und tauchen Sie ein in eine Welt voller sprachlicher Wunder!<\/p>\n<p>&nbsp;<\/p>\n<p><strong><br \/>\n<\/strong><a href=\"https:\/\/nonhoff.info\/zeitreich\/wp-content\/uploads\/2018\/07\/IMG_3270.jpg\"><img loading=\"lazy\" decoding=\"async\" class=\"size-full wp-image-783 aligncenter\" src=\"https:\/\/nonhoff.info\/zeitreich\/wp-content\/uploads\/2018\/07\/IMG_3270.jpg\" alt=\"\" width=\"527\" height=\"464\" srcset=\"https:\/\/www.nonhoff.info\/zeitreich\/wp-content\/uploads\/2018\/07\/IMG_3270.jpg 527w, https:\/\/www.nonhoff.info\/zeitreich\/wp-content\/uploads\/2018\/07\/IMG_3270-300x264.jpg 300w, https:\/\/www.nonhoff.info\/zeitreich\/wp-content\/uploads\/2018\/07\/IMG_3270-520x458.jpg 520w\" sizes=\"auto, (max-width: 527px) 100vw, 527px\" \/><\/a><\/p>\n<p>&nbsp;<\/p>\n<p>Titel: &#8220;Die Alliterationen &#8211; Eine Geschichte vom Punkt&#8221;<\/p>\n<p>Entdecken Sie die faszinierende Welt der Alliterationen und begleiten Sie den jungen Punkt auf seiner Reise in die Freiheit. Geschrieben von Bj\u00f6rn Nonhoff, erz\u00e4hlt dieses Buch eine spannende Geschichte, die mit witzigen und kreativen Alliterationen gespickt ist.<\/p>\n<p>&#8220;Finden Sie Ihren Klang und leben Sie Ihren Traum. Lassen Sie Ihrer Freiheit Raum und entdecken Sie die Sch\u00f6nheit der Sprache.&#8221;<\/p>\n<p>Tauchen Sie ein in eine schwarz-wei\u00dfe Buchstaben-Welt und erleben Sie, wie der junge Punkt seiner Sehnsucht nach Freiheit folgt. Die Geschichte endet in einem triumphalen Finale, das Sie begeistern wird.<\/p>\n<p>Sichern Sie sich jetzt Ihr Exemplar dieses Meisterwerks der Sprachkunst f\u00fcr nur 10 Euro. Auf Wunsch erhalten Sie eine Signatur oder Widmung vom Autor. Machen Sie sich bereit f\u00fcr eine fesselnde Lekt\u00fcre, die Ihre Fantasie befl\u00fcgelt und Ihre Sinne verzaubert. Bestellen Sie jetzt!<\/p>\n<p style=\"text-align: center;\"><strong>Find Deinen Klang, leb Deinen Traum.<\/strong><br \/>\n<strong>Lass Deiner Freiheit ihren Raum.<\/strong><br \/>\n<strong>Denn ist der Anfang erst gemacht,<\/strong><br \/>\n<strong>dann ist das Ende schon voll Pracht.<\/strong><\/p>\n<div class=\"flex-1 overflow-hidden\">\n<div class=\"react-scroll-to-bottom--css-qamuz-79elbk h-full dark:bg-gray-800\">\n<div class=\"react-scroll-to-bottom--css-qamuz-1n7m0yu\">\n<div class=\"flex flex-col items-center text-sm dark:bg-gray-800\">\n<div class=\"group w-full text-gray-800 dark:text-gray-100 border-b border-black\/10 dark:border-gray-900\/50 bg-gray-50 dark:bg-[#444654]\">\n<div class=\"text-base gap-4 md:gap-6 md:max-w-2xl lg:max-w-2xl xl:max-w-3xl p-4 md:py-6 flex lg:px-0 m-auto\">\n<div class=\"relative flex w-[calc(100%-50px)] flex-col gap-1 md:gap-3 lg:w-[calc(100%-115px)]\">\n<div class=\"flex flex-grow flex-col gap-3\">\n<div class=\"min-h-[20px] flex flex-col items-start gap-4 whitespace-pre-wrap\">\n<div class=\"markdown prose w-full break-words dark:prose-invert light\">\n<p>Erleben Sie die Faszination der Alliterationen in diesem einzigartigen Buch! Jeder Satz beginnt mit demselben Buchstaben und f\u00fchrt zu witzigen und kreativen Wortkombinationen, die Ihnen ein L\u00e4cheln aufs Gesicht zaubern werden. Mit seiner spannenden Geschichte und der meisterhaften Verwendung der Alliterationen ist dieses Buch ein Muss f\u00fcr alle Sprachliebhaber und Wortspiel-Enthusiasten. Lassen Sie sich von der Faszination der Alliterationen verzaubern und entdecken Sie eine Welt voller sprachlicher Wunder. Bestellen Sie jetzt und erleben Sie, wie Worte zu einem wahren Kunstwerk werden!<\/p>\n<\/div>\n<\/div>\n<\/div>\n<div class=\"flex justify-between\">\n<div class=\"text-gray-400 flex self-end lg:self-center justify-center mt-2 gap-3 md:gap-4 lg:gap-1 lg:absolute lg:top-0 lg:translate-x-full lg:right-0 lg:mt-0 lg:pl-2 visible\"><\/div>\n<\/div>\n<\/div>\n<\/div>\n<\/div>\n<div class=\"w-full h-32 md:h-48 flex-shrink-0\"><\/div>\n<\/div>\n<p>&nbsp;<\/p>\n<\/div>\n<\/div>\n<\/div>\n<div class=\"absolute bottom-0 left-0 w-full border-t md:border-t-0 dark:border-white\/20 md:border-transparent md:dark:border-transparent md:bg-vert-light-gradient bg-white dark:bg-gray-800 md:!bg-transparent dark:md:bg-vert-dark-gradient pt-2\">\n<form class=\"stretch mx-2 flex flex-row gap-3 last:mb-2 md:mx-4 md:last:mb-6 lg:mx-auto lg:max-w-3xl\">\n<div class=\"relative flex h-full flex-1 md:flex-col\">\n<div class=\"flex ml-1 md:w-full md:m-auto md:mb-2 gap-0 md:gap-2 justify-center\"><\/div>\n<\/div>\n<\/form>\n<\/div>\n<p>Als begeisterter Leser von B\u00fcchern mit Wortspielen und kreativen Sprachfiguren wurde ich von dieser Alliterationensammlung nicht entt\u00e4uscht. Die Autorin\/der Autor hat mit seiner\/ihrer unglaublichen Kreativit\u00e4t und Wortgewandtheit eine Geschichte erz\u00e4hlt, die von Anfang bis Ende mit alliterativen Wendungen und witzigen Wortkombinationen gespickt ist.<\/p>\n<p>Jeder Satz in diesem Buch ist ein Kunstwerk der Sprachkunst und eine Freude f\u00fcr die Sinne. Die Geschichte des jungen Punktes, der seiner Sehnsucht nach Freiheit folgt, ist meisterhaft in eine alliterative Erz\u00e4hlung verpackt. Der Leser wird in eine Welt voller sprachlicher Wunder entf\u00fchrt und kann sich von der Faszination der Alliterationen verzaubern lassen.<\/p>\n<p>Als Aufruf an alle Fans von Wortspielen und Sprachkunst, m\u00f6chte ich dazu ermutigen, selbst sch\u00f6ne Alliterationen zu schicken. Lassen Sie sich von diesem Buch inspirieren und zeigen Sie uns Ihre eigenen kreativen Wortkombinationen!<\/p>\n<p>Insgesamt ist diese Alliterationensammlung eine Meisterleistung der Sprachkunst, die jeden Liebhaber von Wortspielen und Sprachfiguren begeistern wird. Ich kann dieses Buch uneingeschr\u00e4nkt empfehlen und freue mich darauf, mehr von diesem Autor zu lesen.<\/p>\n<p>In der 2ten Auflage des Buches kommen Alliterationen von Chat GPT mit dazu.<\/p>\n<ul>\n<li>Amelie a\u00df alle \u00c4pfel aus Apfelschalen.<\/li>\n<li>Arthur achtete auf arglose Ameisen auf dem Asphalt.<\/li>\n<li>Anna Albatros a\u00df am Abend Apfelmus auf dem Altar.<\/li>\n<li>Alwin Angler angelt am Amazonas Angeln.<\/li>\n<li>Adelheid Adler a\u00df aufregende Ameisensuppe.<\/li>\n<li>Andreas Apfel a\u00df am Arbeitsplatz Aprikosen.<\/li>\n<li>Annas Affe \u00e4rgert alte Amphibien am Abend.<\/li>\n<li>Agnes und August a\u00dfen apfelsauren Apfelstrudel.<\/li>\n<li>Antonia allein auf einer Alm a\u00df alle Abendbrote.<\/li>\n<li>Albert und Alfred a\u00dfen Ananas auf einem antiken Amphitheater.<\/li>\n<\/ul>\n<p>Sichern sie sich jetzt ihr pers\u00f6nliches Exemplar.<\/p>\n<ul>\n<li>Boris Biber biss b\u00f6sartig bittere Birnen.<\/li>\n<li>Berta B\u00e4r badete begeistert bei blauem Himmel im Bach.<\/li>\n<li>Balthasar Bagger baute bl\u00fchende Blumenbeete.<\/li>\n<li>Benno B\u00e4r bellte bis der Baum barst.<\/li>\n<li>Bianca Bienenstock bastelte blitzschnell bunte B\u00e4nder.<\/li>\n<li>Bruno B\u00e4r brummte br\u00fcllend beim Bierbrauen.<\/li>\n<li>Bettina Bl\u00fctenpracht betrank sich blitzschnell mit Bier.<\/li>\n<li>Bella Biber biss bunt bemalte Buntstifte.<\/li>\n<li>Bernd und Britta bauten begeistert bunte Butterbrotdosen.<\/li>\n<li>B\u00e4rbel Biber blickte bek\u00fcmmert beim Blick auf die Baumwipfel.<\/li>\n<\/ul>\n<p>&nbsp;<\/p>\n<p><em>\u00a0<\/em><\/p>\n<p>&nbsp;<\/p>\n","protected":false},"excerpt":{"rendered":"<p>In diesem kurzweiligen E-Book mit Alliterationen fangen alle W\u00f6rter eines Satzes mit demselben Anfangsbuchstaben an.\u00a0 Die Alliterationensammlung &#8211; der perfekte Platz f\u00fcr poetische Poesie und pr\u00e4gnante Prosa mit perfekter Alliteration!<\/p>\n<p>Acht Ameisen ahnen anfliegende Amseln am Abendhimmel.<br \/>\nKein Kaffetalismus kompensiert k\u00fcnstliches Kunst Koma.<\/p>\n<p>&nbsp;<\/p>\n","protected":false},"featured_media":807,"comment_status":"closed","ping_status":"closed","template":"","meta":[],"product_brand":[],"product_cat":[126,52,63,64,116,115],"product_tag":[127,194,124,38,193,196,119,195,197],"class_list":{"0":"post-806","1":"product","2":"type-product","3":"status-publish","4":"has-post-thumbnail","6":"product_cat-abc","7":"product_cat-art","8":"product_cat-book","9":"product_cat-ebook","10":"product_cat-kunstbuch","11":"product_cat-punkt","12":"product_tag-abc","13":"product_tag-alliterationen","14":"product_tag-anfangsbuchstaben","15":"product_tag-ebook","16":"product_tag-lieblingsbuch","17":"product_tag-lustig","18":"product_tag-punkt","19":"product_tag-sammlung","20":"product_tag-sprueche","22":"first","23":"instock","24":"sale","25":"downloadable","26":"virtual","27":"taxable","28":"purchasable","29":"product-type-simple"},"_links":{"self":[{"href":"https:\/\/www.nonhoff.info\/zeitreich\/wp-json\/wp\/v2\/product\/806","targetHints":{"allow":["GET"]}}],"collection":[{"href":"https:\/\/www.nonhoff.info\/zeitreich\/wp-json\/wp\/v2\/product"}],"about":[{"href":"https:\/\/www.nonhoff.info\/zeitreich\/wp-json\/wp\/v2\/types\/product"}],"replies":[{"embeddable":true,"href":"https:\/\/www.nonhoff.info\/zeitreich\/wp-json\/wp\/v2\/comments?post=806"}],"wp:featuredmedia":[{"embeddable":true,"href":"https:\/\/www.nonhoff.info\/zeitreich\/wp-json\/wp\/v2\/media\/807"}],"wp:attachment":[{"href":"https:\/\/www.nonhoff.info\/zeitreich\/wp-json\/wp\/v2\/media?parent=806"}],"wp:term":[{"taxonomy":"product_brand","embeddable":true,"href":"https:\/\/www.nonhoff.info\/zeitreich\/wp-json\/wp\/v2\/product_brand?post=806"},{"taxonomy":"product_cat","embeddable":true,"href":"https:\/\/www.nonhoff.info\/zeitreich\/wp-json\/wp\/v2\/product_cat?post=806"},{"taxonomy":"product_tag","embeddable":true,"href":"https:\/\/www.nonhoff.info\/zeitreich\/wp-json\/wp\/v2\/product_tag?post=806"}],"curies":[{"name":"wp","href":"https:\/\/api.w.org\/{rel}","templated":true}]}}