{"id":782,"date":"2018-07-11T20:24:21","date_gmt":"2018-07-11T18:24:21","guid":{"rendered":"https:\/\/nonhoff.info\/zeitreich\/?post_type=product&#038;p=782"},"modified":"2025-12-02T20:34:38","modified_gmt":"2025-12-02T19:34:38","slug":"punkt","status":"publish","type":"product","link":"https:\/\/www.nonhoff.info\/zeitreich\/https:\/nonhoff.info\/zeitreich\/product\/punkt\/","title":{"rendered":"Punkt &#8211; Die Geschichte von einem Punkt, der auszieht, um die Freiheit zu finden."},"content":{"rendered":"<p data-start=\"375\" data-end=\"479\"><strong data-start=\"375\" data-end=\"407\">Punkt \u2013 zwei B\u00fccher in einem<\/strong><br data-start=\"407\" data-end=\"410\" \/><em data-start=\"412\" data-end=\"477\">Eine feine Fabel \u00fcber Freiheit, Sprache und die Lust an Zeichen<\/em><\/p>\n<p data-start=\"487\" data-end=\"657\">Was ist der Sinn des Lebens?<br data-start=\"515\" data-end=\"518\" \/>Was machen Punkte, wenn niemand in ein Buch blickt?<br data-start=\"571\" data-end=\"574\" \/>Wie entsteht ein Strichpunkt \u2013 und warum ist das Ausrufezeichen so anstrengend?<\/p>\n<p data-start=\"665\" data-end=\"998\">In <strong data-start=\"668\" data-end=\"679\">\u201ePunkt\u201c<\/strong> erweckt Bj\u00f6rn Nonhoff die Welt der Satzzeichen und Buchstaben zum Leben.<br data-start=\"752\" data-end=\"755\" \/>Ein kleiner Punkt hat genug davon, immer nur am Ende zu stehen \u2013 er zieht los, um die Freiheit zu finden, stolpert \u00fcber ein arrogantes Ausrufezeichen, Teilzeitjobs als Doppelpunkt und am Ende hinaus in eine \u201erunde Welt\u201c jenseits der S\u00e4tze.<\/p>\n<p data-start=\"1006\" data-end=\"1174\">Die S\u00fcddeutsche Zeitung nennt das Buch \u201eeine feine Fabel\u201c \u2013 ein Ausflug in die zum Leben erweckte Welt der Zeichen, mit viel Humor, Leichtigkeit und stiller Weisheit.<\/p>\n<p data-start=\"1182\" data-end=\"1433\"><strong data-start=\"1182\" data-end=\"1207\">Zwei B\u00fccher in einem:<\/strong><br data-start=\"1207\" data-end=\"1210\" \/>\u2013 die Fabel <strong data-start=\"1224\" data-end=\"1235\">\u201ePunkt\u201c<\/strong> \u00fcber einen Punkt auf der Suche nach Freiheit und einer eigenen Aufgabe im Leben<br data-start=\"1315\" data-end=\"1318\" \/>\u2013 und eine alphabetische Alliterations-Sammlung \u2013 wilde, verspielte S\u00e4tze von A bis Z f\u00fcr Sprachliebhaber:innen<\/p>\n<p data-start=\"1441\" data-end=\"1698\"><strong data-start=\"1441\" data-end=\"1463\">F\u00fcr dich, wenn du\u2026<\/strong><br data-start=\"1463\" data-end=\"1466\" \/>\u2013 Sprache liebst und gern zwischen den Zeilen unterwegs bist,<br data-start=\"1529\" data-end=\"1532\" \/>\u2013 Spa\u00df hast an Wortspielen, Typografie und feinem Humor,<br data-start=\"1590\" data-end=\"1593\" \/>\u2013 ein besonderes Geschenk f\u00fcr kreative Menschen, Designer:innen, Leseratten oder Lehrer:innen suchst.<\/p>\n<p data-start=\"1706\" data-end=\"1934\">Das Buch umfasst ca. 52 Seiten im handlichen Format, mit Illustrationen der Designerin <strong data-start=\"1793\" data-end=\"1806\">Lucia Ott<\/strong>, die Nonhoffs \u201ePunkt\u201c-Welt grafisch zum Leuchten bringt.<br data-start=\"1863\" data-end=\"1866\" \/>Ein kleines, eigenwilliges Buch \u2013 mehr Erlebnis als blo\u00dfe Lekt\u00fcre.<\/p>\n<p data-start=\"1936\" data-end=\"2059\"><br data-start=\"1994\" data-end=\"1997\" \/>\u201eAuf Wunsch signiert und mit pers\u00f6nlicher Widmung erh\u00e4ltlich.\u201c &#8211; Nur in 2025 noch zum Angebotspreis von 9 Euro.<\/p>\n<div style=\"all: initial !important;\"><\/div>\n","protected":false},"excerpt":{"rendered":"<p><strong data-start=\"2129\" data-end=\"2138\">Punkt<\/strong> ist eine humorvolle Fabel \u00fcber einen Punkt, der nicht l\u00e4nger nur am Ende von S\u00e4tzen stehen will, sondern mitten im Leben.<br data-start=\"2260\" data-end=\"2263\" \/>Dazu gibt es eine zweite Geschichte im gleichen Buch: eine verspielte Alliterations-Sammlung von A bis Z. Ein besonderes Buch f\u00fcr Menschen, die Sprache, Typografie und feinen Humor lieben.<\/p>\n<div style=\"all: initial !important;\"><\/div>\n","protected":false},"featured_media":1090,"comment_status":"closed","ping_status":"closed","template":"","meta":[],"product_brand":[],"product_cat":[52,63,114,117,134,133,116,115],"product_tag":[124,118,123,132,130,120,121,45,55,131,119,122,129],"class_list":{"0":"post-782","1":"product","2":"type-product","3":"status-publish","4":"has-post-thumbnail","6":"product_cat-art","7":"product_cat-book","8":"product_cat-buch","9":"product_cat-designbuch","10":"product_cat-freiheit","11":"product_cat-geschichten","12":"product_cat-kunstbuch","13":"product_cat-punkt","14":"product_tag-anfangsbuchstaben","15":"product_tag-buch","16":"product_tag-design","17":"product_tag-freiheit","18":"product_tag-geschenk","19":"product_tag-geschichte","20":"product_tag-jugendbuch","21":"product_tag-kinderbuch","22":"product_tag-kunst","23":"product_tag-leben","24":"product_tag-punkt","25":"product_tag-satzzeichen","26":"product_tag-sprache","28":"first","29":"instock","30":"sale","31":"taxable","32":"shipping-taxable","33":"purchasable","34":"product-type-simple"},"_links":{"self":[{"href":"https:\/\/www.nonhoff.info\/zeitreich\/wp-json\/wp\/v2\/product\/782","targetHints":{"allow":["GET"]}}],"collection":[{"href":"https:\/\/www.nonhoff.info\/zeitreich\/wp-json\/wp\/v2\/product"}],"about":[{"href":"https:\/\/www.nonhoff.info\/zeitreich\/wp-json\/wp\/v2\/types\/product"}],"replies":[{"embeddable":true,"href":"https:\/\/www.nonhoff.info\/zeitreich\/wp-json\/wp\/v2\/comments?post=782"}],"wp:featuredmedia":[{"embeddable":true,"href":"https:\/\/www.nonhoff.info\/zeitreich\/wp-json\/wp\/v2\/media\/1090"}],"wp:attachment":[{"href":"https:\/\/www.nonhoff.info\/zeitreich\/wp-json\/wp\/v2\/media?parent=782"}],"wp:term":[{"taxonomy":"product_brand","embeddable":true,"href":"https:\/\/www.nonhoff.info\/zeitreich\/wp-json\/wp\/v2\/product_brand?post=782"},{"taxonomy":"product_cat","embeddable":true,"href":"https:\/\/www.nonhoff.info\/zeitreich\/wp-json\/wp\/v2\/product_cat?post=782"},{"taxonomy":"product_tag","embeddable":true,"href":"https:\/\/www.nonhoff.info\/zeitreich\/wp-json\/wp\/v2\/product_tag?post=782"}],"curies":[{"name":"wp","href":"https:\/\/api.w.org\/{rel}","templated":true}]}}