{"id":2652,"date":"2025-09-25T10:31:10","date_gmt":"2025-09-25T08:31:10","guid":{"rendered":"https:\/\/nonhoff.info\/zeitreich\/?post_type=product&#038;p=2652"},"modified":"2026-01-01T02:02:38","modified_gmt":"2026-01-01T01:02:38","slug":"komm-mir-nicht-zu-nah-gedichte-und-gemaltes","status":"publish","type":"product","link":"https:\/\/www.nonhoff.info\/zeitreich\/https:\/nonhoff.info\/zeitreich\/product\/komm-mir-nicht-zu-nah-gedichte-und-gemaltes\/","title":{"rendered":"Komm mir nicht zu nah &#8211; Gedichte und Gemaltes"},"content":{"rendered":"<h2 data-start=\"682\" data-end=\"731\"><strong data-start=\"682\" data-end=\"731\">Komm mir nicht zu nah \u2013 Gedichte und Gemaltes<\/strong><\/h2>\n<p data-start=\"733\" data-end=\"1013\">Ein Gedichtband \u00fcber N\u00e4he und Distanz, Liebe und Abschied, Tod, Traurigkeit und das leise Wiederentdecken der Zeit.<br data-start=\"848\" data-end=\"851\" \/>Jedes Gedicht ist wie ein kleines T\u00fcrchen: ein Moment, in dem sich etwas in dir bewegt \u2013 begleitet von Aquarellen und Bildern aus dem Zeitreich von Bj\u00f6rn Nonhoff.<\/p>\n<p data-start=\"1015\" data-end=\"1264\"><strong data-start=\"1015\" data-end=\"1037\">F\u00fcr dich, wenn du\u2026<\/strong><br data-start=\"1037\" data-end=\"1040\" \/>\u2013 empfindsam bist und Worte suchst f\u00fcr das, was schwer zu sagen ist,<br data-start=\"1108\" data-end=\"1111\" \/>\u2013 Beziehungen lebst, in denen N\u00e4he manchmal sch\u00f6n und manchmal zu viel ist,<br data-start=\"1186\" data-end=\"1189\" \/>\u2013 ein Geschenk suchst, das pers\u00f6nlicher ist als Blumen \u2013 und l\u00e4nger bleibt.<\/p>\n<p data-start=\"1266\" data-end=\"1453\">Der Band ist liebevoll gestaltet, mit Bildern und Aquarellen von Bj\u00f6rn Nonhoff \u2013 ein Buch zum Wiederlesen, Verschenken und Liegenlassen an Orten, an denen du dir selbst nah kommen willst.<\/p>\n<p data-start=\"1455\" data-end=\"1687\">Das Buch umfasst 160 Seiten, ist im Format DIN A5 und kostet regul\u00e4r bei Amazon 19,25 \u20ac.<br data-start=\"1543\" data-end=\"1546\" \/><strong data-start=\"1546\" data-end=\"1635\">Hier erh\u00e4ltst du 2025 die Ausgabe in der Autor:innen-Edition zum Sonderpreis von 17 \u20ac<\/strong> \u2013 auf Wunsch signiert und mit pers\u00f6nlicher Widmung.<\/p>\n<p data-start=\"1893\" data-end=\"1911\"><strong data-start=\"1893\" data-end=\"1911\">\u00dcber den Autor<\/strong><\/p>\n<p data-start=\"1913\" data-end=\"2282\">Bj\u00f6rn Nonhoffs erster Gedichtband <strong data-start=\"1947\" data-end=\"1974\">\u201eLiebend gerne Liebend\u201c<\/strong> erschien bereits 2001 und markierte den literarischen Auftakt eines vielseitigen Werkes. Es folgten die Erz\u00e4hlung <strong data-start=\"2089\" data-end=\"2135\">\u201ePunkt \u2013 eine Geschichte f\u00fcr die Freiheit\u201c<\/strong> f\u00fcr Freund:innen von B\u00fcchern, sowie die poetische Fabel <strong data-start=\"2192\" data-end=\"2228\">\u201eDer Vogel, der den Regen liebt\u201c<\/strong>, eine ber\u00fchrende Geschichte \u00fcber Sehnsucht und Liebe.<\/p>\n<p data-start=\"2284\" data-end=\"2521\">Mit seinem vierten Buch, dem Roman <strong data-start=\"2319\" data-end=\"2334\">\u201eBj\u00f6rn Out\u201c<\/strong>, landete Nonhoff einen \u00dcberraschungserfolg: Die Geschichte eines traurigen Teddys, der durch seine Tr\u00e4ume zur\u00fcck zur Lebensfreude findet, wurde schon kurz nach Erscheinen zum Bestseller.<\/p>\n<p data-start=\"2523\" data-end=\"2694\">Mit <strong data-start=\"2527\" data-end=\"2554\">\u201eKomm mir nicht zu nah\u201c<\/strong> kehrt Nonhoff zur Lyrik zur\u00fcck \u2013 direkt, z\u00e4rtlich, scharf beobachtet.<br data-start=\"2624\" data-end=\"2627\" \/>Ein Buch f\u00fcr alle, die zwischen den Zeilen lesen und f\u00fchlen k\u00f6nnen.<\/p>\n<p><a href=\"https:\/\/nonhoff.info\/zeitreich\/wp-content\/uploads\/2025\/09\/poesie-nonhoff-zeit.jpg\"><img loading=\"lazy\" decoding=\"async\" class=\"aligncenter size-large wp-image-2645\" src=\"https:\/\/nonhoff.info\/zeitreich\/wp-content\/uploads\/2025\/09\/poesie-nonhoff-zeit-1024x710.jpg\" alt=\"\" width=\"750\" height=\"520\" srcset=\"https:\/\/www.nonhoff.info\/zeitreich\/wp-content\/uploads\/2025\/09\/poesie-nonhoff-zeit-1024x710.jpg 1024w, https:\/\/www.nonhoff.info\/zeitreich\/wp-content\/uploads\/2025\/09\/poesie-nonhoff-zeit-600x416.jpg 600w, https:\/\/www.nonhoff.info\/zeitreich\/wp-content\/uploads\/2025\/09\/poesie-nonhoff-zeit-300x208.jpg 300w, https:\/\/www.nonhoff.info\/zeitreich\/wp-content\/uploads\/2025\/09\/poesie-nonhoff-zeit-768x533.jpg 768w, https:\/\/www.nonhoff.info\/zeitreich\/wp-content\/uploads\/2025\/09\/poesie-nonhoff-zeit-1536x1065.jpg 1536w, https:\/\/www.nonhoff.info\/zeitreich\/wp-content\/uploads\/2025\/09\/poesie-nonhoff-zeit-2048x1421.jpg 2048w\" sizes=\"auto, (max-width: 750px) 100vw, 750px\" \/><\/a> <a href=\"https:\/\/nonhoff.info\/zeitreich\/wp-content\/uploads\/2025\/09\/poesie-nonhoff-blumen-im-wind.jpg\"><img loading=\"lazy\" decoding=\"async\" class=\"aligncenter size-large wp-image-2644\" src=\"https:\/\/nonhoff.info\/zeitreich\/wp-content\/uploads\/2025\/09\/poesie-nonhoff-blumen-im-wind-1024x721.jpg\" alt=\"\" width=\"750\" height=\"528\" srcset=\"https:\/\/www.nonhoff.info\/zeitreich\/wp-content\/uploads\/2025\/09\/poesie-nonhoff-blumen-im-wind-1024x721.jpg 1024w, https:\/\/www.nonhoff.info\/zeitreich\/wp-content\/uploads\/2025\/09\/poesie-nonhoff-blumen-im-wind-600x422.jpg 600w, https:\/\/www.nonhoff.info\/zeitreich\/wp-content\/uploads\/2025\/09\/poesie-nonhoff-blumen-im-wind-300x211.jpg 300w, https:\/\/www.nonhoff.info\/zeitreich\/wp-content\/uploads\/2025\/09\/poesie-nonhoff-blumen-im-wind-768x541.jpg 768w, https:\/\/www.nonhoff.info\/zeitreich\/wp-content\/uploads\/2025\/09\/poesie-nonhoff-blumen-im-wind-1536x1081.jpg 1536w, https:\/\/www.nonhoff.info\/zeitreich\/wp-content\/uploads\/2025\/09\/poesie-nonhoff-blumen-im-wind-2048x1442.jpg 2048w\" sizes=\"auto, (max-width: 750px) 100vw, 750px\" \/><\/a><\/p>\n<figure id=\"attachment_2638\" aria-describedby=\"caption-attachment-2638\" style=\"width: 750px\" class=\"wp-caption aligncenter\"><a href=\"https:\/\/nonhoff.info\/zeitreich\/wp-content\/uploads\/2025\/09\/kmnzn_aussen-scaled.jpg\"><img loading=\"lazy\" decoding=\"async\" class=\"size-large wp-image-2638\" src=\"https:\/\/nonhoff.info\/zeitreich\/wp-content\/uploads\/2025\/09\/kmnzn_aussen-1024x715.jpg\" alt=\"Komm mir nicht zu nah - Titel Gedichtband Umschlag Bj\u00f6rn Nonhoff\" width=\"750\" height=\"524\" srcset=\"https:\/\/www.nonhoff.info\/zeitreich\/wp-content\/uploads\/2025\/09\/kmnzn_aussen-1024x715.jpg 1024w, https:\/\/www.nonhoff.info\/zeitreich\/wp-content\/uploads\/2025\/09\/kmnzn_aussen-scaled-600x419.jpg 600w, https:\/\/www.nonhoff.info\/zeitreich\/wp-content\/uploads\/2025\/09\/kmnzn_aussen-300x209.jpg 300w, https:\/\/www.nonhoff.info\/zeitreich\/wp-content\/uploads\/2025\/09\/kmnzn_aussen-768x536.jpg 768w, https:\/\/www.nonhoff.info\/zeitreich\/wp-content\/uploads\/2025\/09\/kmnzn_aussen-1536x1072.jpg 1536w, https:\/\/www.nonhoff.info\/zeitreich\/wp-content\/uploads\/2025\/09\/kmnzn_aussen-2048x1429.jpg 2048w\" sizes=\"auto, (max-width: 750px) 100vw, 750px\" \/><\/a><figcaption id=\"caption-attachment-2638\" class=\"wp-caption-text\">Komm mir nicht zu nah &#8211; Titel Gedichtband Umschlag Bj\u00f6rn Nonhoff<\/figcaption><\/figure>\n<p>&nbsp;<\/p>\n<div style=\"all: initial !important;\"><\/div>\n<p>&nbsp;<\/p>\n<div style=\"all: initial !important;\"><\/div>\n","protected":false},"excerpt":{"rendered":"<p><strong data-start=\"601\" data-end=\"651\">Komm mir nicht zu nah \u2013 Gedichte und Gemaltes.<\/strong><br data-start=\"651\" data-end=\"654\" \/>Ein Band \u00fcber N\u00e4he, Distanz, Traurigkeit, Liebe und die kleinen Wunder im Alltag \u2013 begleitet von Aquarellen von Bj\u00f6rn Nonhoff.<br data-start=\"782\" data-end=\"785\" \/>F\u00fcr dich, wenn du empf\u00e4nglich f\u00fcr Sch\u00f6nheit bist, Beziehungen dich ber\u00fchren und du ein Geschenk suchst, das pers\u00f6nlicher ist als Blumen.<br data-start=\"908\" data-end=\"911\" \/>Ein Buch zum F\u00fchlen, Wiederlesen und Weitergeben.<\/p>\n<div style=\"all: initial !important;\"><\/div>\n<div style=\"all: initial !important;\"><\/div>\n","protected":false},"featured_media":2636,"comment_status":"closed","ping_status":"closed","template":"","meta":[],"product_brand":[],"product_cat":[63,114,148,116,149],"product_tag":[262,201,55,261],"class_list":{"0":"post-2652","1":"product","2":"type-product","3":"status-publish","4":"has-post-thumbnail","6":"product_cat-book","7":"product_cat-buch","8":"product_cat-gedichte","9":"product_cat-kunstbuch","10":"product_cat-poetry","11":"product_tag-aquarell","12":"product_tag-gedichte","13":"product_tag-kunst","14":"product_tag-poesie","16":"first","17":"instock","18":"taxable","19":"shipping-taxable","20":"purchasable","21":"product-type-simple"},"_links":{"self":[{"href":"https:\/\/www.nonhoff.info\/zeitreich\/wp-json\/wp\/v2\/product\/2652","targetHints":{"allow":["GET"]}}],"collection":[{"href":"https:\/\/www.nonhoff.info\/zeitreich\/wp-json\/wp\/v2\/product"}],"about":[{"href":"https:\/\/www.nonhoff.info\/zeitreich\/wp-json\/wp\/v2\/types\/product"}],"replies":[{"embeddable":true,"href":"https:\/\/www.nonhoff.info\/zeitreich\/wp-json\/wp\/v2\/comments?post=2652"}],"wp:featuredmedia":[{"embeddable":true,"href":"https:\/\/www.nonhoff.info\/zeitreich\/wp-json\/wp\/v2\/media\/2636"}],"wp:attachment":[{"href":"https:\/\/www.nonhoff.info\/zeitreich\/wp-json\/wp\/v2\/media?parent=2652"}],"wp:term":[{"taxonomy":"product_brand","embeddable":true,"href":"https:\/\/www.nonhoff.info\/zeitreich\/wp-json\/wp\/v2\/product_brand?post=2652"},{"taxonomy":"product_cat","embeddable":true,"href":"https:\/\/www.nonhoff.info\/zeitreich\/wp-json\/wp\/v2\/product_cat?post=2652"},{"taxonomy":"product_tag","embeddable":true,"href":"https:\/\/www.nonhoff.info\/zeitreich\/wp-json\/wp\/v2\/product_tag?post=2652"}],"curies":[{"name":"wp","href":"https:\/\/api.w.org\/{rel}","templated":true}]}}