{"id":1818,"date":"2023-10-08T22:03:40","date_gmt":"2023-10-08T20:03:40","guid":{"rendered":"https:\/\/nonhoff.info\/zeitreich\/?post_type=product&#038;p=1818"},"modified":"2025-04-07T01:00:03","modified_gmt":"2025-04-06T23:00:03","slug":"bjoernout","status":"publish","type":"product","link":"https:\/\/www.nonhoff.info\/zeitreich\/https:\/nonhoff.info\/zeitreich\/product\/bjoernout\/","title":{"rendered":"Bj\u00f6rn Out &#8211; tr\u00e4um dich frei (PDF)"},"content":{"rendered":"<p><a href=\"https:\/\/nonhoff.info\/zeitreich\/wp-content\/uploads\/2023\/10\/0_3.webp\"><img loading=\"lazy\" decoding=\"async\" class=\"aligncenter size-full wp-image-1946\" src=\"https:\/\/nonhoff.info\/zeitreich\/wp-content\/uploads\/2023\/10\/0_3.webp\" alt=\"\" width=\"1024\" height=\"1024\" srcset=\"https:\/\/www.nonhoff.info\/zeitreich\/wp-content\/uploads\/2023\/10\/0_3.webp 1024w, https:\/\/www.nonhoff.info\/zeitreich\/wp-content\/uploads\/2023\/10\/0_3-100x100.webp 100w, https:\/\/www.nonhoff.info\/zeitreich\/wp-content\/uploads\/2023\/10\/0_3-600x600.webp 600w, https:\/\/www.nonhoff.info\/zeitreich\/wp-content\/uploads\/2023\/10\/0_3-300x300.webp 300w, https:\/\/www.nonhoff.info\/zeitreich\/wp-content\/uploads\/2023\/10\/0_3-150x150.webp 150w, https:\/\/www.nonhoff.info\/zeitreich\/wp-content\/uploads\/2023\/10\/0_3-768x768.webp 768w, https:\/\/www.nonhoff.info\/zeitreich\/wp-content\/uploads\/2023\/10\/0_3-75x75.webp 75w\" sizes=\"auto, (max-width: 1024px) 100vw, 1024px\" \/><\/a> Die wunderbare Geschichte eines \u00fcberforderten Teddyb\u00e4ren auf seiner Reise zur\u00fcck in seine Kraft. Eine herzw\u00e4rmende Geschichte voller Humor, Zuversicht und kleinen Weisheiten. Jetzt schon das Buch des Jahres 2024. Von einem Teddyb\u00e4ren, der traurig geworden war, weil er verlassen wurde. Er war mit seinem Leben \u00fcberfordert und dabei, sich selbst aufzugeben. Mit Hilfe seiner Freunde und der Abenteuer, die er in seinen Tr\u00e4umen erlebte, fand er zu sich und seiner Kraft zur\u00fcck.<\/p>\r\n<blockquote>Wer mit Sternen tanzt, seinen Schatten liebt, Menschen zum Lachen bringt, dem bleibt die Welt eine Welt voller Wunder.<\/blockquote>\r\n<h3><strong>Leserstimmen zu Bj\u00f6rn Out<\/strong><\/h3>\r\n<p>&#8220;Ein Buch, das mich zum Lachen und Weinen gebracht hat und mich ermutigt, mein eigenes Gl\u00fcck zu suchen.&#8221;\u00a0 &#8211; Maria S. aus Wien<\/p>\r\n<h3><!-- \/wp:post-content -->\r\n\r\n<!-- wp:paragraph --><\/h3>\r\n<p>&#8220;Nach &#8216;Bj\u00f6rn Out&#8217; sehe ich die Welt mit anderen Augen.&#8221; -Thomas B. aus Rosenheitm<\/p>\r\n<h3><!-- \/wp:paragraph -->\r\n\r\n<!-- wp:paragraph --><\/h3>\r\n<p>&#8220;Bei Spazierg\u00e4ngen geniesse ich die Natur und Tierwelt jetzt mit einem zufriedenen L\u00e4cheln und denke an die verschiedenen Traumsequenzen aus Bj\u00f6rn Out.&#8221; &#8211; Barbara P., M\u00fcnchen<\/p>\r\n<h3><!-- \/wp:paragraph -->\r\n\r\n<!-- wp:paragraph --><\/h3>\r\n<h3><!-- \/wp:paragraph -->\r\n\r\n<!-- wp:paragraph \/-->\r\n\r\n<!-- wp:heading {\"level\":3} --><\/h3>\r\n<h3 class=\"wp-block-heading\"><strong>B\u00e4renstimmen zu Bj\u00f6rn Out<\/strong><\/h3>\r\n<h3><!-- \/wp:heading -->\r\n\r\n<!-- wp:paragraph {\"align\":\"center\"} --><\/h3>\r\n<p class=\"has-text-align-center\">&#8220;Ein Buch so s\u00fc\u00df wie Honig, erw\u00e4rmt das Herz und kitzelt die Seele&#8221;, <strong>Winnie the Pooh<\/strong><\/p>\r\n<h3><!-- \/wp:paragraph -->\r\n\r\n<!-- wp:paragraph {\"align\":\"center\"} --><\/h3>\r\n<p class=\"has-text-align-center\">&#8220;Eine charmante Geschichte voller Abenteuer und W\u00e4rme, die das Herz aller B\u00e4ren ber\u00fchrt.&#8221;, <strong>Paddington B\u00e4r<\/strong><\/p>\r\n<h3><!-- \/wp:paragraph -->\r\n\r\n<!-- wp:paragraph {\"align\":\"center\"} --><\/h3>\r\n<p class=\"has-text-align-center\">&#8220;Ein Lied des Lebens, gesungen mit der Tiefe des Dschungels und der Leichtigkeit des Seins.&#8221;, <strong>Baloo der B\u00e4r<\/strong><\/p>\r\n<h3><!-- \/wp:paragraph -->\r\n\r\n<!-- wp:paragraph {\"align\":\"center\"} --><\/h3>\r\n<p class=\"has-text-align-center\">&#8220;Ein Buch, das zeigt, wie man im Park des Lebens picknickt.&#8221;, <strong>Yogi B\u00e4r<\/strong><\/p>\r\n<h3><!-- \/wp:paragraph -->\r\n\r\n<!-- wp:paragraph {\"align\":\"center\"} --><\/h3>\r\n<p class=\"has-text-align-center\">\u201eBrumm Brummm Brumm\u201c <strong>Teddy<\/strong><\/p>\r\n<h3><!-- \/wp:paragraph -->\r\n\r\n<!-- wp:paragraph --><\/h3>\r\n<p><strong>Sichern Sie sich jetzt Ihr Exemplar<\/strong> Bereit f\u00fcr eine Geschichte, die Ihr Herz erw\u00e4rmt und Ihren Geist belebt? 200 Seiten, PDF Format \u00a0<\/p>","protected":false},"excerpt":{"rendered":"<p>Die Abenteuer von Teddy als PDF Version.<\/p>\n","protected":false},"featured_media":1881,"comment_status":"closed","ping_status":"closed","template":"","meta":[],"product_brand":[],"product_cat":[63,114,64,138],"product_tag":[],"class_list":{"0":"post-1818","1":"product","2":"type-product","3":"status-publish","4":"has-post-thumbnail","6":"product_cat-book","7":"product_cat-buch","8":"product_cat-ebook","9":"product_cat-jugendbuch","11":"first","12":"instock","13":"downloadable","14":"virtual","15":"taxable","16":"purchasable","17":"product-type-simple"},"_links":{"self":[{"href":"https:\/\/www.nonhoff.info\/zeitreich\/wp-json\/wp\/v2\/product\/1818","targetHints":{"allow":["GET"]}}],"collection":[{"href":"https:\/\/www.nonhoff.info\/zeitreich\/wp-json\/wp\/v2\/product"}],"about":[{"href":"https:\/\/www.nonhoff.info\/zeitreich\/wp-json\/wp\/v2\/types\/product"}],"replies":[{"embeddable":true,"href":"https:\/\/www.nonhoff.info\/zeitreich\/wp-json\/wp\/v2\/comments?post=1818"}],"wp:featuredmedia":[{"embeddable":true,"href":"https:\/\/www.nonhoff.info\/zeitreich\/wp-json\/wp\/v2\/media\/1881"}],"wp:attachment":[{"href":"https:\/\/www.nonhoff.info\/zeitreich\/wp-json\/wp\/v2\/media?parent=1818"}],"wp:term":[{"taxonomy":"product_brand","embeddable":true,"href":"https:\/\/www.nonhoff.info\/zeitreich\/wp-json\/wp\/v2\/product_brand?post=1818"},{"taxonomy":"product_cat","embeddable":true,"href":"https:\/\/www.nonhoff.info\/zeitreich\/wp-json\/wp\/v2\/product_cat?post=1818"},{"taxonomy":"product_tag","embeddable":true,"href":"https:\/\/www.nonhoff.info\/zeitreich\/wp-json\/wp\/v2\/product_tag?post=1818"}],"curies":[{"name":"wp","href":"https:\/\/api.w.org\/{rel}","templated":true}]}}