{"id":1291,"date":"2021-12-08T14:15:10","date_gmt":"2021-12-08T13:15:10","guid":{"rendered":"https:\/\/nonhoff.info\/zeitreich\/?post_type=product&#038;p=1291"},"modified":"2023-04-17T21:35:03","modified_gmt":"2023-04-17T19:35:03","slug":"vogelebook","status":"publish","type":"product","link":"https:\/\/www.nonhoff.info\/zeitreich\/https:\/nonhoff.info\/zeitreich\/product\/vogelebook\/","title":{"rendered":"Die sch\u00f6nste Liebes Fabel &#8211; ein Geschenkbuch"},"content":{"rendered":"<h2><a href=\"https:\/\/nonhoff.info\/zeitreich\/wp-content\/uploads\/2021\/12\/Vogel_Buch_Vorderseite.jpg\"><img loading=\"lazy\" decoding=\"async\" class=\"alignleft size-medium wp-image-1299\" src=\"https:\/\/nonhoff.info\/zeitreich\/wp-content\/uploads\/2021\/12\/Vogel_Buch_Vorderseite-212x300.jpg\" alt=\"\" width=\"212\" height=\"300\" srcset=\"https:\/\/www.nonhoff.info\/zeitreich\/wp-content\/uploads\/2021\/12\/Vogel_Buch_Vorderseite-212x300.jpg 212w, https:\/\/www.nonhoff.info\/zeitreich\/wp-content\/uploads\/2021\/12\/Vogel_Buch_Vorderseite.jpg 430w\" sizes=\"auto, (max-width: 212px) 100vw, 212px\" \/><\/a>Der kleine Vogel, der den Regen liebt<\/h2>\n<p><strong>Eine wunderbare Fabel<\/strong><\/p>\n<p>Die Fabel von einem kleinen Vogel, der seine Liebe findet, nachdem er sie verloren hat.<\/p>\n<p>Diese Fabel wird von Aquarellen befl\u00fcgelt, f\u00fcr die einige der kleinen und gro\u00dfen, verr\u00fcckten und verliebten V\u00f6gel dieser Welt Model gestanden haben.<\/p>\n<p>Sie ist ein Dank f\u00fcr das Leben und unsere Natur, verbunden mit meinem Gebet, dass die Herzen m\u00f6glichst vieler Wesen in ihren eigenen Farben leuchten und ihre innere Melodien erklingen und wir um diese uns allen innewohnenden Sch\u00f6nheiten wissen.<\/p>\n<h2>Der Autor &#8211; Geschichtenerz\u00e4hler Bj\u00f6rn Nonhoff<\/h2>\n<p>Der Geschichtenerz\u00e4hler Bj\u00f6rn Nonhoff lebt im Osten von M\u00fcnchen. Er begeistert mit seinen Werken und Geschichten gerne live das Publikum. Seine Kunstwerke sind in jurierten Ausstellungen und Galerien vertreten.<\/p>\n<h3>Hier erh\u00e4ltlich als E-Book<\/h3>\n<p>Sie bekommen das Buch im PDF-Format zum Download. F\u00fcr Dezember 2021 ist die Ver\u00f6ffentlichung eines gedruckten Buches geplant. Andere E-Book-Formate demn\u00e4chst auf Anfrage.<\/p>\n<h1>Rezensionen der Geschichte vom Vogel<\/h1>\n<p>Hier die <a href=\"https:\/\/autoringewuerztmitherz.com\/2021\/12\/24\/meine-buchrezension-der-vogel-der-den-regen-liebt-von-bjorn-nonhoff\/\" target=\"_blank\" rel=\"noopener\">erste Rezension, die das Buch Der Vogel, der den Regen liebt<\/a> bekommen hat &#8211; auf der Seite einer bekannten Autorin.<\/p>\n<p>Mein Sohn meinte, Respekt Papa, das ist eine tolle Geschichte. Das hat mich sehr gefreut. Er hat die Geschichte auch seiner Freundin vorgelesen.<\/p>\n<p>Gabor lobte die Fabel am Fr\u00fchst\u00fcckstisch und meinte, ihm geht es wie dem Vogel. Besonders die Stelle an dem die Sonne sprach, gefiel im sehr und erinnerte Ihn an seine eigene Situation des Wandels:<\/p>\n<blockquote><p>Die Sonne sprach sanft weiter. \u201eErinnere dich daran, dass alles im Wandel ist. Es kommt, es ver\u00e4ndert sich. Nichts bleibt, wie es ist. Es hat einen Anfang und ein Ende. Alles ist verg\u00e4nglich.\u201c<\/p><\/blockquote>\n","protected":false},"excerpt":{"rendered":"<p>Der kleine Vogel, der den Regen liebt Eine wunderbare Fabel Die Fabel von einem kleinen Vogel, der seine Liebe findet, nachdem er sie verloren hat.<a href=\"https:\/\/www.nonhoff.info\/zeitreich\/https:\/nonhoff.info\/zeitreich\/product\/vogelebook\/\" class=\"more-link\"><span class=\"screen-reader-text\"> &#8220;Die sch\u00f6nste Liebes Fabel &#8211; ein Geschenkbuch&#8221;<\/span><\/a><\/p>\n","protected":false},"featured_media":1299,"comment_status":"closed","ping_status":"closed","template":"","meta":[],"product_brand":[],"product_cat":[63,114,64,138,116],"product_tag":[192,128,190,191,205],"class_list":{"0":"post-1291","1":"product","2":"type-product","3":"status-publish","4":"has-post-thumbnail","6":"product_cat-book","7":"product_cat-buch","8":"product_cat-ebook","9":"product_cat-jugendbuch","10":"product_cat-kunstbuch","11":"product_tag-fabel","12":"product_tag-geschenkbuch","13":"product_tag-liebe","14":"product_tag-trost","15":"product_tag-trostbuch","17":"first","18":"instock","19":"downloadable","20":"virtual","21":"purchasable","22":"product-type-simple"},"_links":{"self":[{"href":"https:\/\/www.nonhoff.info\/zeitreich\/wp-json\/wp\/v2\/product\/1291","targetHints":{"allow":["GET"]}}],"collection":[{"href":"https:\/\/www.nonhoff.info\/zeitreich\/wp-json\/wp\/v2\/product"}],"about":[{"href":"https:\/\/www.nonhoff.info\/zeitreich\/wp-json\/wp\/v2\/types\/product"}],"replies":[{"embeddable":true,"href":"https:\/\/www.nonhoff.info\/zeitreich\/wp-json\/wp\/v2\/comments?post=1291"}],"wp:featuredmedia":[{"embeddable":true,"href":"https:\/\/www.nonhoff.info\/zeitreich\/wp-json\/wp\/v2\/media\/1299"}],"wp:attachment":[{"href":"https:\/\/www.nonhoff.info\/zeitreich\/wp-json\/wp\/v2\/media?parent=1291"}],"wp:term":[{"taxonomy":"product_brand","embeddable":true,"href":"https:\/\/www.nonhoff.info\/zeitreich\/wp-json\/wp\/v2\/product_brand?post=1291"},{"taxonomy":"product_cat","embeddable":true,"href":"https:\/\/www.nonhoff.info\/zeitreich\/wp-json\/wp\/v2\/product_cat?post=1291"},{"taxonomy":"product_tag","embeddable":true,"href":"https:\/\/www.nonhoff.info\/zeitreich\/wp-json\/wp\/v2\/product_tag?post=1291"}],"curies":[{"name":"wp","href":"https:\/\/api.w.org\/{rel}","templated":true}]}}