{"id":98,"date":"2015-11-13T15:54:29","date_gmt":"2015-11-13T14:54:29","guid":{"rendered":"http:\/\/nonhoff.info\/zeitreich\/?page_id=98"},"modified":"2024-08-31T08:23:02","modified_gmt":"2024-08-31T06:23:02","slug":"gedichte","status":"publish","type":"page","link":"https:\/\/www.nonhoff.info\/zeitreich\/gedichte\/","title":{"rendered":"Gedichte und Geschichten"},"content":{"rendered":"<h1 style=\"text-align: center;\">Der P\u00f6t und seine P\u00f6ms<br \/>Gedichte &#8211; eine Auswahl\u00a0<\/h1>\r\n<div>\r\n<div class=\"flex-shrink-0 flex flex-col relative items-end\">\r\n<div>\r\n<div class=\"pt-0\">\r\n<div class=\"gizmo-bot-avatar flex h-8 w-8 items-center justify-center overflow-hidden rounded-full\">\r\n<div class=\"relative p-1 rounded-sm flex items-center justify-center bg-token-main-surface-primary text-token-text-primary h-8 w-8\">\u00a0<\/div>\r\n<\/div>\r\n<\/div>\r\n<\/div>\r\n<\/div>\r\n<div class=\"group\/conversation-turn relative flex w-full min-w-0 flex-col agent-turn\">\r\n<div class=\"flex-col gap-1 md:gap-3\">\r\n<div class=\"flex max-w-full flex-col flex-grow\">\r\n<div class=\"min-h-[20px] text-message flex w-full flex-col items-end gap-2 whitespace-pre-wrap break-words [.text-message+&amp;]:mt-5 overflow-x-auto\" dir=\"auto\" data-message-author-role=\"assistant\" data-message-id=\"6789bfb0-3030-4d3c-ba08-29f2b6a805b3\">\r\n<div class=\"flex w-full flex-col gap-1 empty:hidden first:pt-[3px]\">\r\n<div class=\"markdown prose w-full break-words dark:prose-invert light\">\r\n<p>Herzlich willkommen in der Welt der Poesie,<\/p>\r\n<p>Gedichte sind mehr als nur Worte. Sie sind Einladungen in eine Welt voller Emotionen, Gedanken und Tr\u00e4ume. Jede Zeile ein kleiner Schritt auf einer Reise. Manchen gelingt es in den Zwischenr\u00e4umen zum Tr\u00e4umen einzuladen. Nimmt mit, durch Tiefen und H\u00f6hen der Sehnsucht in einen Augenblick, in der die Welt neu betrachtet und damit geboren wird.<\/p>\r\n<p>Nachdem ich als S\u00e4nger einer Deutschrock Band anfing Texter und Liedeer zu verfassen sammelten sich Gedanken und Gediochte in mir. Einige haben es in das Buch <em>&#8220;Liebend gerne Liebend&#8221;<\/em>\u00a0 geschfft, andere warten in unz\u00e4hligen Notizb\u00fcchern auf ihren Moment.<\/p>\r\n<p>Ein paar sind hier ver\u00f6ffentlicht und warten darauf entdeckt und genossen zu werden.<\/p>\r\n<p>Herzlichst,<br \/>Bj\u00f6rn Nonhoff<\/p>\r\n<\/div>\r\n<\/div>\r\n<\/div>\r\n<\/div>\r\n<\/div>\r\n<\/div>\r\n<\/div>\r\n<h3 align=\"center\"><strong>Der Apfel<\/strong><\/h3>\r\n<p align=\"center\">Ich begehre Dich<br \/>wie einen Apfel.<br \/>Rot, rund strahlend<br \/>lockt mich schon die H\u00fclle.<\/p>\r\n<p align=\"center\">Ich verzehre Dich<br \/>wie eine Frucht.<br \/>Bei\u00dfe in Dein Fleisch<br \/>voll Saft und F\u00fclle.<\/p>\r\n<p align=\"center\">Verf\u00fchrerisch die Schale,<br \/>fruchtbar, dann der Kern.<br \/>Enth\u00fclle ich dich k\u00fcssend,<br \/>vernasche Dich einfach gern.<\/p>\r\n<h3 align=\"center\"><img loading=\"lazy\" decoding=\"async\" src=\"http:\/\/nonhoff.info\/image\/verliebte.jpg\" alt=\"\" width=\"362\" height=\"366\" align=\"absbottom\" \/><\/h3>\r\n<h3 align=\"center\">Zusammenh\u00e4nge<\/h3>\r\n<p align=\"center\">Fr\u00fchst\u00fcck bringt Gl\u00fcck<br \/>manchmal<br \/>Z\u00e4rtlichkeit bringt Geborgenheit<br \/>manchmal<br \/>Zuneigung lindert Schmerz<br \/>manchmal<br \/>Tr\u00e4nen befreien<br \/>manchmal<\/p>\r\n<p align=\"center\">Tod hei\u00dft auch Anfang,<br \/>Probleme sind eine Chance<br \/>und Tr\u00e4ume, was sie sind<br \/>manchmal<\/p>\r\n<p align=\"center\">Sp\u00e4\u00dfe bringen Lachen<br \/>manchmal<br \/>Vergessen erm\u00f6glicht Weiterleben<br \/>manchmal<\/p>\r\n<p align=\"center\">K\u00fcsse bringen mehr<br \/>und Sex bringt Kinder<br \/>manchmal<\/p>\r\n<p align=\"center\">So f\u00e4ngt alles wieder da an,<br \/>wo es aufh\u00f6rt<br \/>manchmal<\/p>\r\n<p align=\"center\"><img loading=\"lazy\" decoding=\"async\" src=\"http:\/\/nonhoff.info\/image\/wedding\/freiheit.jpg\" alt=\"\" width=\"370\" height=\"389\" \/><\/p>\r\n<h3 align=\"center\">Find Deinen Klang<\/h3>\r\n<p align=\"center\">Wir machen alle kleine Schritte,<br \/>hilflos wie wir sind.<br \/>Lernen erst das Gehen,<br \/>dann das Leben als ein Kind.<\/p>\r\n<p align=\"center\">Jetzt sind wir etwas gr\u00f6\u00dfer<br \/>und wackeln nicht so sehr.<br \/>Doch sind wir noch verletzlich<br \/>und \u00f6fters sogar mehr.<\/p>\r\n<p align=\"center\">Verlieren unsere Tr\u00e4ume,<br \/>gewinnen unsere Angst.<br \/>Sie zeigt uns, wo wir finden,<br \/>was schon verloren war.<\/p>\r\n<p align=\"center\">Mach Deine kleinen Schritte.<br \/>Es lohnt sich sicherlich<br \/>zum Leben Ja zu sagen,<br \/>das Neue mal zu wagen.<\/p>\r\n<p align=\"center\">Find Deinen Klang, leb Deinen Traum.<br \/>La\u00df Deiner Freiheit ihren Raum,<br \/>denn ist der Anfang erst gemacht,<br \/>dann ist das Ende schon voll Pracht.<\/p>\r\n<p align=\"center\"><img loading=\"lazy\" decoding=\"async\" src=\"http:\/\/nonhoff.info\/image\/wedding\/liebesgedicht.jpg\" alt=\"\" width=\"300\" height=\"305\" align=\"top\" \/><\/p>\r\n<p align=\"center\"><strong>Mit der Zeit<\/strong><\/p>\r\n<p align=\"center\">Der K\u00f6nig genie\u00dft es,<br \/>seine Zeit mit seinen<br \/>Freunden zu verbringen.<\/p>\r\n<p align=\"center\">Die K\u00f6nigin widmet<br \/>sich ihren Tr\u00e4umen.<\/p>\r\n<p align=\"center\">Zeit f\u00fcr die Liebe<br \/>finden die beiden oft.<\/p>\r\n<p align=\"center\">So sind sie<br \/>zu K\u00f6nigen<br \/>geworden,<\/p>\r\n<p align=\"center\">mit der Zeit.<\/p>\r\n<p align=\"center\">b.nonhoff<\/p>\r\n<p align=\"center\"><img loading=\"lazy\" decoding=\"async\" src=\"http:\/\/nonhoff.info\/image\/nackt.jpg\" alt=\"\" width=\"480\" height=\"473\" \/><\/p>\r\n<p style=\"text-align: center;\">\u00a0<\/p>\r\n<h2 align=\"center\"><a href=\"https:\/\/www.kunstvereinebersberg.de\/\">Kunst Katalog Gedicht <\/a><\/h2>\r\n<h4 align=\"center\"><a href=\"https:\/\/www.kunstvereinebersberg.de\/\">f\u00fcr den\u00a0 Jahresausstellung <br \/>des Kunstvereins Ebersberg<\/a><\/h4>\r\n<p>Anl\u00e4sslich der Jahresausstellung des Kunstvereins Ebersberg 2018. Neben dem Gedicht wurde die <a href=\"https:\/\/textart.nonhoff.info\/videoart\/\" target=\"_blank\" rel=\"noopener\">Videokunst Installation &#8220;Musen und Museen&#8221; der Sparte Video art<\/a> in der Ausstellung juriert.<\/p>\r\n<h1>Kunst-Kunden<\/h1>\r\n<p>Die Idee, Kunst kann heilen, wirken und ver\u00e4ndern,<br \/>passiert immer wieder, in diesem und in anderen L\u00e4ndern.<br \/>Hier ist alles strukturiert, sortiert und juriert,<br \/>damit j\u00e4hrlich Wunder und Kunst Heil passiert.<\/p>\r\n<p>An Kunst und Wunder m\u00f6gen wir glauben.<br \/>Sind sie es oft, die uns erlauben,<br \/>sich dem Alltag hinzugeben,<br \/>allt\u00e4gliches inspirierend zu erleben.<\/p>\r\n<p>Der Katalog kommt nicht mit Kate-L\u00fcgen,<br \/>kommt mit Illusionen und bunt zu tr\u00fcgen.<br \/>Er kann seine eigene Wahrheit sprechen,<br \/>innere Grenzen zeigen und sanft brechen.<\/p>\r\n<p>Kataloge k\u00f6nnen eine Loge sein,<br \/>voll von Farben, Formen, Bilderschein;<br \/>dem Erkunden der Kunst geweiht,<br \/>geschaffen und gesehen mit Zeit.<\/p>\r\n<p>Wo steckt die Freiheit?<br \/>In jedem und jederzeit,<br \/>auf Seite eins bis hundert,<br \/>erwache und sei verwundert.<\/p>\r\n<p>Ob Sch\u00f6pfer oder Ersch\u00f6pftes z\u00e4hlen,<br \/>kann jeder zu allen Zeiten w\u00e4hlen.<br \/>Vielleicht verzaubert dich ein Werk und eine Seite,<br \/>inspiriert dich ein Moment mit Weite.<\/p>\r\n<p>W\u00e4re Jesus ein K\u00fcnstler, was w\u00fcrde er kunden?<br \/>Lebendige Visionen sind aus den Menschen in die Medien hinein verschwunden.<br \/>Seid selbst die Musen, die begeistert aus Museen fliehen.<br \/>Lasst uns alles mit erf\u00fcllten, liebenden Herzen sehen.<\/p>\r\n<p>2018 f\u00fcr Kunst, K\u00fcnstler, Katalog und dich<\/p>\r\n<p>Bj\u00f6rn Nonhoff<\/p>\r\n<h2>Hofnarr <br \/>Kolumne, M\u00fcnchner Merkur &#8211; 1998\/1999<\/h2>\r\n<p>Gedichte f\u00fcr aktuelle Neuigkeiten. Der M\u00fcnchner Merkur ver\u00f6ffentlichte under &#8220;Der Hofnarr spricht&#8221; eine w\u00f6chentliche Kolumne mit einem meiner Werke. Aktuell, frech und greimt. Sie handeltem von lokalen Ereignissen und Personen um die Leser zum Schmunzeln und Nachdenken zu bewegen.<\/p>\r\n<p style=\"text-align: right;\">Danke dem mutigen Redakteur und Redaktion der Ebersberger Zeitung f\u00fcr die M\u00f6glichkeit die und Position eines Hofnarrs inne zu haben.\u00a0<\/p>\r\n<h3>Perschtentum &#8211; Der Hofnarr spricht &#8211; Poesie Kolumne<\/h3>\r\n<figure id=\"attachment_1691\" aria-describedby=\"caption-attachment-1691\" style=\"width: 606px\" class=\"wp-caption aligncenter\"><a href=\"https:\/\/nonhoff.info\/zeitreich\/wp-content\/uploads\/2023\/04\/Poet_Bjoern_Nonhoff.jpg\"><img loading=\"lazy\" decoding=\"async\" class=\"size-large wp-image-1691\" src=\"https:\/\/nonhoff.info\/zeitreich\/wp-content\/uploads\/2023\/04\/Poet_Bjoern_Nonhoff-606x1024.jpg\" alt=\"Zeitungsartikel mit einem Gedicht von Bj\u00f6rn Nonhoff, der Hofnarr spricht\" width=\"606\" height=\"1024\" srcset=\"https:\/\/www.nonhoff.info\/zeitreich\/wp-content\/uploads\/2023\/04\/Poet_Bjoern_Nonhoff-606x1024.jpg 606w, https:\/\/www.nonhoff.info\/zeitreich\/wp-content\/uploads\/2023\/04\/Poet_Bjoern_Nonhoff-600x1014.jpg 600w, https:\/\/www.nonhoff.info\/zeitreich\/wp-content\/uploads\/2023\/04\/Poet_Bjoern_Nonhoff-177x300.jpg 177w, https:\/\/www.nonhoff.info\/zeitreich\/wp-content\/uploads\/2023\/04\/Poet_Bjoern_Nonhoff-768x1299.jpg 768w, https:\/\/www.nonhoff.info\/zeitreich\/wp-content\/uploads\/2023\/04\/Poet_Bjoern_Nonhoff-908x1536.jpg 908w, https:\/\/www.nonhoff.info\/zeitreich\/wp-content\/uploads\/2023\/04\/Poet_Bjoern_Nonhoff.jpg 1119w\" sizes=\"auto, (max-width: 606px) 100vw, 606px\" \/><\/a><figcaption id=\"caption-attachment-1691\" class=\"wp-caption-text\">Zeitungsartikel mit einem Gedicht von Bj\u00f6rn Nonhoff, der Hofnarr spricht<\/figcaption><\/figure>\r\n<p>&nbsp;<\/p>\r\n<div><span style=\"color: #23282d; font-size: 1.6em; font-weight: 600;\">wesen w\u00f6rtlich w\u00e4rmen<\/span><\/div>\r\n<div>\r\n<p>Worte w\u00e4rmen,<br \/>Worte befreien,<br \/>Worte erheitern,<br \/>Worte verklingen.<br \/>Erwecken unversch\u00e4mte Sanftmut<\/p>\r\n<p>leichter Wind zwischen Bl\u00e4ttern<br \/>rascheln im W\u00f6rterwald<\/p>\r\n<p>durch Punkt, Komma, Absatz<br \/>kurz unterbrochen<br \/>auf die n\u00e4chste Seite gebl\u00e4ttert<br \/>oder geschoben<\/p>\r\n<p>zeigen sie sich,<br \/>verh\u00fcllt, versteckt,<br \/>meist\u00a0frei.<\/p>\r\n<p>Gebete und Segens<br \/>entfalten ihre Kraft<br \/>mit der Stimme, dem Ton und der Pause<br \/>in der wir gemeinsam wachsen<br \/>\u00fcber unsere Bedeutungen hinaus.<\/p>\r\n<p>Sind Hingabe,<br \/>verspielt,<br \/>und du willst ihre Weisheit verbinden<br \/>mit dem &#8211; was kommt und ist<\/p>\r\n<p>Wie eine Antenne<br \/>ein Bogen und sein Ziel<br \/>sind es die jungen, ungenutzten W\u00f6rer<br \/>die und verf\u00fchren<br \/>die alten die uns halten<\/p>\r\n<p>die, die wie wir sind als Kind<br \/>als Idee, als Traum<br \/>als unschuldige Wesen.<\/p>\r\n<p>Verwirrung und Farben zeichnen unsere Wege<br \/>die zu gehen sind, bevor wir nur den Kland<br \/>der Worte erahnen<\/p>\r\n<p>Es gibt es nichts mehr zu tun,<br \/>nichts zu erfinden,<br \/>nichts zu erschaffen<br \/>davon zu sprechen<\/p>\r\n<p>wir lassen das letzte Wort los<br \/>und fliessen in dieses Jenseits im Diesseits<br \/>die Weite ohne Halt zu sein<\/p>\r\n<p>gleich jetzt,<br \/>gleich hier.<\/p>\r\n<p>Folgen wir<br \/>Intuitionen und Emotionen<br \/>nicht mehr<\/p>\r\n<p>Gl\u00fccklich sein &#8211; weil wir es geworden wagen<br \/>mit dem was ist, w\u00e4hrend wir nicht mehr sind<\/p>\r\n<p>W\u00f6rter Geschenke<\/p>\r\n<p><a href=\"https:\/\/nonhoff.info\/zeitreich\/wp-content\/uploads\/2024\/08\/IMG_9925-scaled.jpg\"><img loading=\"lazy\" decoding=\"async\" class=\"aligncenter size-large wp-image-2397\" src=\"https:\/\/nonhoff.info\/zeitreich\/wp-content\/uploads\/2024\/08\/IMG_9925-734x1024.jpg\" alt=\"\" width=\"734\" height=\"1024\" srcset=\"https:\/\/www.nonhoff.info\/zeitreich\/wp-content\/uploads\/2024\/08\/IMG_9925-734x1024.jpg 734w, https:\/\/www.nonhoff.info\/zeitreich\/wp-content\/uploads\/2024\/08\/IMG_9925-scaled-600x838.jpg 600w, https:\/\/www.nonhoff.info\/zeitreich\/wp-content\/uploads\/2024\/08\/IMG_9925-215x300.jpg 215w, https:\/\/www.nonhoff.info\/zeitreich\/wp-content\/uploads\/2024\/08\/IMG_9925-768x1072.jpg 768w, https:\/\/www.nonhoff.info\/zeitreich\/wp-content\/uploads\/2024\/08\/IMG_9925-1100x1536.jpg 1100w, https:\/\/www.nonhoff.info\/zeitreich\/wp-content\/uploads\/2024\/08\/IMG_9925-1467x2048.jpg 1467w, https:\/\/www.nonhoff.info\/zeitreich\/wp-content\/uploads\/2024\/08\/IMG_9925-scaled.jpg 1834w\" sizes=\"auto, (max-width: 734px) 100vw, 734px\" \/><\/a><\/p>\r\n<\/div>\r\n<div>\r\n<h2>Wahnsinn<\/h2>\r\n<p>Innehalten.<\/p>\r\n<p>Alle \u00c4ngste annehmen<br \/>Mit sich <br \/>allem was ist<br \/>sein<br \/>auf die Herzen h\u00f6ren<br \/>Alles darf sein<br \/>im Lauschen<br \/>der Stille<\/p>\r\n<p>unsere Freir\u00e4ume <br \/>beatmen<br \/>unversch\u00e4mten R\u00e4ume<br \/>beleben<br \/>d\u00fcrfen<br \/>einfach Farbe sein<\/p>\r\n<h2><strong>deutschsprachige Poesie<\/strong><\/h2>\r\n<p>Bj\u00f6rn Nonhoff z\u00e4hlt zweifellos zu den Poeten, die man live erlebt haben sollte. Denn er lebt die Worte und deren Klang. Poesie als fesselnde Performance.<\/p>\r\n<p>Im Jahr 2000 gewann er den renommierten Poetry Slam im Substanz.\u00a0 Seine Werke sind gepr\u00e4gt von emotionaler Tiefe, die zum Nachdenken anregt und nachhaltig beeindruckt. Doch es ist vor allem seine charismatische Art der Pr\u00e4sentation, die sein Publikum in den Bann zieht. Porvokation und soziele Intervention. Am Liebsten ist ihm die Stille danach und\u00a0 dabei.<\/p>\r\n<p>Bj\u00f6rn Nonhoff ist ein Meister des poetischen Vortrags. Seine Stimme und Gestik verschmelzen mit seinen Texten und verleihen jeder Darbietung eine au\u00dfergew\u00f6hnliche Intensit\u00e4t und Leidenschaft. Er entf\u00fchrt seine Zuh\u00f6rer auf eine emotionale Reise, verzaubert sie mit Worten und Gesten und l\u00e4sst sie f\u00fcr einen Moment in eine andere Welt eintauchen.<\/p>\r\n<p>Wer wei\u00df, mit Gl\u00fcck gibt es bald wieder einige Live Performances in denen man die Gedichte h\u00f6ren und erleben wird.<\/p>\r\n<hr \/>\r\n<p><strong>Der Poet auf der B\u00fchne<\/strong><\/p>\r\n<p>Bj\u00f6rn Nonhoff ist ein au\u00dfergew\u00f6hnlicher Poet, dessen Werke durch ihre Tiefgr\u00fcndigkeit und emotionale Kraft bestechen. Sein Gedichtband <em>&#8220;Liebend gerne Liebend&#8221;<\/em> hat ihm kaum internationale Anerkennung eingebracht und auch seine Karriere auf weltweiten B\u00fchnen nicht vorangetrieben.<\/p>\r\n<p>Das Buch ist eine Sammlung von Gedichten, die von Liebe, Verlust, Sehnsucht und der Sch\u00f6nheit des Lebens erz\u00e4hlen. Die Texte sind in einer klaren, pr\u00e4gnanten Sprache verfasst, die dennoch von tiefer Intensit\u00e4t zeugt. Sie ber\u00fchren das Herz und laden den Leser ein, \u00fcber die gro\u00dfen Themen des Lebens nachzudenken.<\/p>\r\n<p>Mit <em>&#8220;Liebend gerne Liebend&#8221;<\/em> hat Bj\u00f6rn Nonhoff nur den Nerv ein parr weniger Leser getroffen und es waren kleine Wunder, dass er die Poesie auch auf internationalen B\u00fchnen vortrug. Er wartet nicht mehr darauf, dass seine Poesie anerkannt wird oder ihm Einladungen zu renommierten und gem\u00fctlichen B\u00fchnen und Festivals verschafft.\u00a0<\/p>\r\n<p>Er ist dankbar f\u00fcr die Momente, die er live mit Publikum zelebrieren konnte. Ob im Elfenpark, G\u00e4rtnereien, Buchhandlungen oder im Augsburger Zoo.\u00a0<\/p>\r\n<p>Bestellen sie hier ihr Exemplar seines <a href=\"https:\/\/nonhoff.info\/zeitreich\/https:\/nonhoff.info\/zeitreich\/product\/gedichtband\/?customize_changeset_uuid=06695483-03e9-468b-8efd-0ec12094aa83\">Gedichtbandes Lieben derne Liebend, Bj\u00f6rn Nonhoff<\/a>.<\/p>\r\n<\/div>\r\n<h5>Danke\u00a0<\/h5>\r\n\r\n<h2 class=\"wp-block-heading\">\u00a0<\/h2>\r\n","protected":false},"excerpt":{"rendered":"<p>Der P\u00f6t und seine P\u00f6msGedichte &#8211; eine Auswahl\u00a0 \u00a0 Herzlich willkommen in der Welt der Poesie, Gedichte sind mehr als nur Worte. Sie sind Einladungen<a href=\"https:\/\/www.nonhoff.info\/zeitreich\/gedichte\/\" class=\"more-link\"><span class=\"screen-reader-text\"> &#8220;Gedichte und Geschichten&#8221;<\/span><\/a><\/p>\n","protected":false},"author":1,"featured_media":2397,"parent":0,"menu_order":0,"comment_status":"closed","ping_status":"closed","template":"","meta":{"footnotes":""},"class_list":["post-98","page","type-page","status-publish","has-post-thumbnail","hentry"],"_links":{"self":[{"href":"https:\/\/www.nonhoff.info\/zeitreich\/wp-json\/wp\/v2\/pages\/98","targetHints":{"allow":["GET"]}}],"collection":[{"href":"https:\/\/www.nonhoff.info\/zeitreich\/wp-json\/wp\/v2\/pages"}],"about":[{"href":"https:\/\/www.nonhoff.info\/zeitreich\/wp-json\/wp\/v2\/types\/page"}],"author":[{"embeddable":true,"href":"https:\/\/www.nonhoff.info\/zeitreich\/wp-json\/wp\/v2\/users\/1"}],"replies":[{"embeddable":true,"href":"https:\/\/www.nonhoff.info\/zeitreich\/wp-json\/wp\/v2\/comments?post=98"}],"version-history":[{"count":35,"href":"https:\/\/www.nonhoff.info\/zeitreich\/wp-json\/wp\/v2\/pages\/98\/revisions"}],"predecessor-version":[{"id":2399,"href":"https:\/\/www.nonhoff.info\/zeitreich\/wp-json\/wp\/v2\/pages\/98\/revisions\/2399"}],"wp:featuredmedia":[{"embeddable":true,"href":"https:\/\/www.nonhoff.info\/zeitreich\/wp-json\/wp\/v2\/media\/2397"}],"wp:attachment":[{"href":"https:\/\/www.nonhoff.info\/zeitreich\/wp-json\/wp\/v2\/media?parent=98"}],"curies":[{"name":"wp","href":"https:\/\/api.w.org\/{rel}","templated":true}]}}