{"id":74,"date":"2015-09-03T15:31:13","date_gmt":"2015-09-03T13:31:13","guid":{"rendered":"http:\/\/nonhoff.info\/zeitreich\/?page_id=74"},"modified":"2021-12-14T21:45:55","modified_gmt":"2021-12-14T20:45:55","slug":"impressum","status":"publish","type":"page","link":"https:\/\/www.nonhoff.info\/zeitreich\/impressum\/","title":{"rendered":"Impressum"},"content":{"rendered":"<div id=\"stacks_out_175_page0\" class=\"stacks_out\">\n<div id=\"stacks_in_175_page0\" class=\"stacks_in com_yourhead_stack_header_stack\"><center><strong>IMPRESSUM &#8211; Zeitreich &#8211; Geschichtenerz\u00e4hler<\/strong><\/center><\/div>\n<\/div>\n<div id=\"stacks_out_1170_page0\" class=\"stacks_out\"><\/div>\n<div id=\"stacks_out_177_page0\" class=\"stacks_out\">\n<div id=\"stacks_in_177_page0\" class=\"stacks_in text_stack\">\n<p style=\"text-align: center;\"><a href=\"https:\/\/www.nonhoff.info\/zeitreich\">Der Geschichtenerz\u00e4hler Bj\u00f6rn Nonhoff<\/a><br \/>\nDeuschlstra\u00dfe 13 a<br \/>\n85567 Grafing<\/p>\n<p style=\"text-align: center;\">Mobil: 0 eins 6 drei 6 neun 12341<br \/>\nSteuernummer:\u00a0112\/255\/40383<br \/>\nZoll: &#8211; tbd &#8211;<\/p>\n<\/div>\n<\/div>\n<div id=\"stacks_out_1435_page0\" class=\"stacks_out\">\n<div id=\"stacks_in_1435_page0\" class=\"stacks_in com_onelittledesigner_stacks_Simple_Text_Pro_stack\">\n<div id=\"\" class=\"\">\n<div id=\"simpleText_stacks_in_1435_page0\" class=\"flowTypeOff flowAdvOff fontSizeInheritOn reFontSizeOff simpleText rotateOff inheritOff lineHeightOff letterSpacingOff\">\n<div class=\"insideText fontFamilyOn\">\n<p><strong>HAFTUNGSHINWEIS:<\/strong><\/p>\n<p>Die in unserem Internetangebot ver\u00f6ffentlichten Inhalte und Rechtsgrundlagen sind sorgf\u00e4ltig zusammengestellt, erheben aber keinen Anspruch auf Aktualit\u00e4t, sachliche Korrektheit oder Vollst\u00e4ndigkeit; eine entsprechende Gew\u00e4hr wird nicht \u00fcbernommen. Gesetze und Verordnungen sind nur g\u00fcltig und finden Anwendung entsprechend ihrer jeweils aktuellsten Fassung, die im einschl\u00e4gigen amtlichen Verk\u00fcndungsorgan (insbesondere Bundesgesetzblatt und Bundesanzeiger) ver\u00f6ffentlicht ist. Trotz sorgf\u00e4ltiger inhaltlicher Kontrolle \u00fcbernehmen wir keine Haftung f\u00fcr die Inhalte externer Links. F\u00fcr den Inhalt der verlinkten Seiten sind ausschlie\u00dflich deren Betreiber verantwortlich.<\/p>\n<p>Zeitreich\u00a0is responsible for the content of this website. Unauthorized usage of this website and its contents is strictly prohibited. Liability pertaining to the usage of this website: we have the utmost care in compiling this website. However, we cannot guarantee its absolute accuracy. Mahlefitz rules out any liability for damages that were incurred directly or indirectly from use of this website. Unless the damage can be taced to deliberate grossly negligent acts. Liability pertaining to the external links: it is possible to access external links through this website. As the content of these external links or websites can be changed at any time without our knowledge, we hereby absolve Mahlefitz of any responsibility for their contents. Copyright 2015 Bj\u00f6rn Nonhoff\u00a0All rights reseved. The content of the website may not be published, duplicated or reproduced in any form without a previously written authorization.<\/p>\n<p><strong>GOOGLE ANALYTICS:<\/strong><\/p>\n<p>Diese Website benutzt Google Analytics, einen Webanalysedienst der Google Inc. (\u201eGoogle\u201c). Google Analytics verwendet sog. \u201eCookies\u201c, Textdateien, die auf Ihrem Computer gespeichert werden und die eine Analyse der Benutzung der Website durch Sie erm\u00f6glichen. Die durch den Cookie erzeugten Informationen \u00fcber Ihre Benutzung dieser Website (einschlie\u00dflich Ihrer IP-Adresse), wird an einen Server von Google in den USA \u00fcbertragen und dort gespeichert. Google wird diese Informationen benutzen, um Ihre Nutzung der Website auszuwerten, um Reports \u00fcber die Websiteaktivit\u00e4ten f\u00fcr die Websitebetreiber zusammenzustellen und um weitere mit der Websitenutzung und der Internetnutzung verbundene Dienstleistungen zu erbringen. Auch wird Google diese Informationen gegebenenfalls an Dritte \u00fcbertragen, sofern dies gesetzlich vorgeschrieben oder soweit Dritte diese Daten im Auftrag von Google verarbeiten. Google wird in keinem Fall Ihre IP-Adresse mit anderen Daten von Google in Verbindung bringen. Sie k\u00f6nnen die Installation der Cookies durch eine entsprechende Einstellung Ihrer Browser-Software verhindern; wir weisen Sie jedoch darauf hin, dass Sie in diesem Fall gegebenenfalls nicht s\u00e4mtliche Funktionen dieser Website vollumf\u00e4nglich nutzen k\u00f6nnen. Durch die Nutzung dieser Website erkl\u00e4ren Sie sich mit der Bearbeitung der \u00fcber Sie erhobenen Daten durch Google in der zuvor beschriebenen Art und Weise und zu dem zuvor benannten Zweck einverstanden. Sie k\u00f6nnen der Erhebung der Daten durch Google-Analytics mit Wirkung f\u00fcr die Zukunft widersprechen, indem sie ein Deaktivierungs-Add-on (http:\/\/tools.google.com\/dlpage\/gaoptout?hl=de) f\u00fcr Ihren Browser installieren.<\/p>\n<p>This website uses Google Analytics, a web analytics service provided by Google, Inc. (\u201cGoogle\u201d). Google Analytics uses \u201ccookies\u201d, which are text files placed on your computer, to help the website analyze how users use the site. The information generated by the cookie about your use of the website (including your IP address) will be transmitted to and stored by Google on servers in the United States. Google will use this information for the purpose of evaluating your use of the website, compiling reports on website activity for website operators and providing other services relating to website activity and internet usage. Google may also transfer this information to third parties where required to do so by law, or where such third parties process the information on Google\u2019s behalf. Google will not associate your IP address with any other data held by Google. You may refuse the use of cookies by selecting the appropriate settings on your browser, however please note that if you do this you may not be able to use the full functionality of this website. By using this website, you consent to the processing of data about you by Google in the manner and for the purposes set out above. You can opt-out from being tracked by Google Analytics with effect for the future by downloading and installing Google Analytics Opt-out Browser Addon for your current web browser: http:\/\/tools.google.com\/dlpage\/gaoptout?hl=en.<\/p>\n<\/div>\n<\/div>\n<\/div>\n<\/div>\n<\/div>\n<div id=\"stacks_out_1317_page0\" class=\"stacks_out\">\n<div id=\"stacks_in_1317_page0\" class=\"stacks_in com_yourhead_stack_button_stack\">\n<div id=\"stacks_in_1317_page0_button\"><strong>Quellennachweis:<\/strong><\/div>\n<div>Die Fotos sind aus dem eigenen Archiv und von\u00a0<a href=\"http:\/\/www.alexsoller.de\/\">Alexander Soller<\/a>,\u00a0 Danke daf\u00fcr.<\/div>\n<div><\/div>\n<\/div>\n<\/div>\n<div><\/div>\n","protected":false},"excerpt":{"rendered":"<p>IMPRESSUM &#8211; Zeitreich &#8211; Geschichtenerz\u00e4hler Der Geschichtenerz\u00e4hler Bj\u00f6rn Nonhoff Deuschlstra\u00dfe 13 a 85567 Grafing Mobil: 0 eins 6 drei 6 neun 12341 Steuernummer:\u00a0112\/255\/40383 Zoll: &#8211;<a href=\"https:\/\/www.nonhoff.info\/zeitreich\/impressum\/\" class=\"more-link\"><span class=\"screen-reader-text\"> &#8220;Impressum&#8221;<\/span><\/a><\/p>\n","protected":false},"author":1,"featured_media":0,"parent":0,"menu_order":0,"comment_status":"closed","ping_status":"closed","template":"","meta":{"footnotes":""},"class_list":["post-74","page","type-page","status-publish","hentry"],"_links":{"self":[{"href":"https:\/\/www.nonhoff.info\/zeitreich\/wp-json\/wp\/v2\/pages\/74","targetHints":{"allow":["GET"]}}],"collection":[{"href":"https:\/\/www.nonhoff.info\/zeitreich\/wp-json\/wp\/v2\/pages"}],"about":[{"href":"https:\/\/www.nonhoff.info\/zeitreich\/wp-json\/wp\/v2\/types\/page"}],"author":[{"embeddable":true,"href":"https:\/\/www.nonhoff.info\/zeitreich\/wp-json\/wp\/v2\/users\/1"}],"replies":[{"embeddable":true,"href":"https:\/\/www.nonhoff.info\/zeitreich\/wp-json\/wp\/v2\/comments?post=74"}],"version-history":[{"count":10,"href":"https:\/\/www.nonhoff.info\/zeitreich\/wp-json\/wp\/v2\/pages\/74\/revisions"}],"predecessor-version":[{"id":1379,"href":"https:\/\/www.nonhoff.info\/zeitreich\/wp-json\/wp\/v2\/pages\/74\/revisions\/1379"}],"wp:attachment":[{"href":"https:\/\/www.nonhoff.info\/zeitreich\/wp-json\/wp\/v2\/media?parent=74"}],"curies":[{"name":"wp","href":"https:\/\/api.w.org\/{rel}","templated":true}]}}