{"id":553,"date":"2018-03-10T11:45:59","date_gmt":"2018-03-10T10:45:59","guid":{"rendered":"http:\/\/nonhoff.info\/zeitreich\/datenschutzbelehrung\/"},"modified":"2021-12-14T22:20:48","modified_gmt":"2021-12-14T21:20:48","slug":"datenschutzbelehrung","status":"publish","type":"page","link":"https:\/\/www.nonhoff.info\/zeitreich\/datenschutzbelehrung\/","title":{"rendered":"Datenschutzbelehrung"},"content":{"rendered":"<p><strong>Datenschutzerkl\u00e4rung\u00a0\u00a0<\/strong><\/p>\n<p>Verantwortlich f\u00fcr die Datenverarbeitung<\/p>\n<p>Bj\u00f6rn Nonhoff<br \/>\nAdresse: Deuschlstra\u00dfe 13 a, 85567 Grafing, Deutschland<br \/>\nTelefon: +49 136 69 12341<br \/>\nE-Mail: <a href=\"mailto:info@zeitreich.de\">info@zeitreich.de<\/a><\/p>\n<p><strong><br \/>\nUnsere Strategie zum Schutz<\/strong><\/p>\n<p>Ihre Daten geh\u00f6ren Ihnen. Das wissen wir. Deshalb nehmen wir, bei Zeitreich mit Sitz in Deutschland, Datenschutz sehr ernst. Wir befolgen die gesetzlichen Bestimmungen zum Datenschutz und tun alles, um Ihre Daten vertraulich zu halten. Damit Sie wissen, welche Daten wir speichern und wie wir sie verwenden, haben wir dieses Dokument erstellt.<\/p>\n<p>Unsere Datenschutzerkl\u00e4rung umfasst unsere Website, unsere Marketingaktivit\u00e4ten, sowie unsere Beziehungen zu InteressentInnen, KundInnen, MitarbeitInnen und LieferantInnen und allen weiteren Personen, mit denen wir in unserem Gesch\u00e4ftsbetrieb als Unternehmensberatung, als Trainingsfirma und als Coach zu tun haben.<\/p>\n<p>Sichere Entwicklung<\/p>\n<p>Wir leben Datenschutz als Einstellung! Wir verwenden keine Softwaremodule wenig vertrauensw\u00fcrdiger Herkunft und wir arbeiten mit einem IT-Sicherheitsexperten zusammen, bei welchem wir jederzeit R\u00fccksprache halten k\u00f6nnen \u2013 f\u00fcr IHRE und UNSERE Datensicherheit. Bei personenbezogenen Daten folgen wir dem Grundsatz der Datenminimierung.<\/p>\n<p>Welche Informationen erfasst Zeitreich \u00fcber mich?<\/p>\n<p>Wir erheben, verarbeiten und nutzen Ihre personenbezogenen Daten nur mit Ihrer Einwilligung oder wenn eine Rechtsvorschrift dies erlaubt. Wir werden nur solche personenbezogenen Daten erheben, verarbeiten und nutzen, die f\u00fcr die Durchf\u00fchrung und die Inanspruchnahme unserer Dienstleistungen erforderlich sind und die Sie uns freiwillig zur Verf\u00fcgung stellen.<\/p>\n<p>Personenbezogen sind alle Daten, die Angaben \u00fcber pers\u00f6nliche oder sachliche Verh\u00e4ltnisse einer bestimmten oder bestimmbaren Person enthalten. Dazu z\u00e4hlen beispielsweise Name, Adresse, Geburtsdatum oder Bankdaten.<\/p>\n<p>Andere Daten, die zum Zwecke der Kursteilnahme erhoben werden, werden sp\u00e4testens nach Ende des Kurses unwiderruflich gel\u00f6scht.<\/p>\n<p>Website von Zeitreich<\/p>\n<p>Wir erfassen Informationen dar\u00fcber, wie Sie unsere Websites nutzen. Dazu z\u00e4hlen Informationen, die Ihr Browser oder Ger\u00e4t an unsere Server sendet, wenn Sie unserer Website besuchen. Ihr Browser oder Ger\u00e4t kann uns zB Ihre IP-Adresse und die Art des von Ihnen verwendeten Browsers und Ger\u00e4ts mitteilen. Ihr Browser kann uns auch mitteilen, \u00fcber welche Seite Sie zu unserer Website gelangt sind, und gegebenenfalls die Suchbegriffe, die Sie in eine Suchmaschine eingegeben haben, die Sie zu unserer Website weitergeleitet hat. Wir k\u00f6nnen mit Cookies und \u00e4hnlichen Technologien Informationen dar\u00fcber erfassen, wie Sie unsere Websites verwenden.<\/p>\n<p>E-Mail-Mitteilungen von Zeitreich und unser Newsletter<\/p>\n<p>Mit dem Zeitreich-Newsletter informieren wir Sie \u00fcber uns, unsere Angebote und Dienstleistungen und \u00fcber unsere Kooperationspartner und\/oder deren Angebote und Dienstleistungen. Erg\u00e4nzend dazu informieren wir Sie \u00fcber nationale und internationale Entwicklungen rund um das Kernthema Geschichtenerz\u00e4hlen und B\u00fccher im Allgemeinen.<\/p>\n<p>Mit der Anmeldung zum Newsletter speichern wir Ihre IP-Adresse und das Datum der Anmeldung. Diese Speicherung dient zum Nachweis f\u00fcr den Fall, dass ein Dritter eine\/Ihre E-Mail-Adresse missbraucht und sich ohne Ihr Wissen\/des Berechtigten f\u00fcr den Erhalt des Newsletters anmeldet. Von uns gesendete E-Mail-Mitteilungen \u00fcber den externen Newsletter-Anbieter k\u00f6nnen ein Z\u00e4hlpixel enthalten, das uns meldet, ob Sie die Mitteilung erhalten oder ge\u00f6ffnet oder auf eine Verkn\u00fcpfung in der Mitteilung geklickt haben. Wenn Sie dies nicht m\u00f6chten, k\u00f6nnen Sie den Erhalt unseres Newsletters unterbinden. Ein Link zur Abmeldung findet sich in jedem Newsletter.<\/p>\n<p>Online-Werbung von Zeitreich<\/p>\n<p>Wir werben online auf unterschiedliche Weise einschlie\u00dflich der Anzeige von Werbung von Zeitreich auf Facebook oder Google. Wir erfassen Informationen dar\u00fcber, welche Werbung angeklickt und wo die Werbung angezeigt wird.<\/p>\n<p><strong>Schaltfl\u00e4chen, Werkzeuge und Inhalt von anderen Unternehmen\u00a0<\/strong><\/p>\n<p>Unsere Website kann Schaltfl\u00e4chen, Werkzeuge oder Inhalte enthalten, die mit Diensten anderer Unternehmen verkn\u00fcpft sind (z. B. Schaltfl\u00e4che von Facebook, Schaltfl\u00e4che von XING, Schaltfl\u00e4che von LinkedIn oder Schaltfl\u00e4che von Pinterest). Wenn Sie diese Schaltfl\u00e4chen, Werkzeuge oder Inhalte sehen bzw. mit diesen interagieren, k\u00f6nnen auch bestimmte Informationen von Ihrem Browser automatisch an das andere Unternehmen gesendet werden. Weitere Informationen finden Sie in der Datenschutzrichtlinie des entsprechenden Unternehmens. Wir versuchen diese Anwendungen auf Unternehmen mit detaillierten Datenschutzerkl\u00e4rungen zu beschr\u00e4nken.<\/p>\n<p><strong>Seiten von Zeitreich in sozialen Netzwerken und Anmeldedienste\u00a0<\/strong><\/p>\n<p>Wir betreiben in sozialen Netzwerken (z. B. Facebook, XING oder LinkedIn) eigene Seiten. Sie k\u00f6nnen sich \u00fcber ein Konto f\u00fcr ein soziales Netzwerk wie beispielsweise ein Facebook-Konto unter Umst\u00e4nden auch bei einer Anwendung oder Website von Zeitreich anmelden. Wir k\u00f6nnen Informationen erfassen, wenn Sie mit unseren Seiten in sozialen Netzwerken interagieren oder diese Anmeldefunktionen verwenden.<\/p>\n<p><strong>Veranstaltungen von Zeitreich\u00a0<\/strong><\/p>\n<p>In regelm\u00e4\u00dfigen Abst\u00e4nden veranstaltet Zeitreich Events. In der Regel erstellen wir Fotos und\/oder Videos und\/oder einen Internet-Livestream von der Veranstaltung. Diese k\u00f6nnen in der Folge auf unserer Website, in unserem Newsletter oder \u00fcber unseren Auftritt in sozialen Medien ver\u00f6ffentlicht und verbreitet werden. In keinem Fall werden diese Aufnahmen an Dritte weiterverkauft oder f\u00fcr gesch\u00e4ftliche Zwecke abseits der Eigenwerbung f\u00fcr Zeitreich oder die besuchte Veranstaltung verwendet. Mit dem Besuch der Veranstaltung erkl\u00e4ren Sie sich mit der beschriebenen Verwendung allf\u00e4lliger Aufnahmen einverstanden.<\/p>\n<p><strong>Welche Tracking-Technologien kommen auf unseren Websites zum Einsatz?<\/strong><\/p>\n<p><strong>Serverlogfiles\u00a0<\/strong><\/p>\n<p>Unser Provider erhebt Daten \u00fcber jeden Zugriff auf unsere Website und damit unseren Webserver. Zu diesen Daten z\u00e4hlen Ziel, Datum und Uhrzeit des Zugriffs, \u00fcbertragene Datenmenge, Erfolg des Zugriffs, davor abgerufenen Seite (Referrer), das Betriebssystem des Nutzers, die IP-Adresse und der anfragende Provider. Diese Daten werden nur f\u00fcr statistische Auswertungen zum Zweck des Betriebs, der Sicherheit und der Optimierung der Website erhoben und nicht weiter verkn\u00fcpft. Nur bei Verdacht auf rechtswidrige Nutzung werden die Serverlogs nachtr\u00e4glich zweckgebunden gepr\u00fcft.<\/p>\n<p><strong>Google Analytics\u00a0<\/strong><\/p>\n<p>Unsere Websites benutzen Google Analytics, einen Webanalysedienst der Google Inc., 1600 Amphitheater Parkway, Mountainview, California, 94043 USA (\u201eGoogle\u201c). Google verwendet dabei Cookies, die eine Analyse Ihrer Benutzung der Webseite erm\u00f6glichen. Die durch das Cookie erzeugten Informationen \u00fcber Ihre Benutzung dieser Website (einschlie\u00dflich Ihrer IP-Adresse) werden an einen Server von Google in den USA \u00fcbertragen und dort gespeichert. Google kann diese Informationen ggf. an Dritte \u00fcbertragen oder in sonstiger Weise verwerten, so dass eine direkte Personenbeziehbarkeit der so gesammelten Daten nicht mehr auszuschlie\u00dfen ist. Wir weisen Sie daher darauf hin, dass diese Webseite Google Analytics mit der Erweiterung \u201eanonymize\u201c verwendet und daher Ihre IP-Adresse nur gek\u00fcrzt weiterverarbeitet wird. Somit wird eine direkte Personenbeziehbarkeit ausgeschlossen. Dieser Anonymisierungscodezusatz stellt eine datenschutzrechtliche Weiterverarbeitung sicher. Sie k\u00f6nnen zudem der Installation der Cookies widersprechen, indem Sie f\u00fcr Ihren Browser ein sog. Deaktivierungs-Add-On herunterladen.<\/p>\n<p>Weiterf\u00fchrende Informationen finden Sie in der Datenschutzerkl\u00e4rung von Google:\u00a0<a href=\"https:\/\/policies.google.com\/privacy\">www.google.com\/intl\/de\/policies\/privacy\/<\/a><\/p>\n<p><strong>Social Sharing\u00a0<\/strong><\/p>\n<p>Wir verwenden auf unserer Webseite sogenannte Social Sharing Plugins von Facebook. Sie erkennen dies z. B. in unserem Blog an den jeweiligen Unternehmenslogos auf den Buttons zum Teilen der Inhalte. Bei Klick auf den Button wird eine direkte Verbindung zu den Servern des jeweiligen Anbieters aufgebaut und mitgeteilt, welche bestimmte Webseite unserer Internetpr\u00e4senz Sie gerade besuchen und welchen Inhalt Sie teilen. Sind Sie w\u00e4hrend des Besuchs unserer Webseite als registrierter Nutzer bei diesem Anbieter eingeloggt, kann der Anbieter den Besuch Ihrem Profil zuordnen. Dazu gen\u00fcgt unter Umst\u00e4nden der blo\u00dfe Aufruf unserer Webseiten. Teilen oder Liken Sie Inhalte, so wird dies gem\u00e4\u00df der von Ihnen getroffenen Privacy-Einstellungen anderen Personen in diesem Social Network sichtbar gemacht. \u00dcberdies behalten sich diese Anbieter vor, zusammengefasste Statistiken \u00fcber die Aktivit\u00e4ten der Nutzer an Dritte, d. h. andere Nutzer und Partner, Inserenten und verbundene Webseiten weiterzugeben.<\/p>\n<p>Wir haben keinerlei Einfluss auf den Umfang der Daten, die diese Anbieter beim Teilen oder Liken von Inhalten erheben und bitten Sie daher, diesbez\u00fcgliche\u00a0 Informationen zur Erfassung, Weitergabe und Nutzung Ihrer Daten und den Datenschutzhinweisen hier zu entnehmen: Facebook: <a href=\"https:\/\/www.facebook.com\/policy.php\">https:\/\/www.facebook.com\/policy.php\u00a0<\/a><\/p>\n<p><strong>Eingebettete Videos\u00a0<\/strong><\/p>\n<p>Auf unserer Website finden sich auf manchen Seiten eingebettete Videos, die von externen Streaming-Dienstleistern wie YouTube gehostet werden. Wom\u00f6glich binden wir diese Videos im &#8220;erweiterten Datenschutzmodus&#8221; ein. Bitte beachten Sie aber, dass sp\u00e4testens beim Abspielen eines Videos Daten an den externen Anbieter \u00fcbermittelt werden.<\/p>\n<p><strong>Wof\u00fcr verwendet Zeitreich meine Daten?\u00a0<\/strong><\/p>\n<p>F\u00fcr folgende Zwecke ben\u00f6tigen wir personenbezogene Daten von Ihnen:<\/p>\n<p>\u2022\u00a0\u00a0\u00a0 die Kontaktaufnahme mit uns<br \/>\n\u2022\u00a0\u00a0\u00a0 das Abonnieren\/Abbestellen unseres Newsletters<br \/>\n\u2022\u00a0\u00a0\u00a0 bei der Auftrags- bzw. Vertragsabwicklung<br \/>\n\u2022\u00a0\u00a0\u00a0 im Rahmen der Auftragsdatenverarbeitung<br \/>\n\u2022\u00a0\u00a0\u00a0 im Rahmen des Lieferantenverwaltungsverfahrens<\/p>\n<p>Die Erhebung, Verarbeitung und Nutzung Ihrer personenbezogenen Daten geschieht ausschlie\u00dflich zweckgebunden. Wir \u00fcberpr\u00fcfen regelm\u00e4\u00dfig unsere Praktiken der Datensammlung, -speicherung und -verarbeitung, um sicherzustellen, dass wir so wenig personenbezogene Daten wie m\u00f6glich sammeln, speichern und verarbeiten (Prinzip der Datensparsamkeit).<\/p>\n<p><strong>Gibt Zeitreich meine personenbezogenen Informationen weiter?\u00a0<\/strong><\/p>\n<p>Wir arbeiten mit Unternehmen zusammen, die uns bei der Durchf\u00fchrung unserer Gesch\u00e4fte unterst\u00fctzen. Diese Unternehmen erbringen Dienste wie Webhosting oder das Versenden von E-Mail-Mitteilungen f\u00fcr uns. In einigen F\u00e4llen haben diese Unternehmen Zugang zu bestimmten personenbezogenen Informationen von Ihnen, um f\u00fcr Sie in unserem Namen Dienste zu erbringen. Diese Unternehmen werden sorgf\u00e4ltig ausgew\u00e4hlt und d\u00fcrfen Ihre Informationen nicht f\u00fcr eigene Zwecke verwenden. Wir k\u00f6nnen Ihre personenbezogenen Informationen auch in den folgenden F\u00e4llen weitergeben:<\/p>\n<p>\u2022 wenn Sie einer Weitergabe zugestimmt haben.<br \/>\n\u2022 wenn wir verpflichtet sind, Informationen infolge einer Vorladung, gerichtlichen Anordnung oder anderer gesetzlicher Vorschriften oder Auflagen weiterzugeben.<br \/>\n\u2022 wenn wir nach gutem Glauben der Ansicht sind, dass eine Offenlegung erforderlich ist, um eine strafbare Handlung zu verhindern bzw. darauf zu reagieren, unsere Websites gegen Angriffe zu verteidigen oder das Eigentum und die Sicherheit von Zeitreich, unseren Kunden und Benutzern oder der Allgemeinheit zu sch\u00fctzen.<br \/>\n\u2022 wenn wir mit einem anderen Unternehmen fusionieren oder \u00fcbernommen werden. In diesen F\u00e4llen geh\u00f6ren Ihre Informationen wahrscheinlich zu den Verm\u00f6genswerten, die \u00fcbergeben werden.<\/p>\n<p><strong>Was sind Cookies und wie werden sie von Zeitreich verwendet?\u00a0<\/strong><\/p>\n<p>Wie die meisten Websites verwendet Zeitreich Cookies und \u00e4hnliche Technologien, um sicherzustellen, dass unsere Websites richtig funktionieren und um mehr \u00fcber unsere Benutzer und ihre wahrscheinlichen Interessen zu erfahren.<\/p>\n<p>In den Cookies, Sessions und Logfiles werden keine sicherheitsrelevanten oder &#8211; mit Ausnahme Ihrer IP-Adresse &#8211; personenbezogenen Daten gespeichert. Ferner k\u00f6nnen diese Dateien keine Viren \u00fcbertragen, Daten auf Ihrem Rechner ausspionieren oder unbemerkt E-Mails versenden.<\/p>\n<p>Es erfolgt keine Verkn\u00fcpfung dieser Daten. Die Daten werden zu statistischen Zwecken ausgewertet, um unsere Webseiten und unsere Angebote optimieren zu k\u00f6nnen.<\/p>\n<p>Sollten Sie eine Verwendung von Cookies nicht w\u00fcnschen, so k\u00f6nnen Sie die Verwendung in Ihrem Browser sperren bzw. einschr\u00e4nken.<\/p>\n<p><strong>Wo speichert Zeitreich meine personenbezogenen Informationen?\u00a0<\/strong><\/p>\n<p>Ihre personenbezogenen Daten werden von Zeitreich grunds\u00e4tzlich in Deutschland gespeichert. In folgenden F\u00e4llen kann es zu einer l\u00e4nder\u00fcbergreifenden Daten\u00fcbertragung kommen. Unser Newsletter wird \u00fcber einen Server innerhalb der Europ\u00e4ischen Union versandt. Tracking-Daten von Analytics und Social Media Tools werden auch an vertrauensw\u00fcrdige Organisationen au\u00dferhalb der EU \u00fcbermittelt. Insbesondere gilt dies f\u00fcr Google und Facebook, die sich \u00fcber Privacy Shield zu einer gesetzeskonformen Datenverwendung verpflichtet haben.<\/p>\n<p><strong>Wie kann ich meine personenbezogenen Informationen \u00fcberpr\u00fcfen oder aktualisieren?\u00a0<\/strong><\/p>\n<p>Sie haben jederzeit ein Recht auf kostenlose Auskunft, Richtigstellung, Sperrung und ggf. L\u00f6schung Ihrer gespeicherten personenbezogenen Daten. Bitte senden Sie uns daf\u00fcr eine Nachricht an\u00a0<a href=\"mailto:info@zeitreich.de\">info@zeitreich.de<\/a>. Im Fall einer Auskunft an Sie sehen unsere Sicherheitsma\u00dfnahmen vor, dass wir Sie um einen Nachweis Ihrer Identit\u00e4t bitten.<\/p>\n<p><strong>Erhalte ich von Zeitreich Werbung?\u00a0<\/strong><\/p>\n<p>Wir halten nichts von Kaltakquise und unerbetener Werbung. Nur wenn Sie uns Ihre Einwilligung in die Nutzung, Verarbeitung und \u00dcbermittlung Ihrer personenbezogenen Daten zu Marketing- und Marktforschungszwecken erteilt haben, erhalten Sie z. B. einen elektronischen Newsletter. Sie k\u00f6nnen diesen jederzeit ohne Einhaltung einer bestimmten Form oder Frist mit Wirkung f\u00fcr die Zukunft widerrufen.<\/p>\n<p><strong>Wird diese Datenschutzrichtlinie ge\u00e4ndert?\u00a0<\/strong><\/p>\n<p>Wir passen den Inhalt dieser Datenschutzbestimmungen von Zeit zu Zeit an, um den Schutz bei neuen rechtlichen Vorgaben oder technischen Entwicklungen sicherstellen zu k\u00f6nnen. Es empfiehlt sich daher, diese Erkl\u00e4rung in regelm\u00e4\u00dfigen Abst\u00e4nden erneut zur Kenntnis zu nehmen.<\/p>\n<p><strong>Wohin kann ich mich wenden, wenn ich Fragen habe?\u00a0<\/strong><\/p>\n<p>Bitte wenden Sie sich bei jeglichen Fragen mit einer E-Mail-Mitteilung an <a href=\"mailto:klaus.kirchmayr@geist-reich.jetzt\">info@zeitreich.de\u00a0<\/a><\/p>\n","protected":false},"excerpt":{"rendered":"<p>Datenschutzerkl\u00e4rung\u00a0\u00a0 Verantwortlich f\u00fcr die Datenverarbeitung Bj\u00f6rn Nonhoff Adresse: Deuschlstra\u00dfe 13 a, 85567 Grafing, Deutschland Telefon: +49 136 69 12341 E-Mail: info@zeitreich.de Unsere Strategie zum Schutz<a href=\"https:\/\/www.nonhoff.info\/zeitreich\/datenschutzbelehrung\/\" class=\"more-link\"><span class=\"screen-reader-text\"> &#8220;Datenschutzbelehrung&#8221;<\/span><\/a><\/p>\n","protected":false},"author":1,"featured_media":0,"parent":0,"menu_order":0,"comment_status":"closed","ping_status":"closed","template":"","meta":{"footnotes":""},"class_list":["post-553","page","type-page","status-publish","hentry"],"_links":{"self":[{"href":"https:\/\/www.nonhoff.info\/zeitreich\/wp-json\/wp\/v2\/pages\/553","targetHints":{"allow":["GET"]}}],"collection":[{"href":"https:\/\/www.nonhoff.info\/zeitreich\/wp-json\/wp\/v2\/pages"}],"about":[{"href":"https:\/\/www.nonhoff.info\/zeitreich\/wp-json\/wp\/v2\/types\/page"}],"author":[{"embeddable":true,"href":"https:\/\/www.nonhoff.info\/zeitreich\/wp-json\/wp\/v2\/users\/1"}],"replies":[{"embeddable":true,"href":"https:\/\/www.nonhoff.info\/zeitreich\/wp-json\/wp\/v2\/comments?post=553"}],"version-history":[{"count":3,"href":"https:\/\/www.nonhoff.info\/zeitreich\/wp-json\/wp\/v2\/pages\/553\/revisions"}],"predecessor-version":[{"id":1383,"href":"https:\/\/www.nonhoff.info\/zeitreich\/wp-json\/wp\/v2\/pages\/553\/revisions\/1383"}],"wp:attachment":[{"href":"https:\/\/www.nonhoff.info\/zeitreich\/wp-json\/wp\/v2\/media?parent=553"}],"curies":[{"name":"wp","href":"https:\/\/api.w.org\/{rel}","templated":true}]}}