{"id":528,"date":"2018-03-05T02:56:31","date_gmt":"2018-03-05T01:56:31","guid":{"rendered":"http:\/\/nonhoff.info\/zeitreich\/?page_id=528"},"modified":"2026-04-01T19:15:54","modified_gmt":"2026-04-01T17:15:54","slug":"der-geschichtenerzaehler","status":"publish","type":"page","link":"https:\/\/www.nonhoff.info\/zeitreich\/","title":{"rendered":"Bj\u00f6rn Nonhoff &#8211; Autor und Geschichtenerz\u00e4hler"},"content":{"rendered":"\n<h2 class=\"wp-block-heading\">Geschichten und Kunst f\u00fcr diese Zeit<\/h2>\n\n\n\n<blockquote class=\"wp-block-quote is-layout-flow wp-block-quote-is-layout-flow\">\n<p>Ich liebe es Geschichten zu h\u00f6ren und Geschichten zu erz\u00e4hlen. Einen gro\u00dfen Teil meines Repertoirs kam in stillen Momenten zu mir und oft verstehe ich erst Jahre sp\u00e4ter, f\u00fcr wen und welche Momente diese W\u00f6rter zu mir gekommen sind. Manche Leser sagen, es sind sch\u00f6ne Geschichten, anderen erscheinen sie weise oder tief, wieder andere werden auf sanfte Weise von ihnen inspiriert. <br><br>Wenn sie einem die Stille oder ein L\u00e4cheln zaubern, <br>dann ist das schon ein kleines Wunder an sich.<br><br>Geschichten \u00fcber Wahnsinn, Weisheit und Wandlung.<br>Ein Roman \u00fcber die Kraft der Tr\u00e4ume.<br>Kunstwerke, die ber\u00fchren. <br><br>All das bewegt einen wichtigen Teil in meinem Leben. <br><br><a href=\"https:\/\/www.nonhoff.info\/zeitreich\/shop\/\">B\u00fccher entdecken<\/a><br><a href=\"http:\/\/www.liebesreich.de\" data-type=\"link\" data-id=\"www.liebesreich.de\">Kunst ansehen<\/a><br><a href=\"https:\/\/www.nonhoff.info\/zeitreich\/kontakt\/?customize_changeset_uuid=9e41185b-22a2-4fc5-90b2-7f3ae32a865a&amp;customize_autosaved=on&amp;customize_messenger_channel=preview-3\">Kontakt aufnehmen<\/a><\/p>\n\n\n\n<p><\/p>\n\n\n\n<h2 class=\"wp-block-heading\">Bj\u00f6rn Nonhoff, Poet und Clown ? Ein Geschichtenerfinder<\/h2>\n\n\n\n<p>Seit \u00fcber 30 Jahren erz\u00e4hle ich Geschichten auf B\u00fchnen und in B\u00fcchern. <br>Ich liebe die Sprache. Die Fantasie ist meine zweite Heimat &#8211; die erste suche ich ab und an noch. Mir kommt es vor ich bin in einer Zwischenwelt, in der die Mystik noch lebt und die Stille zum Tr\u00e4umen und zum eigentlichen Sein einl\u00e4dt.<br><br>Meine Werke besitzen eine Mischung aus Leichtigkeit, Tiefgang, Humor und Menschlichkeit, die sich auf die Verbundenheit alles Lebendigen st\u00fctzt. Lest selbst &#8211; denn es ist kein Zufall, dass ihr jetzt hier seid.<\/p>\n\n\n\n<p>Eher eine Kette von Zuf\u00e4llen, die sich bedingt.<\/p>\n\n\n\n<h2 class=\"wp-block-heading\">Ein Teddyb\u00e4r tr\u00e4umt sich frei &#8211; &#8220;Bj\u00f6rn out&#8221;<\/h2>\n\n\n\n<p>Mein viertes Buch wurde ein Bestseller. Das h\u00e4tte ich nicht gewagt zu tr\u00e4umen. Sieben Jahre hat seine Entstehung gedauert, von einem Karton mit Bildern eines B\u00e4ren, bis hin zur ersten Auflage. Wie kam das? <br><br>Ein Teddyb\u00e4r verliert seine Lebensfreude.<br>Ausgrechnet er, der immer f\u00fcr andere da ist. <br><br>Was folgt, ist eine surreale und von Musik getragene Reise an Tr\u00e4umen, Abenteuern und die zarte R\u00fcckkehr zur eigenen W\u00fcrde und Kraft. <\/p>\n\n\n\n<p>Eine moderne Fabel \u00fcber Ersch\u00f6pfung, Freundschaft und Neubeginn.<br>F\u00fcr alle, die sich wieder selbst angekommen und im Herzen daheim f\u00fchlen wollen.<\/p>\n\n\n\n<p><\/p>\n\n\n\n<p>-&gt; <a href=\"https:\/\/www.nonhoff.info\/zeitreich\/https:\/nonhoff.info\/zeitreich\/product\/bn\/\">mehr zu &#8220;Bj\u00f6rn Out&#8221; <\/a><\/p>\n\n\n\n<p>-&gt; <a href=\"https:\/\/www.nonhoff.info\/zeitreich\/shop\/\">zu den Geschichten<\/a><\/p>\n<\/blockquote>\n\n\n\n<figure class=\"wp-block-image size-large\"><a href=\"https:\/\/www.nonhoff.info\/zeitreich\/wp-content\/uploads\/2024\/09\/werbung-bjoern-out.jpg\"><img loading=\"lazy\" decoding=\"async\" width=\"881\" height=\"1024\" src=\"https:\/\/www.nonhoff.info\/zeitreich\/wp-content\/uploads\/2024\/09\/werbung-bjoern-out-881x1024.jpg\" alt=\"Bestseller und Kultbuch Bj\u00f6rnout von Bj\u00f6rn Nonhoff\" class=\"wp-image-2438\" srcset=\"https:\/\/www.nonhoff.info\/zeitreich\/wp-content\/uploads\/2024\/09\/werbung-bjoern-out-881x1024.jpg 881w, https:\/\/www.nonhoff.info\/zeitreich\/wp-content\/uploads\/2024\/09\/werbung-bjoern-out-600x697.jpg 600w, https:\/\/www.nonhoff.info\/zeitreich\/wp-content\/uploads\/2024\/09\/werbung-bjoern-out-258x300.jpg 258w, https:\/\/www.nonhoff.info\/zeitreich\/wp-content\/uploads\/2024\/09\/werbung-bjoern-out-768x892.jpg 768w, https:\/\/www.nonhoff.info\/zeitreich\/wp-content\/uploads\/2024\/09\/werbung-bjoern-out-1322x1536.jpg 1322w, https:\/\/www.nonhoff.info\/zeitreich\/wp-content\/uploads\/2024\/09\/werbung-bjoern-out.jpg 1643w\" sizes=\"auto, (max-width: 881px) 100vw, 881px\" \/><\/a><figcaption class=\"wp-element-caption\">Bestseller und Kultbuch Bj\u00f6rnout von Bj\u00f6rn Nonhoff <\/figcaption><\/figure>\n\n\n\n<hr class=\"wp-block-separator has-alpha-channel-opacity\"\/>\n\n\n\n<div class=\"wp-block-columns is-layout-flex wp-container-core-columns-is-layout-9d6595d7 wp-block-columns-is-layout-flex\">\n<div class=\"wp-block-column is-layout-flow wp-block-column-is-layout-flow\">\n<div class=\"wp-block-columns are-vertically-aligned-top is-layout-flex wp-container-core-columns-is-layout-9d6595d7 wp-block-columns-is-layout-flex\">\n<div class=\"wp-block-column is-vertically-aligned-top is-layout-flow wp-block-column-is-layout-flow\">\n<h3 class=\"wp-block-heading\">Kunst Art&nbsp;Aquarelle<\/h3>\n\n\n\n<figure class=\"wp-block-image size-large\"><a href=\"https:\/\/www.nonhoff.info\/zeitreich\/wp-content\/uploads\/2025\/11\/IMG_1188.jpeg\"><img loading=\"lazy\" decoding=\"async\" width=\"768\" height=\"1024\" src=\"https:\/\/www.nonhoff.info\/zeitreich\/wp-content\/uploads\/2025\/11\/IMG_1188-edited.jpeg\" alt=\"Aquarell von Bj\u00f6rn Nonhoff\" class=\"wp-image-2711\" srcset=\"https:\/\/www.nonhoff.info\/zeitreich\/wp-content\/uploads\/2025\/11\/IMG_1188-edited.jpeg 768w, https:\/\/www.nonhoff.info\/zeitreich\/wp-content\/uploads\/2025\/11\/IMG_1188-edited-225x300.jpeg 225w, https:\/\/www.nonhoff.info\/zeitreich\/wp-content\/uploads\/2025\/11\/IMG_1188-edited-600x800.jpeg 600w\" sizes=\"auto, (max-width: 768px) 100vw, 768px\" \/><\/a><figcaption class=\"wp-element-caption\">Kunst <strong>von Bj\u00f6rn Nonhoff<\/strong><br><br>Aquarelle auf handgesch\u00f6pftem B\u00fcttenpapier,<br>abstrakte Leinw\u00e4nde und digitale Werke.<br>Meine Arbeiten entstehen intuitiv \u2013 oft am Morgen \u2013<br>als R\u00e4ume f\u00fcr Stille, Bewegung und Erinnerung.<br>Ausstellungen finden regelm\u00e4\u00dfig an besonderen Orten statt.<\/figcaption><\/figure>\n\n\n\n<p><a href=\"http:\/\/www.liebesreich.de\">Kunst und Aquarelle entdecken<\/a><\/p>\n<\/div>\n\n\n\n<div class=\"wp-block-column is-vertically-aligned-top is-layout-flow wp-block-column-is-layout-flow\">\n<h3 class=\"wp-block-heading\">B\u00fccher &amp; Poesie<\/h3>\n\n\n\n<figure class=\"wp-block-image size-large\"><a href=\"https:\/\/www.nonhoff.info\/zeitreich\/wp-content\/uploads\/2025\/11\/IMG_0014-scaled.jpeg\"><img loading=\"lazy\" decoding=\"async\" width=\"768\" height=\"1024\" src=\"https:\/\/www.nonhoff.info\/zeitreich\/wp-content\/uploads\/2025\/11\/IMG_0014-768x1024.jpeg\" alt=\"Gedichtband komm mir nah von Bj\u00f6rn Nonhoff\" class=\"wp-image-2712\" srcset=\"https:\/\/www.nonhoff.info\/zeitreich\/wp-content\/uploads\/2025\/11\/IMG_0014-768x1024.jpeg 768w, https:\/\/www.nonhoff.info\/zeitreich\/wp-content\/uploads\/2025\/11\/IMG_0014-225x300.jpeg 225w, https:\/\/www.nonhoff.info\/zeitreich\/wp-content\/uploads\/2025\/11\/IMG_0014-1152x1536.jpeg 1152w, https:\/\/www.nonhoff.info\/zeitreich\/wp-content\/uploads\/2025\/11\/IMG_0014-1536x2048.jpeg 1536w, https:\/\/www.nonhoff.info\/zeitreich\/wp-content\/uploads\/2025\/11\/IMG_0014-600x800.jpeg 600w, https:\/\/www.nonhoff.info\/zeitreich\/wp-content\/uploads\/2025\/11\/IMG_0014-scaled.jpeg 1920w\" sizes=\"auto, (max-width: 768px) 100vw, 768px\" \/><\/a><figcaption class=\"wp-element-caption\"><strong>Gedichtband und Kunst &#8220;Komm mir nicht zu nah&#8221;<\/strong><\/figcaption><\/figure>\n\n\n\n<p>Gedichte und Aquarelle \u00fcber N\u00e4he und Abstand.<br>\u00dcber Liebe, Abschied und die W\u00fcrde, sich selbst Raum zu geben.<\/p>\n\n\n\n<p>Eine Verbindung aus moderner Poesie und abstrakter Kunst.<\/p>\n\n\n\n<p><a href=\"https:\/\/www.nonhoff.info\/zeitreich\/nah\/\">mehr zu dem Gedichtband<\/a><\/p>\n<\/div>\n<\/div>\n<\/div>\n<\/div>\n\n\n\n<hr class=\"wp-block-separator has-alpha-channel-opacity\"\/>\n\n\n\n<p>\n\n\n<p><!-- \/wp:post-content --><\/p>\n<p><!-- wp:paragraph --><\/p>\n<p><!-- wp:column {\"verticalAlignment\":\"top\"} --><\/p>\n<p><!-- \/wp:column --><\/p>\n<p><!-- wp:html --><\/p>\n<div class=\"wp-block-column is-vertically-aligned-top\"><!-- wp:heading {\"level\":3} --><\/div>\n<p><!-- \/wp:heading --><\/p>\n<p><!-- wp:heading --><\/p>\n<\/p>\n<h2 class=\"wp-block-heading\">Medien und Interviews mit dem Geschichtenerz\u00e4hler Bj\u00f6rn Nonhoff<\/h2>\n<h2 class=\"wp-block-heading\">Bayerischen Rundfunk &#8211; Interview zum Weltgeschichtentag<\/h2>\n<p><!-- \/wp:heading --><\/p>\n<p><!-- wp:paragraph {\"className\":\"wp-block-heading\"} --><\/p>\n<p class=\"wp-block-heading\">\n<p><!-- \/wp:paragraph --><\/p>\n<p><!-- wp:paragraph --><\/p>\n<p><!-- \/wp:paragraph --><\/p>\n<p><!-- \/wp:html --><\/p>\n<p><!-- wp:paragraph --><\/p>\n<p><!-- wp:paragraph --><\/p>\n<p><!-- \/wp:paragraph --><\/p>\n<p><!-- wp:embed {\"url\":\"https:\/\/www.youtube.com\/watch?v=l6wAvgVbCbk\",\"type\":\"video\",\"providerNameSlug\":\"youtube\",\"responsive\":true,\"className\":\"wp-embed-aspect-4-3 wp-has-aspect-ratio\"} --><\/p>\n<figure class=\"wp-block-embed is-type-video is-provider-youtube wp-block-embed-youtube wp-embed-aspect-4-3 wp-has-aspect-ratio\">\n<div class=\"wp-block-embed__wrapper\">https:\/\/www.youtube.com\/watch?v=l6wAvgVbCbk<\/div>\n<\/figure>\n<p><!-- \/wp:embed --><\/p>\n<p><!-- wp:paragraph --><\/p>\n<p><!-- \/wp:paragraph --><\/p>\n<p><!-- \/wp:paragraph --><\/p>\n<p><!-- wp:paragraph --><\/p>\n<p><!-- wp:heading {\"level\":4} --><\/p>\n<p><!-- \/wp:heading --><\/p>\n<p><!-- wp:paragraph --><\/p>\n<p><!-- \/wp:paragraph --><\/p>\n<p><!-- \/wp:paragraph --><\/p>\n<p><!-- wp:paragraph --><\/p>\n<p><!-- wp:heading --><\/p>\n<p><!-- \/wp:heading --><\/p>\n<p><!-- wp:heading {\"className\":\"wp-block-heading\"} --><\/p>\n<h2 class=\"wp-block-heading\">die Kunst des Erz\u00e4hlens\u00a0<\/h2>\n<p><!-- \/wp:heading --><\/p>\n<p><!-- wp:embed {\"url\":\"https:\/\/www.youtube.com\/watch?v=8h8f4u-NBgo\",\"type\":\"video\",\"providerNameSlug\":\"youtube\",\"responsive\":true,\"className\":\"wp-embed-aspect-4-3 wp-has-aspect-ratio\"} --><\/p>\n<figure class=\"wp-block-embed is-type-video is-provider-youtube wp-block-embed-youtube wp-embed-aspect-4-3 wp-has-aspect-ratio\">\n<div class=\"wp-block-embed__wrapper\">https:\/\/www.youtube.com\/watch?v=8h8f4u-NBgo<\/div>\n<\/figure>\n<p><!-- \/wp:embed --><\/p>\n<p><!-- wp:paragraph --><\/p>\n<p><!-- \/wp:paragraph --><\/p>\n<p><!-- wp:paragraph --><\/p>\n<p><!-- \/wp:paragraph --><\/p>\n<p><!-- wp:paragraph --><\/p>\n<p><!-- \/wp:paragraph --><\/p>\n<p><!-- wp:paragraph --><\/p>\n<p><!-- \/wp:paragraph --><\/p>\n<p><!-- wp:paragraph --><\/p>\n<p><!-- \/wp:paragraph --><\/p>\n<p><!-- \/wp:paragraph --><\/p>\n<p><!-- wp:paragraph --><\/p>\n<p><!-- wp:heading --><\/p>\n<p><!-- \/wp:heading --><\/p>\n<p><!-- wp:paragraph --><\/p>\n<p><!-- wp:paragraph --><\/p>\n<p><!-- \/wp:paragraph --><\/p>\n<p><!-- wp:heading {\"level\":1} --><\/p>\n<\/p>\n<p><a href=\"https:\/\/www.nonhoff.info\/zeitreich\/aktuelle-auftritte\/\">&#x1f449; <strong data-start=\"4384\" data-end=\"4407\">Mehr \u00fcber den Autor<\/strong><\/a><\/p>\n<p><!-- \/wp:heading --><\/p>\n<p><!-- wp:paragraph --><\/p>\n<p><!-- \/wp:paragraph --><\/p>\n<p><!-- wp:paragraph --><\/p>\n<p><!-- \/wp:paragraph --> <!-- wp:paragraph --><\/p>\n<p><!-- \/wp:paragraph --><\/p>\n<p><!-- wp:paragraph --><\/p>\n<p><!-- \/wp:paragraph --><\/p>\n<p><!-- \/wp:paragraph --><\/p>\n<p><!-- wp:paragraph --><\/p>\n<p><!-- wp:image {\"id\":1787,\"sizeSlug\":\"full\",\"linkDestination\":\"media\"} --><\/p>\n<p><!-- \/wp:image --><\/p>\n<p><!-- wp:html --><\/p>\n<figure class=\"wp-block-image size-full\"><\/figure>\n<p><!-- \/wp:html --><\/p>\n<p><!-- wp:paragraph --><\/p>\n<p><!-- \/wp:paragraph --><\/p>\n<p><!-- \/wp:paragraph --><\/p>\n<p><!-- wp:paragraph --><\/p>\n<p><!-- wp:heading {\"level\":3} --><\/p>\n<p><!-- \/wp:heading --><\/p>\n<p><!-- wp:quote --><\/p>\n<blockquote class=\"wp-block-quote\">\n<p><!-- wp:paragraph --><\/p>\n<p>Wer mit Sternen tanzt,<br \/>seinen Schatten liebt,<br \/>Menschen zum Lachen bringt,<br \/>dem bleibt die Welt,<br \/>eine Welt voller Wunder.<\/p>\n<p><!-- \/wp:paragraph --><\/p>\n<\/blockquote>\n<p><!-- \/wp:quote --><\/p>\n<p><!-- wp:heading --><\/p>\n<h2 class=\"wp-block-heading\">\u00a0<\/h2>\n<p><!-- \/wp:heading --><\/p>\n<p><!-- wp:html --><\/p>\n<div style=\"all: initial !important;\">\u00a0<\/div>\n<p><!-- \/wp:html --><\/p>\n<p><!-- wp:paragraph --><\/p>\n<p><!-- \/wp:paragraph --><\/p>\n<p><!-- \/wp:paragraph --><!-- \/wp:paragraph --><\/p>","protected":false},"excerpt":{"rendered":"<p>Geschichten und Kunst f\u00fcr diese Zeit Ich liebe es Geschichten zu h\u00f6ren und Geschichten zu erz\u00e4hlen. Einen gro\u00dfen Teil meines Repertoirs kam in stillen Momenten<a href=\"https:\/\/www.nonhoff.info\/zeitreich\/\" class=\"more-link\"><span class=\"screen-reader-text\"> &#8220;Bj\u00f6rn Nonhoff &#8211; Autor und Geschichtenerz\u00e4hler&#8221;<\/span><\/a><\/p>\n","protected":false},"author":1,"featured_media":0,"parent":0,"menu_order":0,"comment_status":"closed","ping_status":"closed","template":"","meta":{"footnotes":""},"class_list":["post-528","page","type-page","status-publish","hentry"],"_links":{"self":[{"href":"https:\/\/www.nonhoff.info\/zeitreich\/wp-json\/wp\/v2\/pages\/528","targetHints":{"allow":["GET"]}}],"collection":[{"href":"https:\/\/www.nonhoff.info\/zeitreich\/wp-json\/wp\/v2\/pages"}],"about":[{"href":"https:\/\/www.nonhoff.info\/zeitreich\/wp-json\/wp\/v2\/types\/page"}],"author":[{"embeddable":true,"href":"https:\/\/www.nonhoff.info\/zeitreich\/wp-json\/wp\/v2\/users\/1"}],"replies":[{"embeddable":true,"href":"https:\/\/www.nonhoff.info\/zeitreich\/wp-json\/wp\/v2\/comments?post=528"}],"version-history":[{"count":320,"href":"https:\/\/www.nonhoff.info\/zeitreich\/wp-json\/wp\/v2\/pages\/528\/revisions"}],"predecessor-version":[{"id":2917,"href":"https:\/\/www.nonhoff.info\/zeitreich\/wp-json\/wp\/v2\/pages\/528\/revisions\/2917"}],"wp:attachment":[{"href":"https:\/\/www.nonhoff.info\/zeitreich\/wp-json\/wp\/v2\/media?parent=528"}],"curies":[{"name":"wp","href":"https:\/\/api.w.org\/{rel}","templated":true}]}}