{"id":430,"date":"2018-02-04T13:15:13","date_gmt":"2018-02-04T12:15:13","guid":{"rendered":"http:\/\/nonhoff.info\/zeitreich\/?page_id=430"},"modified":"2018-04-01T14:15:49","modified_gmt":"2018-04-01T12:15:49","slug":"auftritte-und-events","status":"publish","type":"page","link":"https:\/\/www.nonhoff.info\/zeitreich\/auftritte-und-events\/","title":{"rendered":"Geschichtenerz\u00e4hler &#8211; Erfolg f\u00fcr Ihren Event"},"content":{"rendered":"<h1>Auftritte und Events<\/h1>\n<p>Im Laufe meiner professionellen Laufbahn als Geschichtenerz\u00e4hler haben sich meine Angebote immer wieder erweitert. Von den preisgkr\u00f6nten B\u00fchnenauftritten als Geschichtenerz\u00e4hlen bis hin zu Teambuilding und Produktmanagement als agiler Coach und Transition Manager im Gro\u00dfkonzern. Ich meistere viele spannende Aufgaben, die weit \u00fcber die Verantwortung eines einzelnen Geschichtenerz\u00e4hler Auftritts hinaus reichen.<\/p>\n<p>&nbsp;<\/p>\n<h2>Meine Angebote als Geschichtenerz\u00e4hler<\/h2>\n<h4><a href=\"http:\/\/nonhoff.info\/zeitreich\/wp-content\/uploads\/2018\/04\/IMG_8573-2.jpg\"><img loading=\"lazy\" decoding=\"async\" class=\"wp-image-639 alignleft\" src=\"http:\/\/nonhoff.info\/zeitreich\/wp-content\/uploads\/2018\/04\/IMG_8573-2-300x225.jpg\" alt=\"\" width=\"420\" height=\"315\" srcset=\"https:\/\/www.nonhoff.info\/zeitreich\/wp-content\/uploads\/2018\/04\/IMG_8573-2-300x225.jpg 300w, https:\/\/www.nonhoff.info\/zeitreich\/wp-content\/uploads\/2018\/04\/IMG_8573-2-600x450.jpg 600w, https:\/\/www.nonhoff.info\/zeitreich\/wp-content\/uploads\/2018\/04\/IMG_8573-2-768x576.jpg 768w, https:\/\/www.nonhoff.info\/zeitreich\/wp-content\/uploads\/2018\/04\/IMG_8573-2-1024x768.jpg 1024w, https:\/\/www.nonhoff.info\/zeitreich\/wp-content\/uploads\/2018\/04\/IMG_8573-2.jpg 1280w\" sizes=\"auto, (max-width: 420px) 100vw, 420px\" \/><\/a>Geschichtenerz\u00e4hler f\u00fcr Firmenevents und Feiern, Hochzeit, Geburtstag, Teamevents<\/h4>\n<p>Der Klassiker sind unvergessliche Einlagen als Geschichtenerz\u00e4hler auf ihrem Event. Sei es auf Geburtstagen oder Hochzeiten, die ansprechenden Einlagen als Geschichtenerz\u00e4hler sind ein willkommener Programmpunkt in ihrer Feierlichkeit und unterhalten das Publikum nachhaltig.\u00a0 Im Kreis ihrerr G\u00e4ste erz\u00e4hle ich aus dem erprobten und aktuellen Repertoir.\u00a0Nieveauvolle und professionelle Einlage die Ihre G\u00e4ste auf herzlich und intelligente Weise unterh\u00e4lt. Das bleibt lange und gerne in Erinnerung.<\/p>\n<p>Ich stimme vorher das Angebot pers\u00f6nlich auf Ihre Bed\u00fcrfnisse ab. Nehmen Sie bitte pers\u00f6nlich mit mir Kontakt auf, damit wir gemeinsam herausfinden, worauf sie Wert legen und wir Details des Auftritts abstimmen.<\/p>\n<p>Seit mehr als nun 20 Jahren trete ich mit Geschichten auf kleinen und gro\u00dfen B\u00fchnen auf. Von einer Einlage bei Hochzeiten und Firmenevents bis hin zum moderieren der Veranstaltungen.\u00a0 Das Publikum &#8211; von Kindern bis zu \u00e4lteren Generationen &#8211; wird schnell von den spannenden Geschichten und den mit Ihnen transportieren Emotionen und Botschaften in den Bann gezogen. Meine Geschichten eignen sich f\u00fcr Kinder ab 6 Jahre bis hin zu Erwachsenen von 105 Jahren. Ich bin spezialisiert f\u00fcr die ganze Familie und nicht &#8211; wie von vielen erst angenommen &#8211; f\u00fcr Kinder.<\/p>\n<p>Mit Humor durchbreche ich dabei Gewohnheiten und Passivit\u00e4t, Mit meiner aufrechten und kraftvollen Haltung lade ich zum Geniessen oder zur Ver\u00e4nderung ein. Die Verantwortung bleibt beim Zuh\u00f6rer, der Genuss bei uns allen.<\/p>\n<ul>\n<li>Firmenevents<\/li>\n<li>Jubil\u00e4en und Geburtstagen<\/li>\n<li>Hochzeiten<\/li>\n<li>Weihnachtsfeiern<\/li>\n<li>Familienfeiern<\/li>\n<li>Geschichten f\u00fcr Kinder zwischen 6 und 12<\/li>\n<li>Geschichten f\u00fcr Judgendliche ab 12<\/li>\n<\/ul>\n<p>Hier sehen Sie eine Liste von <a href=\"http:\/\/nonhoff.info\/zeitreich\/referenzen\/?customize_changeset_uuid=98cf2be4-9703-4deb-a702-fcbb36de05a3&amp;customize_autosaved=on\">Referenzen meiner Kunden<\/a>, die einen Geschichtenerz\u00e4hlauftritt gebucht haben.<\/p>\n<p>&nbsp;<\/p>\n<h4>Ein Geschichtenerz\u00e4hler als Moderator f\u00fcr Teambuilding Ma\u00dfnahmen<\/h4>\n<figure id=\"attachment_63\" aria-describedby=\"caption-attachment-63\" style=\"width: 634px\" class=\"wp-caption alignleft\"><a href=\"http:\/\/nonhoff.info\/zeitreich\/wp-content\/uploads\/2015\/06\/1-_MG_6987-001.jpg\"><img loading=\"lazy\" decoding=\"async\" class=\" wp-image-63\" src=\"http:\/\/nonhoff.info\/zeitreich\/wp-content\/uploads\/2015\/06\/1-_MG_6987-001-1024x683.jpg\" alt=\"Geschichtenerz\u00e4hler Bj\u00f6rn Nonhoff\" width=\"634\" height=\"423\" srcset=\"https:\/\/www.nonhoff.info\/zeitreich\/wp-content\/uploads\/2015\/06\/1-_MG_6987-001.jpg 1024w, https:\/\/www.nonhoff.info\/zeitreich\/wp-content\/uploads\/2015\/06\/1-_MG_6987-001-600x400.jpg 600w, https:\/\/www.nonhoff.info\/zeitreich\/wp-content\/uploads\/2015\/06\/1-_MG_6987-001-300x200.jpg 300w, https:\/\/www.nonhoff.info\/zeitreich\/wp-content\/uploads\/2015\/06\/1-_MG_6987-001-750x500.jpg 750w\" sizes=\"auto, (max-width: 634px) 100vw, 634px\" \/><\/a><figcaption id=\"caption-attachment-63\" class=\"wp-caption-text\">Geschichtenerz\u00e4hler Bj\u00f6rn Nonhoff<\/figcaption><\/figure>\n<p>Arbeiten Sie im Team und stehen vor Herausforderungen denen sie gerne mit frischer, erneuerter Art und Weise gegen\u00fcberstehen. Denken Sie, dass noch mehr in Ihren Kollegen schlummert und w\u00fcrden Sie gerne dieses vermutlich noch ungenutze Potential des Teams nuzten?<\/p>\n<p>Hier unterst\u00fctze ich sie gerne als Team Coach und mit Geschichtenen, die an dunsere Potentiale appelieren. Sei es ob als Moderatort, mit einem speziell auf Ihr Team zugeschnittenen Team Event, oder einer Einalge mit Geschichten.<\/p>\n<p>Geschichten wecken die Emotionen und Phantasie Ihrer Teilnehmer. Durch die lebendige und einf\u00fchlsam Art f\u00fchrt der Geschichtenerz\u00e4hler Bj\u00f6rn Nonhoff professionell und abwechslungsreich durch ihre Veranstaltung.\u00a0 In meiner Arbeit bin ich es gewohnt\u00a0 Teams durch ansprechende Geschichten zu motivieren. Auch Gro\u00dfveranstaltungen geh\u00f6ren zu meinem Repertoir.<\/p>\n<ul>\n<li>Planen und Begleiten von Transformationsprozessen<\/li>\n<li>Kl\u00e4ren von herausfordernden Team Situationen<\/li>\n<li>Teambuilding und Teamevents<\/li>\n<li>professioneller Moderation von Teamevents<\/li>\n<\/ul>\n<h5><\/h5>\n<h5>Nutzen Sie die Kraft der Geschichten f\u00fcr ihren Teamevent<\/h5>\n<p>Geschichten greifen Vergangenes auf, laden ein zur Reflektion und inspirieren um\u00a0 herausfordernde Abenteuer mit vollen Kr\u00e4ften zu meistern. Diee Kraft der Worte richtet nicht nur unseren Geist, sondern auch den einer Gruppe und Organisation neu aus. Mit seiner wirkungsvollen Methode, dem narrativen Anerkennen, versteht Bj\u00f6rn Nonhoff es den Fokus von Teams, F\u00fchrungskr\u00e4ften und Organisationen auch in schwierigen Situationen zu setzen.<\/p>\n<p>&nbsp;<\/p>\n<h3>Geschichten f\u00fcr Transformation und Kulturwandel<\/h3>\n<p>Als angestellter IT Architekt im Innovationsumfeld eines Dax 30 Konzerns kenne ich die Herausforderungen aus erster Hand, die sich den Mitarbeitern, Teams in einer Organisationstruktur und durch den Wander der Digitalisierung ergeben. Oft sprechen die Verantwortlichen F\u00fchrungskr\u00e4fte und Manger die Sorgen und wahren Herausforderung nicht oder nur sehr indirekt an. Es existieren Gewohnheiten und Strukturen, die einer Transformation zuerst im Wege stehen. Das Vertrauen und die Motivation der Mitarbeiter ist nicht geweckt.<\/p>\n<p>Berpcksichtigen Sie diese wichtigen Faktoren. Bauen Sie sie im Wandel und ihren Planungen mit ein.\u00a0Hier bilden Geschichten eine grundlegende Basis und setzen vertauensf\u00f6rdernden Impulse. Gemeinsam die Herausforderungen zu identifizieren, eine gelebte Lernkultur zu ettablieren und erfolgreich durch praktische Experimente die Ziele erreichen. Nat\u00fcrlich liegen noch unbekannten Abenteuer\u00a0 vor Ihnen &#8211; doch um so wichtiger ist es gemeinsam und mit vereinten Kr\u00e4ften am erreichen der Ziele zu arbeiten.<\/p>\n<p>Hier stehe Ich Ihnen gerne mit Beratung, Reflektion und aktiven Ver\u00e4nderungsimpulsen bei einem professionell geplanten und begleiteten Ver\u00e4nderungsprozess zur Seite.<\/p>\n<h3>Geschichten f\u00fcr pers\u00f6nlichen Wandel<\/h3>\n<p>Ich selbst habe immer wieder verschiedene Krisen durchwandern und \u00fcberleben m\u00fcssen, um dem f\u00fcr mich passenden Platz und integrierende Sicht auf diese Welt zu erlangen. Phantasie und Mut, stetige Bereitschft zum Wandel brauchen einen aufmerksamen und offenen Geist. Dies kann man trainieren. Denn um Neues\u00a0 zu kreieren und die die Welt zu bringen, bedarf es neben gro\u00dfem Willen, fokusierter Ausrichtung auch immer wieder eine offene Haltung um sich an die aktuellen Gegebenheiten anzupassen und in der Gestaltung des Ziels zu bleiben.<\/p>\n<p>Als Berater und systemischer Coach stehe ich Ihnen gerne mit Wissen und aus vollem Herzen zur Seite um mit Ihnen an den Visionen, Zielen und n\u00e4chsten Konkreten Schritten zu arbeiten.<\/p>\n<p>Ein Teil dieser Arbeit kann sein, ihre eigene Geschichte zu schreiben, in der Sie wieder Regie in ihrem Leben und beruflichen Alltag \u00fcbernehmen.<\/p>\n<figure id=\"attachment_654\" aria-describedby=\"caption-attachment-654\" style=\"width: 790px\" class=\"wp-caption aligncenter\"><a href=\"http:\/\/nonhoff.info\/zeitreich\/wp-content\/uploads\/2018\/04\/IMG_8413.jpg\"><img loading=\"lazy\" decoding=\"async\" class=\"size-large wp-image-654\" src=\"http:\/\/nonhoff.info\/zeitreich\/wp-content\/uploads\/2018\/04\/IMG_8413-1024x635.jpg\" alt=\"Geschichtenerz\u00e4hler\" width=\"790\" height=\"490\" srcset=\"https:\/\/www.nonhoff.info\/zeitreich\/wp-content\/uploads\/2018\/04\/IMG_8413-1024x635.jpg 1024w, https:\/\/www.nonhoff.info\/zeitreich\/wp-content\/uploads\/2018\/04\/IMG_8413-600x372.jpg 600w, https:\/\/www.nonhoff.info\/zeitreich\/wp-content\/uploads\/2018\/04\/IMG_8413-300x186.jpg 300w, https:\/\/www.nonhoff.info\/zeitreich\/wp-content\/uploads\/2018\/04\/IMG_8413-768x476.jpg 768w, https:\/\/www.nonhoff.info\/zeitreich\/wp-content\/uploads\/2018\/04\/IMG_8413.jpg 1558w\" sizes=\"auto, (max-width: 790px) 100vw, 790px\" \/><\/a><figcaption id=\"caption-attachment-654\" class=\"wp-caption-text\">Die vielen Seiten des Geschichtenerz\u00e4hlers Bj\u00f6rn Nonhoff<\/figcaption><\/figure>\n<p>&nbsp;<\/p>\n<h2>Kultur und Organisationswandel<\/h2>\n<h3><a href=\"http:\/\/nonhoff.info\/zeitreich\/2018\/04\/01\/die-kraft-von-geschichten\/\">Die Kraft von Geschichten<\/a><\/h3>\n<p>Meine Geschichten unterhalten nicht nur, sie regen zur Reflektion und zur Gestaltung des jetzigen Augenblicks ein. Oft sind gute Geschichten ein wesentlicher Teil des Kulturellen Wandels.\u00a0 Die Kraft der Sprache verzaubert, motiviert und versetzt Menschen in ihre Kraft um Neues zu wagen und die Zukunft zu gestalten.<\/p>\n<p>Sie werden in der Geschichte an Grenzen gef\u00fchrt, gehen dort mit Herausforderungen um und sind so von innen heraus motiviert\u00a0 ihren Besten Beitrag zu leisten. So bereiten die Handlungen einen kraftvollen N\u00e4hrboden f\u00fcr Neues und integrieren vorhandene Kr\u00e4fte um diese erneut auszurichten.<\/p>\n<p>Moderne Forschungsergebnisse der Organisationstransformation zeigen, dass die emotionale und mentale Beteiligung der Belegschaft ein wesentlicher Erfolgsfaktor f\u00fcr den Wandel und dass Bestehen in den unsicheren Zeiten der Ver\u00e4nderung ist. Nutzen auch Sie die gesammelte Vortstellungskraft und das geb\u00fcndelte Handulgsverm\u00f6gen ihrer Organisation.<\/p>\n<p>Dabei geht es um wohlwollendes Interesse hinaus zu einer inneren Haltung der Aktzeptanz, des Angenommen seins, aus der Heraus die n\u00e4chsten Schritte \u00fcberpr\u00fcfbar gemeistert werden.<\/p>\n<p>&nbsp;<\/p>\n<p>Habe ich Ihr Interesse geweckt ? M\u00f6chten Sie mehr wissen ?\u00a0 Ich freue mich auf Sie und Ihre Interessen. Nutzen Sie das Kontaktformular und geben Ihre Telefonnummer an, damit ich Sie in den n\u00e4chsten Tagen zur\u00fcckrufe.<\/p>\n<p>&nbsp;<\/p>\n<p>&nbsp;<\/p>\n<p>&nbsp;<\/p>\n","protected":false},"excerpt":{"rendered":"<p>Auftritte und Events Im Laufe meiner professionellen Laufbahn als Geschichtenerz\u00e4hler haben sich meine Angebote immer wieder erweitert. Von den preisgkr\u00f6nten B\u00fchnenauftritten als Geschichtenerz\u00e4hlen bis hin<a href=\"https:\/\/www.nonhoff.info\/zeitreich\/auftritte-und-events\/\" class=\"more-link\"><span class=\"screen-reader-text\"> &#8220;Geschichtenerz\u00e4hler &#8211; Erfolg f\u00fcr Ihren Event&#8221;<\/span><\/a><\/p>\n","protected":false},"author":1,"featured_media":631,"parent":0,"menu_order":0,"comment_status":"closed","ping_status":"closed","template":"","meta":{"footnotes":""},"class_list":["post-430","page","type-page","status-publish","has-post-thumbnail","hentry"],"_links":{"self":[{"href":"https:\/\/www.nonhoff.info\/zeitreich\/wp-json\/wp\/v2\/pages\/430","targetHints":{"allow":["GET"]}}],"collection":[{"href":"https:\/\/www.nonhoff.info\/zeitreich\/wp-json\/wp\/v2\/pages"}],"about":[{"href":"https:\/\/www.nonhoff.info\/zeitreich\/wp-json\/wp\/v2\/types\/page"}],"author":[{"embeddable":true,"href":"https:\/\/www.nonhoff.info\/zeitreich\/wp-json\/wp\/v2\/users\/1"}],"replies":[{"embeddable":true,"href":"https:\/\/www.nonhoff.info\/zeitreich\/wp-json\/wp\/v2\/comments?post=430"}],"version-history":[{"count":12,"href":"https:\/\/www.nonhoff.info\/zeitreich\/wp-json\/wp\/v2\/pages\/430\/revisions"}],"predecessor-version":[{"id":665,"href":"https:\/\/www.nonhoff.info\/zeitreich\/wp-json\/wp\/v2\/pages\/430\/revisions\/665"}],"wp:featuredmedia":[{"embeddable":true,"href":"https:\/\/www.nonhoff.info\/zeitreich\/wp-json\/wp\/v2\/media\/631"}],"wp:attachment":[{"href":"https:\/\/www.nonhoff.info\/zeitreich\/wp-json\/wp\/v2\/media?parent=430"}],"curies":[{"name":"wp","href":"https:\/\/api.w.org\/{rel}","templated":true}]}}