{"id":407,"date":"2018-01-28T02:53:43","date_gmt":"2018-01-28T01:53:43","guid":{"rendered":"http:\/\/nonhoff.info\/zeitreich\/?page_id=407"},"modified":"2025-01-21T11:04:47","modified_gmt":"2025-01-21T10:04:47","slug":"buecher","status":"publish","type":"page","link":"https:\/\/www.nonhoff.info\/zeitreich\/buecher\/","title":{"rendered":"die B\u00fccher und Geschichten von Bj\u00f6rn Nonhoff"},"content":{"rendered":"\r\n<h3 class=\"wp-block-heading\"><br \/>sch\u00f6ne Geschichten und Fabeln &#8211; die Kunst des Geschichten erz\u00e4hlerns<\/h3>\r\n\r\n\r\n\r\n<p>Hier ist eine Auswahl der ver\u00f6ffentlichten und im Buchhandel erh\u00e4ltlichen <strong>B\u00fccher<\/strong> des Geschichtenerz\u00e4hlers Bj\u00f6rn Nonhoff. Da gibt es die <strong>Geschichte vom Punkt,<\/strong> eine Homage an die Freiheit, d<strong>en Vogel der den Regen liebt <\/strong>\u00fcber die Liebe und Trost nach einem Abschied. Die Sammlung der Gedichte mit den Geschichten. Und der Roman Bj\u00f6rnout, eine Fabel die zur eigenen Kraft und Freude f\u00fchrt.\u00a0<\/p>\r\n\r\n\r\n\r\n\r\n\r\n<h3 class=\"wp-block-heading\">Geschichten und Gedichte &#8211; B\u00fccher von Bj\u00f6rn Nonhoff<\/h3>\r\n\r\n\r\n<div class=\"woocommerce columns-3 \"><ul class=\"products columns-3\">\n<li class=\"product type-product post-263 status-publish first instock product_cat-art product_cat-book product_cat-buch product_cat-freiheit product_cat-gedichte product_cat-poetry product_cat-unkategorisiert product_tag-gedichte product_tag-geschenkidee product_tag-geschichten product_tag-maerchen has-post-thumbnail featured taxable shipping-taxable purchasable product-type-simple has-product-safety-information\">\n\t<a href=\"https:\/\/www.nonhoff.info\/zeitreich\/https:\/nonhoff.info\/zeitreich\/product\/gedichtband\/\" class=\"woocommerce-LoopProduct-link woocommerce-loop-product__link\"><img loading=\"lazy\" decoding=\"async\" width=\"189\" height=\"300\" src=\"https:\/\/www.nonhoff.info\/zeitreich\/wp-content\/uploads\/2016\/11\/Bestseller-189x300.jpg\" class=\"attachment-woocommerce_thumbnail size-woocommerce_thumbnail\" alt=\"Liebend gerne Liebend - M\u00e4rchen und Poesie\" \/><h2 class=\"woocommerce-loop-product__title\">Liebend gerne Liebend &#8211; M\u00e4rchen und Poesie<\/h2>\n\t<span class=\"price\"><span class=\"woocommerce-Price-amount amount\"><bdi>12,12&nbsp;<span class=\"woocommerce-Price-currencySymbol\">&euro;<\/span><\/bdi><\/span><\/span>\n\n\n\n<\/a>\n\t<p class=\"wc-gzd-additional-info wc-gzd-additional-info-loop tax-info\">inkl. 7 % MwSt.<\/p>\n\n\t<p class=\"wc-gzd-additional-info wc-gzd-additional-info-loop shipping-costs-info\">zzgl. <a href=\"https:\/\/www.nonhoff.info\/zeitreich\/versandarten\/\" target=\"_blank\">Versandkosten<\/a><\/p>\n\n<a href=\"\/zeitreich\/wp-json\/wp\/v2\/pages\/407?add-to-cart=263\" aria-describedby=\"woocommerce_loop_add_to_cart_link_describedby_263\" data-quantity=\"1\" class=\"button product_type_simple add_to_cart_button ajax_add_to_cart\" data-product_id=\"263\" data-product_sku=\"BLFN0002\" aria-label=\"In den Warenkorb legen: \u201eLiebend gerne Liebend - M\u00e4rchen und Poesie\u201c\" rel=\"nofollow\" data-success_message=\"\u201eLiebend gerne Liebend - M\u00e4rchen und Poesie\u201c wurde deinem Warenkorb hinzugef\u00fcgt\">In den Warenkorb<\/a>\t<span id=\"woocommerce_loop_add_to_cart_link_describedby_263\" class=\"screen-reader-text\">\n\t\t\t<\/span>\n<\/li>\n<li class=\"product type-product post-782 status-publish instock product_cat-art product_cat-book product_cat-buch product_cat-designbuch product_cat-freiheit product_cat-geschichten product_cat-kunstbuch product_cat-punkt product_tag-anfangsbuchstaben product_tag-buch product_tag-design product_tag-freiheit product_tag-geschenk product_tag-geschichte product_tag-jugendbuch product_tag-kinderbuch product_tag-kunst product_tag-leben product_tag-punkt product_tag-satzzeichen product_tag-sprache has-post-thumbnail sale taxable shipping-taxable purchasable product-type-simple has-product-safety-information\">\n\t<a href=\"https:\/\/www.nonhoff.info\/zeitreich\/https:\/nonhoff.info\/zeitreich\/product\/punkt\/\" class=\"woocommerce-LoopProduct-link woocommerce-loop-product__link\">\n\t<span class=\"onsale\">Angebot!<\/span>\n\t<img loading=\"lazy\" decoding=\"async\" width=\"400\" height=\"609\" src=\"https:\/\/www.nonhoff.info\/zeitreich\/wp-content\/uploads\/2020\/10\/36e91255-dc93-48ef-96a7-67170d796acc-400x609.jpg\" class=\"attachment-woocommerce_thumbnail size-woocommerce_thumbnail\" alt=\"Punkt Bestseller\" \/><h2 class=\"woocommerce-loop-product__title\">Punkt &#8211; Die Geschichte von einem Punkt, der auszieht, um die Freiheit zu finden.<\/h2>\n\t<span class=\"price\"><span class=\"wc-gzd-sale-price-label\">UVP:<\/span> <del aria-hidden=\"true\"><span class=\"woocommerce-Price-amount amount\"><bdi>10,00&nbsp;<span class=\"woocommerce-Price-currencySymbol\">&euro;<\/span><\/bdi><\/span><\/del> <span class=\"screen-reader-text\">Urspr\u00fcnglicher Preis war: 10,00&nbsp;&euro;<\/span><ins aria-hidden=\"true\"><span class=\"woocommerce-Price-amount amount\"><bdi>9,00&nbsp;<span class=\"woocommerce-Price-currencySymbol\">&euro;<\/span><\/bdi><\/span><\/ins><span class=\"screen-reader-text\">Aktueller Preis ist: 9,00&nbsp;&euro;.<\/span><\/span>\n\n\n\n<\/a>\n\t<p class=\"wc-gzd-additional-info wc-gzd-additional-info-loop tax-info\">inkl. 7 % MwSt.<\/p>\n\n\t<p class=\"wc-gzd-additional-info wc-gzd-additional-info-loop shipping-costs-info\">zzgl. <a href=\"https:\/\/www.nonhoff.info\/zeitreich\/versandarten\/\" target=\"_blank\">Versandkosten<\/a><\/p>\n\n<a href=\"\/zeitreich\/wp-json\/wp\/v2\/pages\/407?add-to-cart=782\" aria-describedby=\"woocommerce_loop_add_to_cart_link_describedby_782\" data-quantity=\"1\" class=\"button product_type_simple add_to_cart_button ajax_add_to_cart\" data-product_id=\"782\" data-product_sku=\"bn0100\" aria-label=\"In den Warenkorb legen: \u201ePunkt - Die Geschichte von einem Punkt, der auszieht, um die Freiheit zu finden.\u201c\" rel=\"nofollow\" data-success_message=\"\u201ePunkt - Die Geschichte von einem Punkt, der auszieht, um die Freiheit zu finden.\u201c wurde deinem Warenkorb hinzugef\u00fcgt\">In den Warenkorb<\/a>\t<span id=\"woocommerce_loop_add_to_cart_link_describedby_782\" class=\"screen-reader-text\">\n\t\t\t<\/span>\n<\/li>\n<li class=\"product type-product post-806 status-publish last instock product_cat-abc product_cat-art product_cat-book product_cat-ebook product_cat-kunstbuch product_cat-punkt product_tag-abc product_tag-alliterationen product_tag-anfangsbuchstaben product_tag-ebook product_tag-lieblingsbuch product_tag-lustig product_tag-punkt product_tag-sammlung product_tag-sprueche has-post-thumbnail sale downloadable virtual taxable purchasable product-type-simple\">\n\t<a href=\"https:\/\/www.nonhoff.info\/zeitreich\/https:\/nonhoff.info\/zeitreich\/product\/alliterationen-2\/\" class=\"woocommerce-LoopProduct-link woocommerce-loop-product__link\">\n\t<span class=\"onsale\">Angebot!<\/span>\n\t<img loading=\"lazy\" decoding=\"async\" width=\"400\" height=\"609\" src=\"https:\/\/www.nonhoff.info\/zeitreich\/wp-content\/uploads\/2018\/07\/punktumschlag-druck-eineseite_2-400x609.jpg\" class=\"attachment-woocommerce_thumbnail size-woocommerce_thumbnail\" alt=\"selber Anfangsbuchstabe\" \/><h2 class=\"woocommerce-loop-product__title\">Die sch\u00f6nste Alliterationen-Sammlung von A bis Z seit langem &#8211; als Ebook<\/h2>\n\t<span class=\"price\"><del aria-hidden=\"true\"><span class=\"woocommerce-Price-amount amount\"><bdi>8,00&nbsp;<span class=\"woocommerce-Price-currencySymbol\">&euro;<\/span><\/bdi><\/span><\/del> <span class=\"screen-reader-text\">Urspr\u00fcnglicher Preis war: 8,00&nbsp;&euro;<\/span><ins aria-hidden=\"true\"><span class=\"woocommerce-Price-amount amount\"><bdi>4,00&nbsp;<span class=\"woocommerce-Price-currencySymbol\">&euro;<\/span><\/bdi><\/span><\/ins><span class=\"screen-reader-text\">Aktueller Preis ist: 4,00&nbsp;&euro;.<\/span><\/span>\n\n\n\n<\/a>\n\t<p class=\"wc-gzd-additional-info wc-gzd-additional-info-loop tax-info\">inkl. 7 % MwSt.<\/p>\n\n\n<a href=\"\/zeitreich\/wp-json\/wp\/v2\/pages\/407?add-to-cart=806\" aria-describedby=\"woocommerce_loop_add_to_cart_link_describedby_806\" data-quantity=\"1\" class=\"button product_type_simple add_to_cart_button ajax_add_to_cart\" data-product_id=\"806\" data-product_sku=\"\" aria-label=\"In den Warenkorb legen: \u201eDie sch\u00f6nste Alliterationen-Sammlung von A bis Z seit langem - als Ebook\u201c\" rel=\"nofollow\" data-success_message=\"\u201eDie sch\u00f6nste Alliterationen-Sammlung von A bis Z seit langem - als Ebook\u201c wurde deinem Warenkorb hinzugef\u00fcgt\">In den Warenkorb<\/a>\t<span id=\"woocommerce_loop_add_to_cart_link_describedby_806\" class=\"screen-reader-text\">\n\t\t\t<\/span>\n<\/li>\n<li class=\"product type-product post-950 status-publish first instock product_cat-unkategorisiert product_tag-alliteration product_tag-buch product_tag-humor product_tag-sprache has-post-thumbnail taxable shipping-taxable purchasable product-type-simple has-product-safety-information\">\n\t<a href=\"https:\/\/www.nonhoff.info\/zeitreich\/https:\/nonhoff.info\/zeitreich\/product\/alliterationen\/\" class=\"woocommerce-LoopProduct-link woocommerce-loop-product__link\"><img loading=\"lazy\" decoding=\"async\" width=\"400\" height=\"464\" src=\"https:\/\/www.nonhoff.info\/zeitreich\/wp-content\/uploads\/2018\/07\/IMG_3270-400x464.jpg\" class=\"attachment-woocommerce_thumbnail size-woocommerce_thumbnail\" alt=\"alphabetische Alliterationen-Sammlung von A bis Z\" \/><h2 class=\"woocommerce-loop-product__title\">alphabetische Alliterationen-Sammlung von A bis Z<\/h2>\n\t<span class=\"price\"><span class=\"woocommerce-Price-amount amount\"><bdi>10,00&nbsp;<span class=\"woocommerce-Price-currencySymbol\">&euro;<\/span><\/bdi><\/span><\/span>\n\n\n\n<\/a>\n\t<p class=\"wc-gzd-additional-info wc-gzd-additional-info-loop tax-info\">inkl. 7 % MwSt.<\/p>\n\n\t<p class=\"wc-gzd-additional-info wc-gzd-additional-info-loop shipping-costs-info\">zzgl. <a href=\"https:\/\/www.nonhoff.info\/zeitreich\/versandarten\/\" target=\"_blank\">Versandkosten<\/a><\/p>\n\n<a href=\"\/zeitreich\/wp-json\/wp\/v2\/pages\/407?add-to-cart=950\" aria-describedby=\"woocommerce_loop_add_to_cart_link_describedby_950\" data-quantity=\"1\" class=\"button product_type_simple add_to_cart_button ajax_add_to_cart\" data-product_id=\"950\" data-product_sku=\"A1\" aria-label=\"In den Warenkorb legen: \u201ealphabetische Alliterationen-Sammlung von A bis Z\u201c\" rel=\"nofollow\" data-success_message=\"\u201ealphabetische Alliterationen-Sammlung von A bis Z\u201c wurde deinem Warenkorb hinzugef\u00fcgt\">In den Warenkorb<\/a>\t<span id=\"woocommerce_loop_add_to_cart_link_describedby_950\" class=\"screen-reader-text\">\n\t\t\t<\/span>\n<\/li>\n<li class=\"product type-product post-1291 status-publish instock product_cat-book product_cat-buch product_cat-ebook product_cat-jugendbuch product_cat-kunstbuch product_tag-fabel product_tag-geschenkbuch product_tag-liebe product_tag-trost product_tag-trostbuch has-post-thumbnail downloadable virtual purchasable product-type-simple\">\n\t<a href=\"https:\/\/www.nonhoff.info\/zeitreich\/https:\/nonhoff.info\/zeitreich\/product\/vogelebook\/\" class=\"woocommerce-LoopProduct-link woocommerce-loop-product__link\"><img loading=\"lazy\" decoding=\"async\" width=\"400\" height=\"609\" src=\"https:\/\/www.nonhoff.info\/zeitreich\/wp-content\/uploads\/2021\/12\/Vogel_Buch_Vorderseite-400x609.jpg\" class=\"attachment-woocommerce_thumbnail size-woocommerce_thumbnail\" alt=\"Die sch\u00f6nste Liebes Fabel - ein Geschenkbuch\" srcset=\"https:\/\/www.nonhoff.info\/zeitreich\/wp-content\/uploads\/2021\/12\/Vogel_Buch_Vorderseite-400x609.jpg 400w, https:\/\/www.nonhoff.info\/zeitreich\/wp-content\/uploads\/2021\/12\/Vogel_Buch_Vorderseite-230x350.jpg 230w\" sizes=\"auto, (max-width: 400px) 100vw, 400px\" \/><h2 class=\"woocommerce-loop-product__title\">Die sch\u00f6nste Liebes Fabel &#8211; ein Geschenkbuch<\/h2>\n\t<span class=\"price\"><span class=\"woocommerce-Price-amount amount\"><bdi>6,00&nbsp;<span class=\"woocommerce-Price-currencySymbol\">&euro;<\/span><\/bdi><\/span><\/span>\n\n\n\n<\/a>\n\n\n<a href=\"\/zeitreich\/wp-json\/wp\/v2\/pages\/407?add-to-cart=1291\" aria-describedby=\"woocommerce_loop_add_to_cart_link_describedby_1291\" data-quantity=\"1\" class=\"button product_type_simple add_to_cart_button ajax_add_to_cart\" data-product_id=\"1291\" data-product_sku=\"\" aria-label=\"In den Warenkorb legen: \u201eDie sch\u00f6nste Liebes Fabel - ein Geschenkbuch\u201c\" rel=\"nofollow\" data-success_message=\"\u201eDie sch\u00f6nste Liebes Fabel - ein Geschenkbuch\u201c wurde deinem Warenkorb hinzugef\u00fcgt\">In den Warenkorb<\/a>\t<span id=\"woocommerce_loop_add_to_cart_link_describedby_1291\" class=\"screen-reader-text\">\n\t\t\t<\/span>\n<\/li>\n<li class=\"product type-product post-1297 status-publish last instock product_cat-art product_cat-book product_cat-buch product_cat-geschichten product_cat-unkategorisiert product_tag-buch product_tag-fabel product_tag-geschichte product_tag-liebe product_tag-lieblingsbuch product_tag-trost has-post-thumbnail featured taxable shipping-taxable purchasable product-type-simple has-product-safety-information\">\n\t<a href=\"https:\/\/www.nonhoff.info\/zeitreich\/https:\/nonhoff.info\/zeitreich\/product\/vogel\/\" class=\"woocommerce-LoopProduct-link woocommerce-loop-product__link\"><img loading=\"lazy\" decoding=\"async\" width=\"400\" height=\"609\" src=\"https:\/\/www.nonhoff.info\/zeitreich\/wp-content\/uploads\/2021\/12\/Vogel_Buch_Vorderseite-400x609.jpg\" class=\"attachment-woocommerce_thumbnail size-woocommerce_thumbnail\" alt=\"Der Vogel, der den Regen liebt\" srcset=\"https:\/\/www.nonhoff.info\/zeitreich\/wp-content\/uploads\/2021\/12\/Vogel_Buch_Vorderseite-400x609.jpg 400w, https:\/\/www.nonhoff.info\/zeitreich\/wp-content\/uploads\/2021\/12\/Vogel_Buch_Vorderseite-230x350.jpg 230w\" sizes=\"auto, (max-width: 400px) 100vw, 400px\" \/><h2 class=\"woocommerce-loop-product__title\">Der Vogel, der den Regen liebt<\/h2>\n\t<span class=\"price\"><span class=\"woocommerce-Price-amount amount\"><bdi>9,99&nbsp;<span class=\"woocommerce-Price-currencySymbol\">&euro;<\/span><\/bdi><\/span><\/span>\n\n\n\n<\/a>\n\t<p class=\"wc-gzd-additional-info wc-gzd-additional-info-loop tax-info\">inkl. 7 % MwSt.<\/p>\n\n\t<p class=\"wc-gzd-additional-info wc-gzd-additional-info-loop shipping-costs-info\">zzgl. <a href=\"https:\/\/www.nonhoff.info\/zeitreich\/versandarten\/\" target=\"_blank\">Versandkosten<\/a><\/p>\n\n<a href=\"\/zeitreich\/wp-json\/wp\/v2\/pages\/407?add-to-cart=1297\" aria-describedby=\"woocommerce_loop_add_to_cart_link_describedby_1297\" data-quantity=\"1\" class=\"button product_type_simple add_to_cart_button ajax_add_to_cart\" data-product_id=\"1297\" data-product_sku=\"\" aria-label=\"In den Warenkorb legen: \u201eDer Vogel, der den Regen liebt\u201c\" rel=\"nofollow\" data-success_message=\"\u201eDer Vogel, der den Regen liebt\u201c wurde deinem Warenkorb hinzugef\u00fcgt\">In den Warenkorb<\/a>\t<span id=\"woocommerce_loop_add_to_cart_link_describedby_1297\" class=\"screen-reader-text\">\n\t\t\t<\/span>\n<\/li>\n<\/ul>\n<\/div>\n","protected":false},"excerpt":{"rendered":"<p>sch\u00f6ne Geschichten und Fabeln &#8211; die Kunst des Geschichten erz\u00e4hlerns Hier ist eine Auswahl der ver\u00f6ffentlichten und im Buchhandel erh\u00e4ltlichen B\u00fccher des Geschichtenerz\u00e4hlers Bj\u00f6rn Nonhoff.<a href=\"https:\/\/www.nonhoff.info\/zeitreich\/buecher\/\" class=\"more-link\"><span class=\"screen-reader-text\"> &#8220;die B\u00fccher und Geschichten von Bj\u00f6rn Nonhoff&#8221;<\/span><\/a><\/p>\n","protected":false},"author":1,"featured_media":785,"parent":0,"menu_order":0,"comment_status":"closed","ping_status":"closed","template":"","meta":{"footnotes":""},"class_list":["post-407","page","type-page","status-publish","has-post-thumbnail","hentry"],"_links":{"self":[{"href":"https:\/\/www.nonhoff.info\/zeitreich\/wp-json\/wp\/v2\/pages\/407","targetHints":{"allow":["GET"]}}],"collection":[{"href":"https:\/\/www.nonhoff.info\/zeitreich\/wp-json\/wp\/v2\/pages"}],"about":[{"href":"https:\/\/www.nonhoff.info\/zeitreich\/wp-json\/wp\/v2\/types\/page"}],"author":[{"embeddable":true,"href":"https:\/\/www.nonhoff.info\/zeitreich\/wp-json\/wp\/v2\/users\/1"}],"replies":[{"embeddable":true,"href":"https:\/\/www.nonhoff.info\/zeitreich\/wp-json\/wp\/v2\/comments?post=407"}],"version-history":[{"count":34,"href":"https:\/\/www.nonhoff.info\/zeitreich\/wp-json\/wp\/v2\/pages\/407\/revisions"}],"predecessor-version":[{"id":2523,"href":"https:\/\/www.nonhoff.info\/zeitreich\/wp-json\/wp\/v2\/pages\/407\/revisions\/2523"}],"wp:featuredmedia":[{"embeddable":true,"href":"https:\/\/www.nonhoff.info\/zeitreich\/wp-json\/wp\/v2\/media\/785"}],"wp:attachment":[{"href":"https:\/\/www.nonhoff.info\/zeitreich\/wp-json\/wp\/v2\/media?parent=407"}],"curies":[{"name":"wp","href":"https:\/\/api.w.org\/{rel}","templated":true}]}}