{"id":2690,"date":"2025-11-19T03:25:33","date_gmt":"2025-11-19T02:25:33","guid":{"rendered":"https:\/\/www.nonhoff.info\/zeitreich\/?page_id=2690"},"modified":"2026-03-11T14:46:24","modified_gmt":"2026-03-11T13:46:24","slug":"art","status":"publish","type":"page","link":"https:\/\/www.nonhoff.info\/zeitreich\/art\/","title":{"rendered":"Art"},"content":{"rendered":"<blockquote><p>Gl\u00fccklich zu leben und Gl\u00fcck und Frieden in die Welt zu bringen ist eine hohe Kunst.<\/p>\n<p>Lieben reicht.<\/p><\/blockquote>\n<h2 data-start=\"245\" data-end=\"296\">Liebesreich.de &#8211; the art of Bj\u00f6rn Nonhoff<\/h2>\n<p>Kunst ist jenseits der Sprache &#8211; vor allem meiner Muttersprache. Im Moment baue ich an meiner Kunstseite und k\u00fcrze alle Worte, kuratiere die Werke und lebe im Zwischenzustand.<br \/>\nDieser ist unter <a href=\"https:\/\/www.liebesreich.de\" target=\"_blank\" rel=\"noopener\">Liebesreich.de<\/a> frei erfahrbar, besuchbar und bei Beteiligung gerne gestaltbar.<\/p>\n<h2 data-start=\"245\" data-end=\"296\">Non Art \u2013 Aquarelle &amp; Herzpost von Bj\u00f6rn Nonhoff<\/h2>\n<p data-start=\"242\" data-end=\"281\"><strong data-start=\"242\" data-end=\"281\">Kunst f\u00fcr Herz, Tiefe und Wandlung.<\/strong><\/p>\n<p data-start=\"283\" data-end=\"611\">Meine Bilder entstehen <strong data-start=\"306\" data-end=\"318\">intuitiv<\/strong>.<br data-start=\"319\" data-end=\"322\" \/>Ich lasse mich von Emotionen, Erfahrungen und inneren Bildern leiten, die aus dem Tag und aus meinen Tr\u00e4umen auf das Papier flie\u00dfen. Dabei suche ich nicht nach der \u201erichtigen\u201c Form, sondern nach einem <strong data-start=\"524\" data-end=\"536\">Einklang<\/strong> \u2013 mit mir selbst, dem Moment und dem, was durch mich sichtbar werden will.<\/p>\n<p data-start=\"613\" data-end=\"791\">Oft entsteht dabei eine <strong data-start=\"637\" data-end=\"662\">eigene Symbols\u00adprache<\/strong>: Zeichen, Figuren, Andeutungen, die direkt aus dem Bauch heraus kommen und erst sp\u00e4ter \u2013 wenn \u00fcberhaupt \u2013 benannt werden m\u00fcssen.<\/p>\n<p data-start=\"793\" data-end=\"1069\">Meine Bilder \u00f6ffnen bei den Betrachtenden neue<strong data-start=\"850\" data-end=\"872\"> R\u00e4ume<\/strong>: Inspiration, Gl\u00fccksmomente, Leichtigkeit oder einfach das Gef\u00fchl, freier atmen zu k\u00f6nnen. Das liegt nat\u00fcrlich in der Hand des Betrachters. In ihnen ensteht mit ihren Augen und Erfahrungen eigene Geschichten.<\/p>\n<p data-start=\"1071\" data-end=\"1359\">Alles ist Licht, alles ist <strong data-start=\"1091\" data-end=\"1103\">Frequenz. <\/strong>\u00a0Bilder sind\u00a0 <strong data-start=\"1144\" data-end=\"1175\">\u00dcbertr\u00e4ger von Schwingungen.<\/strong> Aus den Erfahrungen meines Lebens in diesem Universum, die in einem kleinen Moment auf Papier fliessen, mit dem Reichtum aller Gef\u00fchle wie Liebe, Freiheit, Mitgef\u00fchl und auch Angst, Sorgen undTraurigkeiten entsteht in diesem Raum und Schaffensprozess genau das Richtige.<\/p>\n<p data-start=\"1361\" data-end=\"1389\">Auf dieser Seite findest du:<\/p>\n<ul data-start=\"1391\" data-end=\"1567\">\n<li data-start=\"1391\" data-end=\"1441\">\n<p data-start=\"1393\" data-end=\"1441\"><strong data-start=\"1393\" data-end=\"1439\">Herzpost \u2013 handgemalte Aquarell-Postkarten<\/strong><\/p>\n<\/li>\n<li data-start=\"1391\" data-end=\"1441\">\n<p data-start=\"1393\" data-end=\"1441\"><strong data-start=\"1444\" data-end=\"1480\">Originale Aquarelle &amp; Acrylwerke<\/strong> f\u00fcr besondere R\u00e4ume<\/p>\n<\/li>\n<li data-start=\"1503\" data-end=\"1567\">\n<p data-start=\"1505\" data-end=\"1567\"><strong data-start=\"1505\" data-end=\"1546\">Digitale Aquarelle &amp; NFT-Kollektionen<\/strong> auf der Blockchain<\/p>\n<\/li>\n<\/ul>\n<p data-start=\"738\" data-end=\"871\">Alles, was du hier siehst, ist in Verbindung mit dem kleinen und gro\u00dfen Ganzen entstanden. Die Werke erinnern daran, dass wir Lebewesen alle miteinander verbunden sind, auch wenn wir manchmal durch Br\u00fcche und Einsamkeiten wandern. Kunst hat die tiefe Gabe, Verborgenes sichtbar zu machen und Heilungsprozesse zu initiieren oder zu begleiten.<\/p>\n<hr data-start=\"873\" data-end=\"876\" \/>\n<h2 data-start=\"878\" data-end=\"920\">Herzpost \u2013 Bekomme Original Bj\u00f6rn Nonhoff Aquarell-Postkarten<\/h2>\n<p data-start=\"1163\" data-end=\"1181\"><b>\u00dcber Deine Herzpostkarte &#8211; Die Aktion geht nur bis ich sie beende. Heute ist der 11.3.2026.\u00a0<\/b><\/p>\n<ul data-start=\"1183\" data-end=\"1415\">\n<li data-start=\"1183\" data-end=\"1242\">\n<p data-start=\"1185\" data-end=\"1242\">Format ca. 10,5 \u00d7 15 cm auf hochwertigem handgesch\u00f6pften B\u00fcttenpapier<\/p>\n<\/li>\n<li data-start=\"1243\" data-end=\"1299\">\n<p data-start=\"1245\" data-end=\"1299\">Jedes St\u00fcck ein Unikat, von Hand gemalt und signiert<\/p>\n<\/li>\n<li data-start=\"1300\" data-end=\"1362\">\n<p data-start=\"1302\" data-end=\"1362\">Du zahlst was es dir Wert ist, damit die Kosten gedeckt sind, mindestens 3,33 \u20ac pro Karte<\/p>\n<\/li>\n<\/ul>\n<p data-start=\"1417\" data-end=\"1678\">Mail einfach an info@zeitreich.de mit dem Titel \u201eHerzpostkarte\u201c.<\/p>\n<p data-start=\"1680\" data-end=\"1713\"><strong data-start=\"1680\" data-end=\"1713\">Wie du eine Herzpost bekommst<\/strong><\/p>\n<ol data-start=\"1715\" data-end=\"2035\">\n<li data-start=\"1715\" data-end=\"1850\">\n<p data-start=\"1718\" data-end=\"1850\">in der Mail schreibe die Adresse an die Deine Postkarte im Kuvert geschickt wird<\/p>\n<\/li>\n<li data-start=\"1715\" data-end=\"1850\">\u00dcberweise Deinen Betrag an paypal (bnonhoff@paypal.de) &#8211; geht auch nachher &#8211; noch vertraue ich &#8211; schreibt bis jetzt auch keiner \ud83d\ude42<\/li>\n<li data-start=\"1851\" data-end=\"1922\">\n<p data-start=\"1854\" data-end=\"1922\">Warte ein paar Tage und Deine Herzpostkarte landet bei dir im Briefkasten<\/p>\n<\/li>\n<\/ol>\n<p data-start=\"2610\" data-end=\"2640\">\n<hr data-start=\"3404\" data-end=\"3407\" \/>\n<h2 data-start=\"3409\" data-end=\"3449\">Bj\u00f6rn Nonhoff <a href=\"http:\/\/www.\/\/objkt.com\/@nonanon\" data-wplink-url-error=\"true\">digitale Aquarelle art Collections<\/a><\/h2>\n<p data-start=\"4007\" data-end=\"4043\">Du kannst digitale Werke von mir auf <a href=\"http:\/\/objkt.com\/@nonanon\">objkt.com\/@nonanon<\/a> sammeln. Es sind viele Einzel Editionen erh\u00e4ltlich und die Preise fangen bei ganz wenig an und h\u00f6ren irgendwo bei etwas mehr auf.<\/p>\n<hr data-start=\"4244\" data-end=\"4247\" \/>\n<ul data-start=\"4674\" data-end=\"4876\">\n<li data-start=\"4801\" data-end=\"4876\"><\/li>\n<\/ul>\n<div style=\"all: initial !important;\"><\/div>\n<div style=\"all: initial !important;\"><\/div>\n","protected":false},"excerpt":{"rendered":"<p>Gl\u00fccklich zu leben und Gl\u00fcck und Frieden in die Welt zu bringen ist eine hohe Kunst. Lieben reicht. Liebesreich.de &#8211; the art of Bj\u00f6rn Nonhoff<a href=\"https:\/\/www.nonhoff.info\/zeitreich\/art\/\" class=\"more-link\"><span class=\"screen-reader-text\"> &#8220;Art&#8221;<\/span><\/a><\/p>\n","protected":false},"author":1,"featured_media":0,"parent":0,"menu_order":0,"comment_status":"closed","ping_status":"closed","template":"","meta":{"footnotes":""},"class_list":["post-2690","page","type-page","status-publish","hentry"],"_links":{"self":[{"href":"https:\/\/www.nonhoff.info\/zeitreich\/wp-json\/wp\/v2\/pages\/2690","targetHints":{"allow":["GET"]}}],"collection":[{"href":"https:\/\/www.nonhoff.info\/zeitreich\/wp-json\/wp\/v2\/pages"}],"about":[{"href":"https:\/\/www.nonhoff.info\/zeitreich\/wp-json\/wp\/v2\/types\/page"}],"author":[{"embeddable":true,"href":"https:\/\/www.nonhoff.info\/zeitreich\/wp-json\/wp\/v2\/users\/1"}],"replies":[{"embeddable":true,"href":"https:\/\/www.nonhoff.info\/zeitreich\/wp-json\/wp\/v2\/comments?post=2690"}],"version-history":[{"count":17,"href":"https:\/\/www.nonhoff.info\/zeitreich\/wp-json\/wp\/v2\/pages\/2690\/revisions"}],"predecessor-version":[{"id":2913,"href":"https:\/\/www.nonhoff.info\/zeitreich\/wp-json\/wp\/v2\/pages\/2690\/revisions\/2913"}],"wp:attachment":[{"href":"https:\/\/www.nonhoff.info\/zeitreich\/wp-json\/wp\/v2\/media?parent=2690"}],"curies":[{"name":"wp","href":"https:\/\/api.w.org\/{rel}","templated":true}]}}