{"id":2319,"date":"2024-05-25T19:48:57","date_gmt":"2024-05-25T17:48:57","guid":{"rendered":"https:\/\/nonhoff.info\/zeitreich\/?page_id=2319"},"modified":"2024-11-19T17:40:20","modified_gmt":"2024-11-19T16:40:20","slug":"bewertung","status":"publish","type":"page","link":"https:\/\/www.nonhoff.info\/zeitreich\/bewertung\/","title":{"rendered":"Dein Feedback zu Bj\u00f6rnOut"},"content":{"rendered":"\n<p>Hallo,<\/p>\n\n\n\n<p>Sch\u00f6n, dass du hierher gefunden hast. Es freut mich zu erfahren, wie dir das Buch gef\u00e4llt und was du dar\u00fcber denkst und beim Lesen erlebt hast. Danke, dass du dir ein paar Minuten Zeit nimmst und mir Deine Eindr\u00fccke und Erfahrungen mitteilst. <\/p>\n\n\n\n<p>Als Danke erh\u00e4ltst du eine kurze Geschichte, die ich selbst illustriert habe zugeschickt.<\/p>\n\n\n\n<p>Liebe Gr\u00fc\u00dfe<br>Bj\u00f6rn Nonhoff<\/p>\n\n\n<div class=\"wpforms-container wpforms-container-full\" id=\"wpforms-2404\"><form id=\"wpforms-form-2404\" class=\"wpforms-validate wpforms-form\" data-formid=\"2404\" method=\"post\" enctype=\"multipart\/form-data\" action=\"\/zeitreich\/wp-json\/wp\/v2\/pages\/2319\" data-token=\"2babf91393eb03a9ab84e918e58002dd\" data-token-time=\"1776407034\"><noscript class=\"wpforms-error-noscript\">Bitte aktiviere JavaScript in deinem Browser, um dieses Formular fertigzustellen.<\/noscript><div class=\"wpforms-field-container\"><div id=\"wpforms-2404-field_0-container\" class=\"wpforms-field wpforms-field-name wpforms-one-half wpforms-first\" data-field-id=\"0\"><label class=\"wpforms-field-label wpforms-label-hide\" for=\"wpforms-2404-field_0\">Name<\/label><input type=\"text\" id=\"wpforms-2404-field_0\" class=\"wpforms-field-large\" name=\"wpforms[fields][0]\" placeholder=\"Your Name\" ><div class=\"wpforms-field-description\">Wenn Du magst kannst du Deinen Namen eingeben<\/div><\/div><div id=\"wpforms-2404-field_5-container\" class=\"wpforms-field wpforms-field-number-slider\" data-field-id=\"5\"><label class=\"wpforms-field-label\" for=\"wpforms-2404-field_5\">Wie hat mir die Geschichte gefallen<\/label>\n<input\n\ttype=\"range\"\n\tid=\"wpforms-2404-field_5\" class=\"wpforms-field-medium\" name=\"wpforms[fields][5]\" value=\"5\"\t\tmin=\"0\"\n\tmax=\"10\"\n\tstep=\"1\">\n\n<div class=\"wpforms-field-number-slider-hint\"\n\tdata-hint=\"Gew\u00e4hlter Wert: {value}\">\n\tGew\u00e4hlter Wert: <b>5<\/b><\/div>\n<div class=\"wpforms-field-description\">von 0 \u00fcberhaupt nicht bis 10 super gut<\/div><\/div><div id=\"wpforms-2404-field_6-container\" class=\"wpforms-field wpforms-field-number-slider\" data-field-id=\"6\"><label class=\"wpforms-field-label\" for=\"wpforms-2404-field_6\">W\u00fcrde ich das Buch weiter empfelen<\/label>\n<input\n\ttype=\"range\"\n\tid=\"wpforms-2404-field_6\" class=\"wpforms-field-medium\" name=\"wpforms[fields][6]\" value=\"5\"\t\tmin=\"0\"\n\tmax=\"10\"\n\tstep=\"1\">\n\n<div class=\"wpforms-field-number-slider-hint\"\n\tdata-hint=\"Gew\u00e4hlter Wert: {value}\">\n\tGew\u00e4hlter Wert: <b>5<\/b><\/div>\n<div class=\"wpforms-field-description\">von 0 niemals bis 10 auf jeden fall<\/div><\/div><div id=\"wpforms-2404-field_7-container\" class=\"wpforms-field wpforms-field-number-slider\" data-field-id=\"7\"><label class=\"wpforms-field-label\" for=\"wpforms-2404-field_7\">Hat mich das Buch inspiriert<\/label>\n<input\n\ttype=\"range\"\n\tid=\"wpforms-2404-field_7\" class=\"wpforms-field-medium\" name=\"wpforms[fields][7]\" value=\"5\"\t\tmin=\"0\"\n\tmax=\"10\"\n\tstep=\"1\">\n\n<div class=\"wpforms-field-number-slider-hint\"\n\tdata-hint=\"Gew\u00e4hlter Wert: {value}\">\n\tGew\u00e4hlter Wert: <b>5<\/b><\/div>\n<div class=\"wpforms-field-description\">von 0 nein bis 10 sehr<\/div><\/div><div id=\"wpforms-2404-field_2-container\" class=\"wpforms-field wpforms-field-textarea\" data-field-id=\"2\"><label class=\"wpforms-field-label wpforms-label-hide\" for=\"wpforms-2404-field_2\">Anmerkungen, Was hat dir besonders gefallen?<\/label><textarea id=\"wpforms-2404-field_2\" class=\"wpforms-field-medium\" name=\"wpforms[fields][2]\" placeholder=\"Your Message\" ><\/textarea><\/div><div id=\"wpforms-2404-field_8-container\" class=\"wpforms-field wpforms-field-textarea\" data-field-id=\"8\"><label class=\"wpforms-field-label wpforms-label-hide\" for=\"wpforms-2404-field_8\">Was hat dir gefehlt oder dich gewundert ? <\/label><textarea id=\"wpforms-2404-field_8\" class=\"wpforms-field-medium\" name=\"wpforms[fields][8]\" placeholder=\"Your Message\" ><\/textarea><\/div><div id=\"wpforms-2404-field_9-container\" class=\"wpforms-field wpforms-field-select wpforms-field-select-style-classic\" data-field-id=\"9\"><label class=\"wpforms-field-label\" for=\"wpforms-2404-field_9\">Wie bist du zu dem Buch gekommen<\/label><select id=\"wpforms-2404-field_9\" class=\"wpforms-field-medium\" name=\"wpforms[fields][9]\"><option value=\"Buchladen\"  class=\"choice-1 depth-1\"  >Buchladen<\/option><option value=\"Twitter\"  class=\"choice-2 depth-1\"  >Twitter<\/option><option value=\"Instagram \/ Facebook\"  class=\"choice-3 depth-1\"  >Instagram \/ Facebook<\/option><option value=\"Empfehlung\"  class=\"choice-5 depth-1\"  >Empfehlung<\/option><option value=\"wurde geschenkt\"  class=\"choice-4 depth-1\"  >wurde geschenkt<\/option><\/select><\/div><div id=\"wpforms-2404-field_11-container\" class=\"wpforms-field wpforms-field-email\" data-field-id=\"11\"><label class=\"wpforms-field-label\">E-Mail-Adresse<\/label><div class=\"wpforms-field-row wpforms-field-medium\"><div class=\"wpforms-field-row-block wpforms-one-half wpforms-first\"><input type=\"email\" id=\"wpforms-2404-field_11\" class=\"wpforms-field-email-primary\" name=\"wpforms[fields][11][primary]\" spellcheck=\"false\" ><label for=\"wpforms-2404-field_11\" class=\"wpforms-field-sublabel after\">E-Mail-Adresse<\/label><\/div><div class=\"wpforms-field-row-block wpforms-one-half\"><input type=\"email\" id=\"wpforms-2404-field_11-secondary\" class=\"wpforms-field-email-secondary\" data-rule-confirm=\"#wpforms-2404-field_11\" name=\"wpforms[fields][11][secondary]\" spellcheck=\"false\" ><label for=\"wpforms-2404-field_11-secondary\" class=\"wpforms-field-sublabel after\">E-Mail best\u00e4tigen<\/label><\/div><\/div><div class=\"wpforms-field-description\">Wenn du an der Verlosung teilnehmen willst gebe hier Deine Email an<\/div><\/div><\/div><!-- .wpforms-field-container --><div class=\"wpforms-submit-container\" ><input type=\"hidden\" name=\"wpforms[id]\" value=\"2404\"><input type=\"hidden\" name=\"page_title\" value=\"\"><input type=\"hidden\" name=\"page_url\" value=\"https:\/\/www.nonhoff.info\/zeitreich\/wp-json\/wp\/v2\/pages\/2319\"><input type=\"hidden\" name=\"url_referer\" value=\"\"><button type=\"submit\" name=\"wpforms[submit]\" id=\"wpforms-submit-2404\" class=\"wpforms-submit\" data-alt-text=\"Sending...\" data-submit-text=\"Send message\" aria-live=\"assertive\" value=\"wpforms-submit\">Send message<\/button><\/div><\/form><\/div>  <!-- .wpforms-container -->\n\n\n\n<p>Trage dich f\u00fcr den Newsletter ein mit Geschenken, Neuigkeiten und Informationen zu Bj\u00f6rnout und dem Zeitreich Kreativ Angeboten.<\/p>\n\n\n<div class=\"wpforms-container wpforms-container-full\" id=\"wpforms-2292\"><form id=\"wpforms-form-2292\" class=\"wpforms-validate wpforms-form wpforms-ajax-form\" data-formid=\"2292\" method=\"post\" enctype=\"multipart\/form-data\" action=\"\/zeitreich\/wp-json\/wp\/v2\/pages\/2319\" data-token=\"d76e8396c3f17da276e603f57f992641\" data-token-time=\"1776407034\"><noscript class=\"wpforms-error-noscript\">Bitte aktiviere JavaScript in deinem Browser, um dieses Formular fertigzustellen.<\/noscript><div class=\"wpforms-field-container\"><div id=\"wpforms-2292-field_1-container\" class=\"wpforms-field wpforms-field-name\" data-field-id=\"1\"><label class=\"wpforms-field-label\">Name <span class=\"wpforms-required-label\">*<\/span><\/label><div class=\"wpforms-field-row wpforms-field-medium\"><div class=\"wpforms-field-row-block wpforms-first wpforms-one-half\"><input type=\"text\" id=\"wpforms-2292-field_1\" class=\"wpforms-field-name-first wpforms-field-required\" name=\"wpforms[fields][1][first]\" required><label for=\"wpforms-2292-field_1\" class=\"wpforms-field-sublabel after\">Vorname<\/label><\/div><div class=\"wpforms-field-row-block wpforms-one-half\"><input type=\"text\" id=\"wpforms-2292-field_1-last\" class=\"wpforms-field-name-last wpforms-field-required\" name=\"wpforms[fields][1][last]\" required><label for=\"wpforms-2292-field_1-last\" class=\"wpforms-field-sublabel after\">Nachname<\/label><\/div><\/div><\/div><div id=\"wpforms-2292-field_2-container\" class=\"wpforms-field wpforms-field-email\" data-field-id=\"2\"><label class=\"wpforms-field-label\" for=\"wpforms-2292-field_2\">Email <span class=\"wpforms-required-label\">*<\/span><\/label><input type=\"email\" id=\"wpforms-2292-field_2\" class=\"wpforms-field-medium wpforms-field-required\" name=\"wpforms[fields][2]\" spellcheck=\"false\" required><\/div><div id=\"wpforms-2292-field_7-container\" class=\"wpforms-field wpforms-field-textarea\" data-field-id=\"7\"><label class=\"wpforms-field-label\" for=\"wpforms-2292-field_7\">Was du uns mitteilen m\u00f6chtest<\/label><textarea id=\"wpforms-2292-field_7\" class=\"wpforms-field-medium\" name=\"wpforms[fields][7]\" ><\/textarea><\/div><\/div><!-- .wpforms-field-container --><div class=\"wpforms-submit-container\" ><input type=\"hidden\" name=\"wpforms[id]\" value=\"2292\"><input type=\"hidden\" name=\"page_title\" value=\"\"><input type=\"hidden\" name=\"page_url\" value=\"https:\/\/www.nonhoff.info\/zeitreich\/wp-json\/wp\/v2\/pages\/2319\"><input type=\"hidden\" name=\"url_referer\" value=\"\"><button type=\"submit\" name=\"wpforms[submit]\" id=\"wpforms-submit-2292\" class=\"wpforms-submit\" data-alt-text=\"Sending...\" data-submit-text=\"Submit\" aria-live=\"assertive\" value=\"wpforms-submit\">Submit<\/button><img loading=\"lazy\" decoding=\"async\" src=\"https:\/\/www.nonhoff.info\/zeitreich\/wp-content\/plugins\/wpforms-lite\/assets\/images\/submit-spin.svg\" class=\"wpforms-submit-spinner\" style=\"display: none;\" width=\"26\" height=\"26\" alt=\"Wird geladen\"><\/div><\/form><\/div>  <!-- .wpforms-container -->\n","protected":false},"excerpt":{"rendered":"<p>Hallo, Sch\u00f6n, dass du hierher gefunden hast. Es freut mich zu erfahren, wie dir das Buch gef\u00e4llt und was du dar\u00fcber denkst und beim Lesen<a href=\"https:\/\/www.nonhoff.info\/zeitreich\/bewertung\/\" class=\"more-link\"><span class=\"screen-reader-text\"> &#8220;Dein Feedback zu Bj\u00f6rnOut&#8221;<\/span><\/a><\/p>\n","protected":false},"author":1,"featured_media":2244,"parent":0,"menu_order":0,"comment_status":"closed","ping_status":"closed","template":"","meta":{"footnotes":""},"class_list":["post-2319","page","type-page","status-publish","has-post-thumbnail","hentry"],"_links":{"self":[{"href":"https:\/\/www.nonhoff.info\/zeitreich\/wp-json\/wp\/v2\/pages\/2319","targetHints":{"allow":["GET"]}}],"collection":[{"href":"https:\/\/www.nonhoff.info\/zeitreich\/wp-json\/wp\/v2\/pages"}],"about":[{"href":"https:\/\/www.nonhoff.info\/zeitreich\/wp-json\/wp\/v2\/types\/page"}],"author":[{"embeddable":true,"href":"https:\/\/www.nonhoff.info\/zeitreich\/wp-json\/wp\/v2\/users\/1"}],"replies":[{"embeddable":true,"href":"https:\/\/www.nonhoff.info\/zeitreich\/wp-json\/wp\/v2\/comments?post=2319"}],"version-history":[{"count":8,"href":"https:\/\/www.nonhoff.info\/zeitreich\/wp-json\/wp\/v2\/pages\/2319\/revisions"}],"predecessor-version":[{"id":2488,"href":"https:\/\/www.nonhoff.info\/zeitreich\/wp-json\/wp\/v2\/pages\/2319\/revisions\/2488"}],"wp:featuredmedia":[{"embeddable":true,"href":"https:\/\/www.nonhoff.info\/zeitreich\/wp-json\/wp\/v2\/media\/2244"}],"wp:attachment":[{"href":"https:\/\/www.nonhoff.info\/zeitreich\/wp-json\/wp\/v2\/media?parent=2319"}],"curies":[{"name":"wp","href":"https:\/\/api.w.org\/{rel}","templated":true}]}}