{"id":1446,"date":"2022-01-17T17:38:52","date_gmt":"2022-01-17T16:38:52","guid":{"rendered":"https:\/\/nonhoff.info\/zeitreich\/?page_id=1446"},"modified":"2022-01-19T08:40:27","modified_gmt":"2022-01-19T07:40:27","slug":"kontakt","status":"publish","type":"page","link":"https:\/\/www.nonhoff.info\/zeitreich\/kontakt\/","title":{"rendered":"Kontakt"},"content":{"rendered":"<div class=\"et_pb_row et_pb_row_1\">\n<div class=\"et_pb_column et_pb_column_4_4 et_pb_column_1 et_pb_css_mix_blend_mode_passthrough et-last-child\">\n<div class=\"et_pb_module et_pb_text et_pb_text_2 et_pb_text_align_center et_pb_bg_layout_light\">\n<div class=\"et_pb_text_inner\"><\/div>\n<\/div>\n<\/div>\n<\/div>\n<div class=\"et_pb_row et_pb_row_2 et_pb_gutters1\">\n<div class=\"et_pb_column et_pb_column_1_3 et_pb_column_4 et_pb_css_mix_blend_mode_passthrough et-last-child\">\n<h4 class=\"et_pb_module et_pb_icon et_pb_icon_2\"><a href=\"https:\/\/nonhoff.info\/zeitreich\/wp-content\/uploads\/2022\/01\/markus-winkler-q3QPw37J6Xs-unsplash-scaled.jpg\"><img loading=\"lazy\" decoding=\"async\" class=\" wp-image-1447 alignleft\" src=\"https:\/\/nonhoff.info\/zeitreich\/wp-content\/uploads\/2022\/01\/markus-winkler-q3QPw37J6Xs-unsplash-683x1024.jpg\" alt=\"\" width=\"491\" height=\"737\" srcset=\"https:\/\/www.nonhoff.info\/zeitreich\/wp-content\/uploads\/2022\/01\/markus-winkler-q3QPw37J6Xs-unsplash-683x1024.jpg 683w, https:\/\/www.nonhoff.info\/zeitreich\/wp-content\/uploads\/2022\/01\/markus-winkler-q3QPw37J6Xs-unsplash-600x900.jpg 600w, https:\/\/www.nonhoff.info\/zeitreich\/wp-content\/uploads\/2022\/01\/markus-winkler-q3QPw37J6Xs-unsplash-200x300.jpg 200w, https:\/\/www.nonhoff.info\/zeitreich\/wp-content\/uploads\/2022\/01\/markus-winkler-q3QPw37J6Xs-unsplash-768x1152.jpg 768w, https:\/\/www.nonhoff.info\/zeitreich\/wp-content\/uploads\/2022\/01\/markus-winkler-q3QPw37J6Xs-unsplash-1024x1536.jpg 1024w, https:\/\/www.nonhoff.info\/zeitreich\/wp-content\/uploads\/2022\/01\/markus-winkler-q3QPw37J6Xs-unsplash-1365x2048.jpg 1365w, https:\/\/www.nonhoff.info\/zeitreich\/wp-content\/uploads\/2022\/01\/markus-winkler-q3QPw37J6Xs-unsplash-scaled.jpg 1707w\" sizes=\"auto, (max-width: 491px) 100vw, 491px\" \/><\/a><\/h4>\n<h4>E-Mail<br \/>\ninfo@zeitreich.de<\/h4>\n<h4>Telefon<br \/>\n0163 69 123 41<\/h4>\n<h4>8 Minuten &#8211; keine Kosten<\/h4>\n<div class=\"et_pb_module et_pb_icon et_pb_icon_2\">Wir tauschen uns \u00fcber Ihre Anforderungen, Vorstellungen und Veranstaltung aus. Wie m\u00f6chten Sie mit Ihren G\u00e4sten dieses Geschichtenerz\u00e4hler-Event erleben? An dieser Stelle beantworte ich auch gerne offene Fragen und Sie erfahren direkt, wie wir mit Geschichten Ihre Veranstaltung zum ganz besonderen Event werden lassen.<\/div>\n<div><\/div>\n<\/div>\n<\/div>\n<h4><\/h4>\n<h4>Terminreservierung<\/h4>\n<div>Zu diesem Zeitpunkt gibt es eine unverbindliche Terminreservierung, die f\u00fcr Sie 14 Tage g\u00fcltig ist. In dieser Zeit k\u00f6nnen Sie sich entscheiden, ob Sie den Auftritt buchen.<\/div>\n<div><\/div>\n<h4><\/h4>\n<h4>Vorbereitung<\/h4>\n<p>Je nach Anforderungen vereinbaren wir gerne noch spezielle Termine f\u00fcr die Vorbereitung und wann ich dann am Veranstaltungsort eintreffe.<\/p>\n<h4>Fragen<\/h4>\n<p>Nat\u00fcrlich bekommen Sie auch Antworten auf Ihre Fragen oder Unterst\u00fctzung bei der Bestellung, welche Sie auch gerne telefonisch, am liebsten jedoch \u00fcber den Shop oder per E-Mail aufgeben k\u00f6nnen.<\/p>\n","protected":false},"excerpt":{"rendered":"<p>E-Mail info@zeitreich.de Telefon 0163 69 123 41 8 Minuten &#8211; keine Kosten Wir tauschen uns \u00fcber Ihre Anforderungen, Vorstellungen und Veranstaltung aus. Wie m\u00f6chten Sie<a href=\"https:\/\/www.nonhoff.info\/zeitreich\/kontakt\/\" class=\"more-link\"><span class=\"screen-reader-text\"> &#8220;Kontakt&#8221;<\/span><\/a><\/p>\n","protected":false},"author":1,"featured_media":0,"parent":0,"menu_order":0,"comment_status":"closed","ping_status":"closed","template":"","meta":{"footnotes":""},"class_list":["post-1446","page","type-page","status-publish","hentry"],"_links":{"self":[{"href":"https:\/\/www.nonhoff.info\/zeitreich\/wp-json\/wp\/v2\/pages\/1446","targetHints":{"allow":["GET"]}}],"collection":[{"href":"https:\/\/www.nonhoff.info\/zeitreich\/wp-json\/wp\/v2\/pages"}],"about":[{"href":"https:\/\/www.nonhoff.info\/zeitreich\/wp-json\/wp\/v2\/types\/page"}],"author":[{"embeddable":true,"href":"https:\/\/www.nonhoff.info\/zeitreich\/wp-json\/wp\/v2\/users\/1"}],"replies":[{"embeddable":true,"href":"https:\/\/www.nonhoff.info\/zeitreich\/wp-json\/wp\/v2\/comments?post=1446"}],"version-history":[{"count":12,"href":"https:\/\/www.nonhoff.info\/zeitreich\/wp-json\/wp\/v2\/pages\/1446\/revisions"}],"predecessor-version":[{"id":1464,"href":"https:\/\/www.nonhoff.info\/zeitreich\/wp-json\/wp\/v2\/pages\/1446\/revisions\/1464"}],"wp:attachment":[{"href":"https:\/\/www.nonhoff.info\/zeitreich\/wp-json\/wp\/v2\/media?parent=1446"}],"curies":[{"name":"wp","href":"https:\/\/api.w.org\/{rel}","templated":true}]}}